{"id":596295,"date":"2022-09-13T17:41:52","date_gmt":"2022-09-13T17:41:52","guid":{"rendered":"https:\/\/aukinkochile.com\/web\/producto\/colchoneta-gris-plegable\/"},"modified":"2025-06-26T16:14:04","modified_gmt":"2025-06-26T16:14:04","slug":"colchoneta-gris-plegable","status":"publish","type":"product","link":"https:\/\/aukinkochile.com\/web\/producto\/colchoneta-gris-plegable\/","title":{"rendered":"Colchoneta Plegable Gris"},"content":{"rendered":"<p>Esta es una hermosa alfombra que se adapta a tus necesidades. Desde los primeros momentos del despertar, la colchoneta bienestar acompa\u00f1a y protege al beb\u00e9 cuando est\u00e1 en el suelo.\u00a0Cuando el ni\u00f1o crece, constituye una superficie de juego sencilla y r\u00e1pida de instalar, se convierte en imprescindible para las sesiones deportivas y el colch\u00f3n extra para las siestas cortas. Espuma de polietileno densidad 30 kg\/m\u00b3 recubierta de tejido recubierto. Lavable con agua. (Stock limitado, preguntar por si necesita mas de una unidad)<\/p>\n<p><p><strong>Material : <\/strong> Espuma alta densidad cubierta Vinyl<\/p>\n<p><strong>C\u00f3digo Aukinko : <\/strong> 08-7157298<\/p>\n<p><strong>C\u00f3digo Convenio Marco : <\/strong> x<\/p>\n","protected":false},"excerpt":{"rendered":"<p>Esta es una hermosa alfombra que se adapta a tus necesidades. Desde los primeros momentos del despertar, la colchoneta bienestar acompa\u00f1a y protege al beb\u00e9 cuando est\u00e1 en el suelo.\u00a0Cuando el ni\u00f1o crece, constituye una superficie de juego sencilla y r\u00e1pida de instalar, se convierte en imprescindible para las sesiones deportivas y el colch\u00f3n extra [&hellip;]<\/p>\n","protected":false},"featured_media":625788,"comment_status":"open","ping_status":"closed","template":"","meta":{"_et_pb_use_builder":"","_et_pb_old_content":"","_et_gb_content_width":""},"product_brand":[],"product_cat":[148,7385,18],"product_tag":[],"class_list":{"0":"post-596295","1":"product","2":"type-product","3":"status-publish","4":"has-post-thumbnail","6":"product_cat-deportes","7":"product_cat-estimulacion-cognitiva-y-motora-para-adultos-mayores","8":"product_cat-motricidad-gruesa","9":"pa_edad-1-a-2-anos","10":"pa_edad-10-anos","11":"pa_edad-2-a-3-anos","12":"pa_edad-3-a-4-anos","13":"pa_edad-4-a-5-anos","14":"pa_edad-5-a-6-anos","15":"pa_edad-6-a-8-anos","16":"pa_edad-8-a-10-anos","17":"pa_marca-wesco","18":"pa_medidas-145-x-60-x-1","19":"pa_medidas-5-cm","21":"first","22":"instock","23":"shipping-taxable","24":"purchasable","25":"product-type-simple"},"aioseo_notices":[],"_links":{"self":[{"href":"https:\/\/aukinkochile.com\/web\/wp-json\/wp\/v2\/product\/596295","targetHints":{"allow":["GET"]}}],"collection":[{"href":"https:\/\/aukinkochile.com\/web\/wp-json\/wp\/v2\/product"}],"about":[{"href":"https:\/\/aukinkochile.com\/web\/wp-json\/wp\/v2\/types\/product"}],"replies":[{"embeddable":true,"href":"https:\/\/aukinkochile.com\/web\/wp-json\/wp\/v2\/comments?post=596295"}],"wp:featuredmedia":[{"embeddable":true,"href":"https:\/\/aukinkochile.com\/web\/wp-json\/wp\/v2\/media\/625788"}],"wp:attachment":[{"href":"https:\/\/aukinkochile.com\/web\/wp-json\/wp\/v2\/media?parent=596295"}],"wp:term":[{"taxonomy":"product_brand","embeddable":true,"href":"https:\/\/aukinkochile.com\/web\/wp-json\/wp\/v2\/product_brand?post=596295"},{"taxonomy":"product_cat","embeddable":true,"href":"https:\/\/aukinkochile.com\/web\/wp-json\/wp\/v2\/product_cat?post=596295"},{"taxonomy":"product_tag","embeddable":true,"href":"https:\/\/aukinkochile.com\/web\/wp-json\/wp\/v2\/product_tag?post=596295"}],"curies":[{"name":"wp","href":"https:\/\/api.w.org\/{rel}","templated":true}]}}