{"id":596277,"date":"2022-09-13T17:41:45","date_gmt":"2022-09-13T17:41:45","guid":{"rendered":"https:\/\/aukinkochile.com\/web\/producto\/cojin-estrella-de-mar-con-luz\/"},"modified":"2024-04-29T20:50:09","modified_gmt":"2024-04-29T20:50:09","slug":"cojin-estrella-de-mar-con-luz","status":"publish","type":"product","link":"https:\/\/aukinkochile.com\/web\/producto\/cojin-estrella-de-mar-con-luz\/","title":{"rendered":"Coj\u00edn Estrella de Mar con Luz"},"content":{"rendered":"<p>Sum\u00e9rgete en un animado entorno submarino que mezcla olas y peces con 2 opciones de m\u00fasica (volumen ajustable).\u00a02 programas exclusivos \u00abni\u00f1o tranquilo\u00bb (20 minutos) y \u00abni\u00f1o inquieto\u00bb (40 minutos) para adaptarse al estado de \u00e1nimo.\u00a0Cada programa respeta 3 etapas: captar la atenci\u00f3n, calmar y acompa\u00f1ar hacia el sue\u00f1o. Esta luz nocturna produce sonidos blancos para ayudar al beb\u00e9 a conciliar el sue\u00f1o. Inteligente: la opci\u00f3n de \u00abreactivaci\u00f3n del llanto\u00bb reactiva el proyector durante unos minutos si el ni\u00f1o llora, con proyecciones de luz suave y sonidos card\u00edacos relajantes. Funciona con 3 pilas AA (no incluidas). (Stock limitado, preguntar por si necesita mas de una unidad)<\/p>\n<p><p><strong>Material : <\/strong> Genero y Plastico<\/p>\n<p><strong>C\u00f3digo Aukinko : <\/strong> 08-7154463<\/p>\n<p><strong>C\u00f3digo Convenio Marco : <\/strong> x<\/p>\n","protected":false},"excerpt":{"rendered":"<p>Sum\u00e9rgete en un animado entorno submarino que mezcla olas y peces con 2 opciones de m\u00fasica (volumen ajustable).\u00a02 programas exclusivos \u00abni\u00f1o tranquilo\u00bb (20 minutos) y \u00abni\u00f1o inquieto\u00bb (40 minutos) para adaptarse al estado de \u00e1nimo.\u00a0Cada programa respeta 3 etapas: captar la atenci\u00f3n, calmar y acompa\u00f1ar hacia el sue\u00f1o. Esta luz nocturna produce sonidos blancos para [&hellip;]<\/p>\n","protected":false},"featured_media":625772,"comment_status":"open","ping_status":"closed","template":"","meta":{"_et_pb_use_builder":"","_et_pb_old_content":"","_et_gb_content_width":""},"product_brand":[],"product_cat":[91,23],"product_tag":[],"class_list":{"0":"post-596277","1":"product","2":"type-product","3":"status-publish","4":"has-post-thumbnail","6":"product_cat-accesorios-sala","7":"product_cat-primeros-anos","8":"pa_edad-0-a-1-ano","9":"pa_edad-1-a-2-anos","10":"pa_edad-2-a-3-anos","11":"pa_edad-3-a-4-anos","12":"pa_edad-4-a-5-anos","13":"pa_marca-wesco","14":"pa_medidas-27-x-27-cm","16":"first","17":"instock","18":"shipping-taxable","19":"purchasable","20":"product-type-simple"},"aioseo_notices":[],"_links":{"self":[{"href":"https:\/\/aukinkochile.com\/web\/wp-json\/wp\/v2\/product\/596277","targetHints":{"allow":["GET"]}}],"collection":[{"href":"https:\/\/aukinkochile.com\/web\/wp-json\/wp\/v2\/product"}],"about":[{"href":"https:\/\/aukinkochile.com\/web\/wp-json\/wp\/v2\/types\/product"}],"replies":[{"embeddable":true,"href":"https:\/\/aukinkochile.com\/web\/wp-json\/wp\/v2\/comments?post=596277"}],"wp:featuredmedia":[{"embeddable":true,"href":"https:\/\/aukinkochile.com\/web\/wp-json\/wp\/v2\/media\/625772"}],"wp:attachment":[{"href":"https:\/\/aukinkochile.com\/web\/wp-json\/wp\/v2\/media?parent=596277"}],"wp:term":[{"taxonomy":"product_brand","embeddable":true,"href":"https:\/\/aukinkochile.com\/web\/wp-json\/wp\/v2\/product_brand?post=596277"},{"taxonomy":"product_cat","embeddable":true,"href":"https:\/\/aukinkochile.com\/web\/wp-json\/wp\/v2\/product_cat?post=596277"},{"taxonomy":"product_tag","embeddable":true,"href":"https:\/\/aukinkochile.com\/web\/wp-json\/wp\/v2\/product_tag?post=596277"}],"curies":[{"name":"wp","href":"https:\/\/api.w.org\/{rel}","templated":true}]}}