{"id":596273,"date":"2022-09-13T17:41:42","date_gmt":"2022-09-13T17:41:42","guid":{"rendered":"https:\/\/aukinkochile.com\/web\/producto\/balancin-de-habilidades-con-succion\/"},"modified":"2024-04-29T20:50:08","modified_gmt":"2024-04-29T20:50:08","slug":"balancin-de-habilidades-con-succion","status":"publish","type":"product","link":"https:\/\/aukinkochile.com\/web\/producto\/balancin-de-habilidades-con-succion\/","title":{"rendered":"Balance Habilidades con Succi\u00f3n"},"content":{"rendered":"<p>Con este divertido juego los ni\u00f1os tendr\u00e1n que encontrar el equilibrio en este original tablero.\u00a0De pie, sentado o tumbado, se divertir\u00e1n utiliz\u00e1ndolo y escuchando el sonido de las ventosas al soltarse. Las ventosas evitan el deslizamiento. (Stock limitado, preguntar por si necesita mas de una unidad)<\/p>\n<p><p><strong>Material : <\/strong> Plastico<\/p>\n<p><strong>C\u00f3digo Aukinko : <\/strong> 08-7153744<\/p>\n<p><strong>C\u00f3digo Convenio Marco : <\/strong> x<\/p>\n","protected":false},"excerpt":{"rendered":"<p>Con este divertido juego los ni\u00f1os tendr\u00e1n que encontrar el equilibrio en este original tablero.\u00a0De pie, sentado o tumbado, se divertir\u00e1n utiliz\u00e1ndolo y escuchando el sonido de las ventosas al soltarse. Las ventosas evitan el deslizamiento. (Stock limitado, preguntar por si necesita mas de una unidad) Material : Plastico C\u00f3digo Aukinko : 08-7153744 C\u00f3digo Convenio [&hellip;]<\/p>\n","protected":false},"featured_media":625753,"comment_status":"open","ping_status":"closed","template":"","meta":{"_et_pb_use_builder":"","_et_pb_old_content":"","_et_gb_content_width":""},"product_brand":[],"product_cat":[91,18],"product_tag":[],"class_list":{"0":"post-596273","1":"product","2":"type-product","3":"status-publish","4":"has-post-thumbnail","6":"product_cat-accesorios-sala","7":"product_cat-motricidad-gruesa","8":"pa_edad-3-a-4-anos","9":"pa_edad-4-a-5-anos","10":"pa_edad-5-a-6-anos","11":"pa_edad-6-a-8-anos","12":"pa_edad-8-a-10-anos","13":"pa_marca-wesco","14":"pa_medidas-71-x-29-x-18-cm","16":"first","17":"instock","18":"shipping-taxable","19":"purchasable","20":"product-type-simple"},"aioseo_notices":[],"_links":{"self":[{"href":"https:\/\/aukinkochile.com\/web\/wp-json\/wp\/v2\/product\/596273","targetHints":{"allow":["GET"]}}],"collection":[{"href":"https:\/\/aukinkochile.com\/web\/wp-json\/wp\/v2\/product"}],"about":[{"href":"https:\/\/aukinkochile.com\/web\/wp-json\/wp\/v2\/types\/product"}],"replies":[{"embeddable":true,"href":"https:\/\/aukinkochile.com\/web\/wp-json\/wp\/v2\/comments?post=596273"}],"wp:featuredmedia":[{"embeddable":true,"href":"https:\/\/aukinkochile.com\/web\/wp-json\/wp\/v2\/media\/625753"}],"wp:attachment":[{"href":"https:\/\/aukinkochile.com\/web\/wp-json\/wp\/v2\/media?parent=596273"}],"wp:term":[{"taxonomy":"product_brand","embeddable":true,"href":"https:\/\/aukinkochile.com\/web\/wp-json\/wp\/v2\/product_brand?post=596273"},{"taxonomy":"product_cat","embeddable":true,"href":"https:\/\/aukinkochile.com\/web\/wp-json\/wp\/v2\/product_cat?post=596273"},{"taxonomy":"product_tag","embeddable":true,"href":"https:\/\/aukinkochile.com\/web\/wp-json\/wp\/v2\/product_tag?post=596273"}],"curies":[{"name":"wp","href":"https:\/\/api.w.org\/{rel}","templated":true}]}}