{"id":596269,"date":"2022-09-13T17:41:40","date_gmt":"2022-09-13T17:41:40","guid":{"rendered":"https:\/\/aukinkochile.com\/web\/producto\/discos-numeros-set-10\/"},"modified":"2024-04-29T20:50:06","modified_gmt":"2024-04-29T20:50:06","slug":"discos-numeros-set-10","status":"publish","type":"product","link":"https:\/\/aukinkochile.com\/web\/producto\/discos-numeros-set-10\/","title":{"rendered":"Discos Suelo N\u00fameros set 10"},"content":{"rendered":"<p>Estos divertidos discos num\u00e9ricos permiten variadas actividades y fomentar discusiones en grupo. Para mayor comodidad y resistencia su interior es de alta densidad de 24 kg por metro c\u00fabico. De f\u00e1cil limpieza. Incluye 10 discos con n\u00fameros del 0 al 9, de 35 cm de di\u00e1metro y 1 cm de espesor. (Stock limitado, preguntar por si necesita mas de una unidad)<\/p>\n<p><p><strong>Material : <\/strong> Espuma<\/p>\n<p><strong>C\u00f3digo Aukinko : <\/strong> 08-7151927<\/p>\n<p><strong>C\u00f3digo Convenio Marco : <\/strong> x<\/p>\n","protected":false},"excerpt":{"rendered":"<p>Estos divertidos discos num\u00e9ricos permiten variadas actividades y fomentar discusiones en grupo. Para mayor comodidad y resistencia su interior es de alta densidad de 24 kg por metro c\u00fabico. De f\u00e1cil limpieza. Incluye 10 discos con n\u00fameros del 0 al 9, de 35 cm de di\u00e1metro y 1 cm de espesor. (Stock limitado, preguntar por [&hellip;]<\/p>\n","protected":false},"featured_media":596268,"comment_status":"open","ping_status":"closed","template":"","meta":{"_et_pb_use_builder":"","_et_pb_old_content":"","_et_gb_content_width":""},"product_brand":[],"product_cat":[91,18],"product_tag":[],"class_list":{"0":"post-596269","1":"product","2":"type-product","3":"status-publish","4":"has-post-thumbnail","6":"product_cat-accesorios-sala","7":"product_cat-motricidad-gruesa","8":"pa_edad-2-a-3-anos","9":"pa_edad-3-a-4-anos","10":"pa_edad-4-a-5-anos","11":"pa_edad-5-a-6-anos","12":"pa_edad-6-a-8-anos","13":"pa_marca-wesco","14":"pa_medidas-1-cm-espesor","15":"pa_medidas-35-cm-diametro","17":"first","18":"instock","19":"shipping-taxable","20":"purchasable","21":"product-type-simple"},"aioseo_notices":[],"_links":{"self":[{"href":"https:\/\/aukinkochile.com\/web\/wp-json\/wp\/v2\/product\/596269","targetHints":{"allow":["GET"]}}],"collection":[{"href":"https:\/\/aukinkochile.com\/web\/wp-json\/wp\/v2\/product"}],"about":[{"href":"https:\/\/aukinkochile.com\/web\/wp-json\/wp\/v2\/types\/product"}],"replies":[{"embeddable":true,"href":"https:\/\/aukinkochile.com\/web\/wp-json\/wp\/v2\/comments?post=596269"}],"wp:featuredmedia":[{"embeddable":true,"href":"https:\/\/aukinkochile.com\/web\/wp-json\/wp\/v2\/media\/596268"}],"wp:attachment":[{"href":"https:\/\/aukinkochile.com\/web\/wp-json\/wp\/v2\/media?parent=596269"}],"wp:term":[{"taxonomy":"product_brand","embeddable":true,"href":"https:\/\/aukinkochile.com\/web\/wp-json\/wp\/v2\/product_brand?post=596269"},{"taxonomy":"product_cat","embeddable":true,"href":"https:\/\/aukinkochile.com\/web\/wp-json\/wp\/v2\/product_cat?post=596269"},{"taxonomy":"product_tag","embeddable":true,"href":"https:\/\/aukinkochile.com\/web\/wp-json\/wp\/v2\/product_tag?post=596269"}],"curies":[{"name":"wp","href":"https:\/\/api.w.org\/{rel}","templated":true}]}}