{"id":595524,"date":"2022-09-01T22:46:17","date_gmt":"2022-09-01T22:46:17","guid":{"rendered":"https:\/\/aukinkochile.com\/web\/producto\/circuito-bolitas-migoga-race-80-pz\/"},"modified":"2025-04-14T17:38:39","modified_gmt":"2025-04-14T17:38:39","slug":"circuito-bolitas-migoga-race-80-pz","status":"publish","type":"product","link":"https:\/\/aukinkochile.com\/web\/producto\/circuito-bolitas-migoga-race-80-pz\/","title":{"rendered":"Circuito Bolitas Migoga Race 80 pz"},"content":{"rendered":"<p>Un desaf\u00edo hasta la \u00faltima canica con la carrera de canicas migoga race.\u00a0El \u00ablanzador de canicas\u00bb especial te permite lanzar hasta 8 bolas al mismo tiempo.\u00a0Pero no te dejes enga\u00f1ar por la posici\u00f3n de salida: cualquiera puede ganar, sea cual sea su posici\u00f3n en la parrilla de salida. Las 8 canicas, todas de diferentes colores, pueden tomar diferentes rutas.\u00a0Pueden quedar atrapados en bifurcaciones en la carretera, m\u00faltiples rieles, obst\u00e1culos o trampas.\u00a0Es f\u00e1cil saber qui\u00e9n es el ganador con la nueva parrilla de llegada numerada.<\/p>\n<p><p><strong>Material : <\/strong> Pl\u00e1stico<\/p>\n<p><strong>C\u00f3digo Aukinko : <\/strong> 07-56560<\/p>\n<p><strong>C\u00f3digo Convenio Marco : <\/strong> <\/p>\n","protected":false},"excerpt":{"rendered":"<p>Un desaf\u00edo hasta la \u00faltima canica con la carrera de canicas migoga race.\u00a0El \u00ablanzador de canicas\u00bb especial te permite lanzar hasta 8 bolas al mismo tiempo.\u00a0Pero no te dejes enga\u00f1ar por la posici\u00f3n de salida: cualquiera puede ganar, sea cual sea su posici\u00f3n en la parrilla de salida. Las 8 canicas, todas de diferentes colores, [&hellip;]<\/p>\n","protected":false},"featured_media":626518,"comment_status":"open","ping_status":"closed","template":"","meta":{"_et_pb_use_builder":"","_et_pb_old_content":"","_et_gb_content_width":""},"product_brand":[],"product_cat":[19,20],"product_tag":[],"class_list":{"0":"post-595524","1":"product","2":"type-product","3":"status-publish","4":"has-post-thumbnail","6":"product_cat-construccion","7":"product_cat-motricidad-fina","8":"pa_edad-10-anos","9":"pa_edad-6-a-8-anos","10":"pa_edad-8-a-10-anos","11":"pa_marca-quercetti","12":"pa_medidas-5-x-11-cm","13":"pa_medidas-52-x-40","15":"first","16":"instock","17":"shipping-taxable","18":"purchasable","19":"product-type-simple"},"aioseo_notices":[],"_links":{"self":[{"href":"https:\/\/aukinkochile.com\/web\/wp-json\/wp\/v2\/product\/595524","targetHints":{"allow":["GET"]}}],"collection":[{"href":"https:\/\/aukinkochile.com\/web\/wp-json\/wp\/v2\/product"}],"about":[{"href":"https:\/\/aukinkochile.com\/web\/wp-json\/wp\/v2\/types\/product"}],"replies":[{"embeddable":true,"href":"https:\/\/aukinkochile.com\/web\/wp-json\/wp\/v2\/comments?post=595524"}],"wp:featuredmedia":[{"embeddable":true,"href":"https:\/\/aukinkochile.com\/web\/wp-json\/wp\/v2\/media\/626518"}],"wp:attachment":[{"href":"https:\/\/aukinkochile.com\/web\/wp-json\/wp\/v2\/media?parent=595524"}],"wp:term":[{"taxonomy":"product_brand","embeddable":true,"href":"https:\/\/aukinkochile.com\/web\/wp-json\/wp\/v2\/product_brand?post=595524"},{"taxonomy":"product_cat","embeddable":true,"href":"https:\/\/aukinkochile.com\/web\/wp-json\/wp\/v2\/product_cat?post=595524"},{"taxonomy":"product_tag","embeddable":true,"href":"https:\/\/aukinkochile.com\/web\/wp-json\/wp\/v2\/product_tag?post=595524"}],"curies":[{"name":"wp","href":"https:\/\/api.w.org\/{rel}","templated":true}]}}