{"id":595505,"date":"2022-09-01T21:58:27","date_gmt":"2022-09-01T21:58:27","guid":{"rendered":"https:\/\/aukinkochile.com\/web\/producto\/matematicas-tabla-de-multiplicar-bolsillo\/"},"modified":"2024-12-05T16:16:11","modified_gmt":"2024-12-05T16:16:11","slug":"matematicas-tabla-de-multiplicar-bolsillo","status":"publish","type":"product","link":"https:\/\/aukinkochile.com\/web\/producto\/matematicas-tabla-de-multiplicar-bolsillo\/","title":{"rendered":"Matem\u00e1ticas Tabla Multiplicar Bolsillo"},"content":{"rendered":"<p>Tablero con 100 bolsillos transparentes perfecto para ense\u00f1ar n\u00fameros, probabilidades y diferentes operaciones matem\u00e1ticas. Con 100 n\u00fameros de 5 x 5 cm. Medida tablero 70 x 67 cm con ojetillos para colgar.<\/p>\n<p><p><strong>Material : <\/strong> Pl\u00e1stico<\/p>\n<p><strong>C\u00f3digo Aukinko : <\/strong> 14-924010<\/p>\n<p><strong>C\u00f3digo Convenio Marco : <\/strong> x<\/p>\n","protected":false},"excerpt":{"rendered":"<p>Tablero con 100 bolsillos transparentes perfecto para ense\u00f1ar n\u00fameros, probabilidades y diferentes operaciones matem\u00e1ticas. Con 100 n\u00fameros de 5 x 5 cm. Medida tablero 70 x 67 cm con ojetillos para colgar. Material : Pl\u00e1stico C\u00f3digo Aukinko : 14-924010 C\u00f3digo Convenio Marco : x<\/p>\n","protected":false},"featured_media":627884,"comment_status":"open","ping_status":"closed","template":"","meta":{"_et_pb_use_builder":"","_et_pb_old_content":"","_et_gb_content_width":""},"product_brand":[],"product_cat":[91,90],"product_tag":[],"class_list":{"0":"post-595505","1":"product","2":"type-product","3":"status-publish","4":"has-post-thumbnail","6":"product_cat-accesorios-sala","7":"product_cat-matematicas","8":"pa_edad-5-a-6-anos","9":"pa_edad-6-a-8-anos","10":"pa_edad-8-a-10-anos","11":"pa_marca-edx","12":"pa_medidas-numeros-5-x-5-cm","13":"pa_medidas-tablero-70-x-67-cm","15":"first","16":"instock","17":"shipping-taxable","18":"purchasable","19":"product-type-simple"},"aioseo_notices":[],"_links":{"self":[{"href":"https:\/\/aukinkochile.com\/web\/wp-json\/wp\/v2\/product\/595505","targetHints":{"allow":["GET"]}}],"collection":[{"href":"https:\/\/aukinkochile.com\/web\/wp-json\/wp\/v2\/product"}],"about":[{"href":"https:\/\/aukinkochile.com\/web\/wp-json\/wp\/v2\/types\/product"}],"replies":[{"embeddable":true,"href":"https:\/\/aukinkochile.com\/web\/wp-json\/wp\/v2\/comments?post=595505"}],"wp:featuredmedia":[{"embeddable":true,"href":"https:\/\/aukinkochile.com\/web\/wp-json\/wp\/v2\/media\/627884"}],"wp:attachment":[{"href":"https:\/\/aukinkochile.com\/web\/wp-json\/wp\/v2\/media?parent=595505"}],"wp:term":[{"taxonomy":"product_brand","embeddable":true,"href":"https:\/\/aukinkochile.com\/web\/wp-json\/wp\/v2\/product_brand?post=595505"},{"taxonomy":"product_cat","embeddable":true,"href":"https:\/\/aukinkochile.com\/web\/wp-json\/wp\/v2\/product_cat?post=595505"},{"taxonomy":"product_tag","embeddable":true,"href":"https:\/\/aukinkochile.com\/web\/wp-json\/wp\/v2\/product_tag?post=595505"}],"curies":[{"name":"wp","href":"https:\/\/api.w.org\/{rel}","templated":true}]}}