{"id":595502,"date":"2022-09-01T21:58:26","date_gmt":"2022-09-01T21:58:26","guid":{"rendered":"https:\/\/aukinkochile.com\/web\/producto\/circuito-bolitas-skyrail\/"},"modified":"2025-04-14T17:38:50","modified_gmt":"2025-04-14T17:38:50","slug":"circuito-bolitas-skyrail","status":"publish","type":"product","link":"https:\/\/aukinkochile.com\/web\/producto\/circuito-bolitas-skyrail\/","title":{"rendered":"Circuito Bolitas Skyrail 360 pz"},"content":{"rendered":"<p>Circuito de 360 pz donde puedes construir fant\u00e1sticas pistas suspendidas de hasta 12 metros de espectacular desarrollo a\u00e9reo. Todos los elementos est\u00e1n cuidadosamente dise\u00f1ados para que puedas usar las 10 bolitas. Entretenido juego que permite realizar observaciones, experimentos y descubrimientos interesantes en el mundo de la f\u00edsica. <\/p>\n<p><p><strong>Material : <\/strong> Pl\u00e1stico<\/p>\n<p><strong>C\u00f3digo Aukinko : <\/strong> 07-56661<\/p>\n<p><strong>C\u00f3digo Convenio Marco : <\/strong> <\/p>\n","protected":false},"excerpt":{"rendered":"<p>Circuito de 360 pz donde puedes construir fant\u00e1sticas pistas suspendidas de hasta 12 metros de espectacular desarrollo a\u00e9reo. Todos los elementos est\u00e1n cuidadosamente dise\u00f1ados para que puedas usar las 10 bolitas. Entretenido juego que permite realizar observaciones, experimentos y descubrimientos interesantes en el mundo de la f\u00edsica. Material : Pl\u00e1stico C\u00f3digo Aukinko : 07-56661 C\u00f3digo [&hellip;]<\/p>\n","protected":false},"featured_media":626524,"comment_status":"open","ping_status":"closed","template":"","meta":{"_et_pb_use_builder":"","_et_pb_old_content":"","_et_gb_content_width":""},"product_brand":[],"product_cat":[19,20],"product_tag":[],"class_list":{"0":"post-595502","1":"product","2":"type-product","3":"status-publish","4":"has-post-thumbnail","6":"product_cat-construccion","7":"product_cat-motricidad-fina","8":"pa_edad-10-anos","9":"pa_edad-6-a-8-anos","10":"pa_edad-8-a-10-anos","11":"pa_marca-quercetti","12":"pa_medidas-45-x-38-x-9-cm-caja","14":"first","15":"instock","16":"shipping-taxable","17":"purchasable","18":"product-type-simple"},"aioseo_notices":[],"_links":{"self":[{"href":"https:\/\/aukinkochile.com\/web\/wp-json\/wp\/v2\/product\/595502","targetHints":{"allow":["GET"]}}],"collection":[{"href":"https:\/\/aukinkochile.com\/web\/wp-json\/wp\/v2\/product"}],"about":[{"href":"https:\/\/aukinkochile.com\/web\/wp-json\/wp\/v2\/types\/product"}],"replies":[{"embeddable":true,"href":"https:\/\/aukinkochile.com\/web\/wp-json\/wp\/v2\/comments?post=595502"}],"wp:featuredmedia":[{"embeddable":true,"href":"https:\/\/aukinkochile.com\/web\/wp-json\/wp\/v2\/media\/626524"}],"wp:attachment":[{"href":"https:\/\/aukinkochile.com\/web\/wp-json\/wp\/v2\/media?parent=595502"}],"wp:term":[{"taxonomy":"product_brand","embeddable":true,"href":"https:\/\/aukinkochile.com\/web\/wp-json\/wp\/v2\/product_brand?post=595502"},{"taxonomy":"product_cat","embeddable":true,"href":"https:\/\/aukinkochile.com\/web\/wp-json\/wp\/v2\/product_cat?post=595502"},{"taxonomy":"product_tag","embeddable":true,"href":"https:\/\/aukinkochile.com\/web\/wp-json\/wp\/v2\/product_tag?post=595502"}],"curies":[{"name":"wp","href":"https:\/\/api.w.org\/{rel}","templated":true}]}}