{"id":595500,"date":"2022-09-01T21:58:25","date_gmt":"2022-09-01T21:58:25","guid":{"rendered":"https:\/\/aukinkochile.com\/web\/producto\/circuito-bolitas-skyrail-evolution-174-pz\/"},"modified":"2025-04-14T17:38:46","modified_gmt":"2025-04-14T17:38:46","slug":"circuito-bolitas-skyrail-evolution-174-pz","status":"publish","type":"product","link":"https:\/\/aukinkochile.com\/web\/producto\/circuito-bolitas-skyrail-evolution-174-pz\/","title":{"rendered":"Circuito Bolitas Skyrail Evolution 174 pz"},"content":{"rendered":"<p>6 metros de pista para lanzar canicas a m\u00e1xima velocidad gracias a un especial \u00abcohete lanzador de canicas\u00bb.\u00a0La pista suspendida se puede construir de muchas formas diferentes. Incluye 14 v\u00edas rectas, 8 v\u00edas curvas, 4 semi bucle, 1 cohete lanzador de canicas, 1 martillo at\u00f3mico rotatorio, 25 juntas de v\u00eda, 27 columnas, 5 palos, 26 juntas de columna, 40 soportes de v\u00eda, 6 bases, 6 sub-base y 10 canicas en 5 colores.<\/p>\n<p><p><strong>Material : <\/strong> Pl\u00e1stico<\/p>\n<p><strong>C\u00f3digo Aukinko : <\/strong> 07-56600<\/p>\n<p><strong>C\u00f3digo Convenio Marco : <\/strong> <\/p>\n","protected":false},"excerpt":{"rendered":"<p>6 metros de pista para lanzar canicas a m\u00e1xima velocidad gracias a un especial \u00abcohete lanzador de canicas\u00bb.\u00a0La pista suspendida se puede construir de muchas formas diferentes. Incluye 14 v\u00edas rectas, 8 v\u00edas curvas, 4 semi bucle, 1 cohete lanzador de canicas, 1 martillo at\u00f3mico rotatorio, 25 juntas de v\u00eda, 27 columnas, 5 palos, 26 [&hellip;]<\/p>\n","protected":false},"featured_media":626522,"comment_status":"open","ping_status":"closed","template":"","meta":{"_et_pb_use_builder":"","_et_pb_old_content":"","_et_gb_content_width":""},"product_brand":[],"product_cat":[19,20],"product_tag":[],"class_list":{"0":"post-595500","1":"product","2":"type-product","3":"status-publish","4":"has-post-thumbnail","6":"product_cat-construccion","7":"product_cat-motricidad-fina","8":"pa_edad-10-anos","9":"pa_edad-6-a-8-anos","10":"pa_edad-8-a-10-anos","11":"pa_marca-quercetti","12":"pa_medidas-5-x-11-cm","13":"pa_medidas-52-x-40","15":"first","16":"instock","17":"shipping-taxable","18":"purchasable","19":"product-type-simple"},"aioseo_notices":[],"_links":{"self":[{"href":"https:\/\/aukinkochile.com\/web\/wp-json\/wp\/v2\/product\/595500","targetHints":{"allow":["GET"]}}],"collection":[{"href":"https:\/\/aukinkochile.com\/web\/wp-json\/wp\/v2\/product"}],"about":[{"href":"https:\/\/aukinkochile.com\/web\/wp-json\/wp\/v2\/types\/product"}],"replies":[{"embeddable":true,"href":"https:\/\/aukinkochile.com\/web\/wp-json\/wp\/v2\/comments?post=595500"}],"wp:featuredmedia":[{"embeddable":true,"href":"https:\/\/aukinkochile.com\/web\/wp-json\/wp\/v2\/media\/626522"}],"wp:attachment":[{"href":"https:\/\/aukinkochile.com\/web\/wp-json\/wp\/v2\/media?parent=595500"}],"wp:term":[{"taxonomy":"product_brand","embeddable":true,"href":"https:\/\/aukinkochile.com\/web\/wp-json\/wp\/v2\/product_brand?post=595500"},{"taxonomy":"product_cat","embeddable":true,"href":"https:\/\/aukinkochile.com\/web\/wp-json\/wp\/v2\/product_cat?post=595500"},{"taxonomy":"product_tag","embeddable":true,"href":"https:\/\/aukinkochile.com\/web\/wp-json\/wp\/v2\/product_tag?post=595500"}],"curies":[{"name":"wp","href":"https:\/\/api.w.org\/{rel}","templated":true}]}}