{"id":595498,"date":"2022-09-01T21:58:24","date_gmt":"2022-09-01T21:58:24","guid":{"rendered":"https:\/\/aukinkochile.com\/web\/producto\/circuito-bolitas-migoga-ocean\/"},"modified":"2025-04-14T17:38:41","modified_gmt":"2025-04-14T17:38:41","slug":"circuito-bolitas-migoga-ocean","status":"publish","type":"product","link":"https:\/\/aukinkochile.com\/web\/producto\/circuito-bolitas-migoga-ocean\/","title":{"rendered":"Circuito Bolitas Migoga Ocean 92 pz"},"content":{"rendered":"<p>Bolas de colores que despegan al mismo tiempo pero siguen diferentes caminos, a trav\u00e9s de corrientes oce\u00e1nicas, aguas profundas, islas tropicales y mundos submarinos, navegando por v\u00f3rtices, l\u00edneas rectas y curvas, en esta pista de m\u00e1rmol que presenta las formas y colores del oc\u00e9ano.\u00a0Hay un mont\u00f3n de piezas para construir pistas como las de las ilustraciones, o para crear unas completamente nuevas y originales.\u00a0Los toboganes, puentes, columnas y espirales se pueden unir f\u00e1cilmente en infinitas combinaciones para un tiempo de juego divertido sin fin.\u00a0La creatividad y el razonamiento son indispensables para construir pistas bonitas y, lo que es m\u00e1s importante, otras que funcionen.\u00a0Solo se utilizan materiales de alta calidad, resistentes e inastillables, para garantizar que encajen con precisi\u00f3n y formen una estructura s\u00f3lida. Incluye: 1 + 1 salida m\u00faltiple, 5 pistas rectas cortas, 7 ra\u00edles curvos, 50 columnas transparentes y de colores, 2 embudos, 2 interruptores, 5 + 5 bases \/ caracoles, 2 tap\u00f3n de caracol eva, 12 canicas de colores.<\/p>\n<p><p><strong>Material : <\/strong> Pl\u00e1stico<\/p>\n<p><strong>C\u00f3digo Aukinko : <\/strong> 07-56566<\/p>\n<p><strong>C\u00f3digo Convenio Marco : <\/strong> <\/p>\n","protected":false},"excerpt":{"rendered":"<p>Bolas de colores que despegan al mismo tiempo pero siguen diferentes caminos, a trav\u00e9s de corrientes oce\u00e1nicas, aguas profundas, islas tropicales y mundos submarinos, navegando por v\u00f3rtices, l\u00edneas rectas y curvas, en esta pista de m\u00e1rmol que presenta las formas y colores del oc\u00e9ano.\u00a0Hay un mont\u00f3n de piezas para construir pistas como las de las [&hellip;]<\/p>\n","protected":false},"featured_media":626519,"comment_status":"open","ping_status":"closed","template":"","meta":{"_et_pb_use_builder":"","_et_pb_old_content":"","_et_gb_content_width":""},"product_brand":[],"product_cat":[150,19,20],"product_tag":[],"class_list":{"0":"post-595498","1":"product","2":"type-product","3":"status-publish","4":"has-post-thumbnail","6":"product_cat-asociacion-y-logica","7":"product_cat-construccion","8":"product_cat-motricidad-fina","9":"pa_edad-10-anos","10":"pa_edad-5-a-6-anos","11":"pa_edad-6-a-8-anos","12":"pa_edad-8-a-10-anos","13":"pa_marca-quercetti","14":"pa_medidas-34-x-39-cm","16":"first","17":"instock","18":"shipping-taxable","19":"purchasable","20":"product-type-simple"},"aioseo_notices":[],"_links":{"self":[{"href":"https:\/\/aukinkochile.com\/web\/wp-json\/wp\/v2\/product\/595498","targetHints":{"allow":["GET"]}}],"collection":[{"href":"https:\/\/aukinkochile.com\/web\/wp-json\/wp\/v2\/product"}],"about":[{"href":"https:\/\/aukinkochile.com\/web\/wp-json\/wp\/v2\/types\/product"}],"replies":[{"embeddable":true,"href":"https:\/\/aukinkochile.com\/web\/wp-json\/wp\/v2\/comments?post=595498"}],"wp:featuredmedia":[{"embeddable":true,"href":"https:\/\/aukinkochile.com\/web\/wp-json\/wp\/v2\/media\/626519"}],"wp:attachment":[{"href":"https:\/\/aukinkochile.com\/web\/wp-json\/wp\/v2\/media?parent=595498"}],"wp:term":[{"taxonomy":"product_brand","embeddable":true,"href":"https:\/\/aukinkochile.com\/web\/wp-json\/wp\/v2\/product_brand?post=595498"},{"taxonomy":"product_cat","embeddable":true,"href":"https:\/\/aukinkochile.com\/web\/wp-json\/wp\/v2\/product_cat?post=595498"},{"taxonomy":"product_tag","embeddable":true,"href":"https:\/\/aukinkochile.com\/web\/wp-json\/wp\/v2\/product_tag?post=595498"}],"curies":[{"name":"wp","href":"https:\/\/api.w.org\/{rel}","templated":true}]}}