{"id":595491,"date":"2022-09-01T21:58:21","date_gmt":"2022-09-01T21:58:21","guid":{"rendered":"https:\/\/aukinkochile.com\/web\/producto\/magnetico-numeros-48-pz\/"},"modified":"2025-04-14T17:38:32","modified_gmt":"2025-04-14T17:38:32","slug":"magnetico-numeros-48-pz","status":"publish","type":"product","link":"https:\/\/aukinkochile.com\/web\/producto\/magnetico-numeros-48-pz\/","title":{"rendered":"Magn\u00e9tico N\u00fameros 48 pz"},"content":{"rendered":"<p>48 n\u00fameros para pizarras magn\u00e9ticas. De pl\u00e1stico duro y colores vivos y brillantes.<\/p>\n<p><p><strong>Material : <\/strong> Pl\u00e1stico<\/p>\n<p><strong>C\u00f3digo Aukinko : <\/strong> 07-55463<\/p>\n<p><strong>C\u00f3digo Convenio Marco : <\/strong> <\/p>\n","protected":false},"excerpt":{"rendered":"<p>48 n\u00fameros para pizarras magn\u00e9ticas. De pl\u00e1stico duro y colores vivos y brillantes. Material : Pl\u00e1stico C\u00f3digo Aukinko : 07-55463 C\u00f3digo Convenio Marco :<\/p>\n","protected":false},"featured_media":626515,"comment_status":"open","ping_status":"closed","template":"","meta":{"_et_pb_use_builder":"","_et_pb_old_content":"","_et_gb_content_width":""},"product_brand":[],"product_cat":[91,90],"product_tag":[],"class_list":{"0":"post-595491","1":"product","2":"type-product","3":"status-publish","4":"has-post-thumbnail","6":"product_cat-accesorios-sala","7":"product_cat-matematicas","8":"pa_edad-4-a-5-anos","9":"pa_edad-5-a-6-anos","10":"pa_edad-6-a-8-anos","11":"pa_marca-quercetti","12":"pa_medidas-11-x-26-x-3-cm","14":"first","15":"instock","16":"shipping-taxable","17":"purchasable","18":"product-type-simple"},"aioseo_notices":[],"_links":{"self":[{"href":"https:\/\/aukinkochile.com\/web\/wp-json\/wp\/v2\/product\/595491","targetHints":{"allow":["GET"]}}],"collection":[{"href":"https:\/\/aukinkochile.com\/web\/wp-json\/wp\/v2\/product"}],"about":[{"href":"https:\/\/aukinkochile.com\/web\/wp-json\/wp\/v2\/types\/product"}],"replies":[{"embeddable":true,"href":"https:\/\/aukinkochile.com\/web\/wp-json\/wp\/v2\/comments?post=595491"}],"wp:featuredmedia":[{"embeddable":true,"href":"https:\/\/aukinkochile.com\/web\/wp-json\/wp\/v2\/media\/626515"}],"wp:attachment":[{"href":"https:\/\/aukinkochile.com\/web\/wp-json\/wp\/v2\/media?parent=595491"}],"wp:term":[{"taxonomy":"product_brand","embeddable":true,"href":"https:\/\/aukinkochile.com\/web\/wp-json\/wp\/v2\/product_brand?post=595491"},{"taxonomy":"product_cat","embeddable":true,"href":"https:\/\/aukinkochile.com\/web\/wp-json\/wp\/v2\/product_cat?post=595491"},{"taxonomy":"product_tag","embeddable":true,"href":"https:\/\/aukinkochile.com\/web\/wp-json\/wp\/v2\/product_tag?post=595491"}],"curies":[{"name":"wp","href":"https:\/\/api.w.org\/{rel}","templated":true}]}}