{"id":595490,"date":"2022-09-01T21:58:20","date_gmt":"2022-09-01T21:58:20","guid":{"rendered":"https:\/\/aukinkochile.com\/web\/producto\/magneticos-letras-minusculas-40-pz\/"},"modified":"2025-04-14T17:38:30","modified_gmt":"2025-04-14T17:38:30","slug":"magneticos-letras-minusculas-40-pz","status":"publish","type":"product","link":"https:\/\/aukinkochile.com\/web\/producto\/magneticos-letras-minusculas-40-pz\/","title":{"rendered":"Magn\u00e9ticos Letras Min\u00fasculas 48 pz"},"content":{"rendered":"<p>40 letras min\u00fasculas para pizarras magn\u00e9ticas. De pl\u00e1stico duro y colores vivos y brillantes.<\/p>\n<p><p><strong>Material : <\/strong> Pl\u00e1stico<\/p>\n<p><strong>C\u00f3digo Aukinko : <\/strong> 07-55462<\/p>\n<p><strong>C\u00f3digo Convenio Marco : <\/strong> <\/p>\n","protected":false},"excerpt":{"rendered":"<p>40 letras min\u00fasculas para pizarras magn\u00e9ticas. De pl\u00e1stico duro y colores vivos y brillantes. Material : Pl\u00e1stico C\u00f3digo Aukinko : 07-55462 C\u00f3digo Convenio Marco :<\/p>\n","protected":false},"featured_media":626514,"comment_status":"open","ping_status":"closed","template":"","meta":{"_et_pb_use_builder":"","_et_pb_old_content":"","_et_gb_content_width":""},"product_brand":[],"product_cat":[91,151],"product_tag":[],"class_list":{"0":"post-595490","1":"product","2":"type-product","3":"status-publish","4":"has-post-thumbnail","6":"product_cat-accesorios-sala","7":"product_cat-lenguaje","8":"pa_edad-4-a-5-anos","9":"pa_edad-5-a-6-anos","10":"pa_edad-6-a-8-anos","11":"pa_marca-quercetti","12":"pa_medidas-11-x-26-x-3-cm","14":"first","15":"instock","16":"shipping-taxable","17":"purchasable","18":"product-type-simple"},"aioseo_notices":[],"_links":{"self":[{"href":"https:\/\/aukinkochile.com\/web\/wp-json\/wp\/v2\/product\/595490","targetHints":{"allow":["GET"]}}],"collection":[{"href":"https:\/\/aukinkochile.com\/web\/wp-json\/wp\/v2\/product"}],"about":[{"href":"https:\/\/aukinkochile.com\/web\/wp-json\/wp\/v2\/types\/product"}],"replies":[{"embeddable":true,"href":"https:\/\/aukinkochile.com\/web\/wp-json\/wp\/v2\/comments?post=595490"}],"wp:featuredmedia":[{"embeddable":true,"href":"https:\/\/aukinkochile.com\/web\/wp-json\/wp\/v2\/media\/626514"}],"wp:attachment":[{"href":"https:\/\/aukinkochile.com\/web\/wp-json\/wp\/v2\/media?parent=595490"}],"wp:term":[{"taxonomy":"product_brand","embeddable":true,"href":"https:\/\/aukinkochile.com\/web\/wp-json\/wp\/v2\/product_brand?post=595490"},{"taxonomy":"product_cat","embeddable":true,"href":"https:\/\/aukinkochile.com\/web\/wp-json\/wp\/v2\/product_cat?post=595490"},{"taxonomy":"product_tag","embeddable":true,"href":"https:\/\/aukinkochile.com\/web\/wp-json\/wp\/v2\/product_tag?post=595490"}],"curies":[{"name":"wp","href":"https:\/\/api.w.org\/{rel}","templated":true}]}}