{"id":595486,"date":"2022-09-01T21:58:19","date_gmt":"2022-09-01T21:58:19","guid":{"rendered":"https:\/\/aukinkochile.com\/web\/producto\/pizarra-magnetica\/"},"modified":"2025-04-14T17:38:23","modified_gmt":"2025-04-14T17:38:23","slug":"pizarra-magnetica","status":"publish","type":"product","link":"https:\/\/aukinkochile.com\/web\/producto\/pizarra-magnetica\/","title":{"rendered":"Pizarra Magn\u00e9tica 58 pz"},"content":{"rendered":"<p>Una nueva l\u00ednea de pizarrones magn\u00e9ticos de borrado en seco, dise\u00f1ada como una tableta de dos caras con una original forma redonda: los bordes han sido totalmente alisados \u200b\u200by protegidos con inserciones de goma de colores a prueba de golpes que lo convierten en un objeto seguro e irrompible, totalmente a prueba de ni\u00f1os .\u00a0Los ni\u00f1os pueden jugar en ambos lados del tablero de letras de la tableta, ya sea usando los imanes de letras o dibujando y escribiendo con los marcadores de borrado en seco.\u00a0El juego incluye una selecci\u00f3n de baldosas magn\u00e9ticas ilustradas en cart\u00f3n resistente dise\u00f1ado expresamente para fomentar la ortograf\u00eda de algunas palabras f\u00e1ciles de una manera divertida.\u00a0Tambi\u00e9n a\u00f1adimos un \u00fatil accesorio que se puede fijar al marco para tener siempre al alcance de la mano la goma de borrar y los rotuladores, y un par de soportes transparentes para colocar la pizarra tanto en vertical como en horizontal. Incluye: 2 soportes transparentes, 1 borrador, 12 baldosas magn\u00e9ticas ilustradas, 48 letras magn\u00e9ticas, 1 pizarra de dos caras con marco y 1 rotulador de borrado en seco.<\/p>\n<p><p><strong>Material : <\/strong> Pl\u00e1stico<\/p>\n<p><strong>C\u00f3digo Aukinko : <\/strong> 07-55321<\/p>\n<p><strong>C\u00f3digo Convenio Marco : <\/strong> <\/p>\n","protected":false},"excerpt":{"rendered":"<p>Una nueva l\u00ednea de pizarrones magn\u00e9ticos de borrado en seco, dise\u00f1ada como una tableta de dos caras con una original forma redonda: los bordes han sido totalmente alisados \u200b\u200by protegidos con inserciones de goma de colores a prueba de golpes que lo convierten en un objeto seguro e irrompible, totalmente a prueba de ni\u00f1os .\u00a0Los [&hellip;]<\/p>\n","protected":false},"featured_media":626512,"comment_status":"open","ping_status":"closed","template":"","meta":{"_et_pb_use_builder":"","_et_pb_old_content":"","_et_gb_content_width":""},"product_brand":[],"product_cat":[91,21,150,151],"product_tag":[],"class_list":{"0":"post-595486","1":"product","2":"type-product","3":"status-publish","4":"has-post-thumbnail","6":"product_cat-accesorios-sala","7":"product_cat-arte-y-manipulacion","8":"product_cat-asociacion-y-logica","9":"product_cat-lenguaje","10":"pa_edad-4-a-5-anos","11":"pa_edad-5-a-6-anos","12":"pa_edad-6-a-8-anos","13":"pa_marca-quercetti","14":"pa_medidas-35-x-4-x-24-cm","16":"first","17":"instock","18":"shipping-taxable","19":"purchasable","20":"product-type-simple"},"aioseo_notices":[],"_links":{"self":[{"href":"https:\/\/aukinkochile.com\/web\/wp-json\/wp\/v2\/product\/595486","targetHints":{"allow":["GET"]}}],"collection":[{"href":"https:\/\/aukinkochile.com\/web\/wp-json\/wp\/v2\/product"}],"about":[{"href":"https:\/\/aukinkochile.com\/web\/wp-json\/wp\/v2\/types\/product"}],"replies":[{"embeddable":true,"href":"https:\/\/aukinkochile.com\/web\/wp-json\/wp\/v2\/comments?post=595486"}],"wp:featuredmedia":[{"embeddable":true,"href":"https:\/\/aukinkochile.com\/web\/wp-json\/wp\/v2\/media\/626512"}],"wp:attachment":[{"href":"https:\/\/aukinkochile.com\/web\/wp-json\/wp\/v2\/media?parent=595486"}],"wp:term":[{"taxonomy":"product_brand","embeddable":true,"href":"https:\/\/aukinkochile.com\/web\/wp-json\/wp\/v2\/product_brand?post=595486"},{"taxonomy":"product_cat","embeddable":true,"href":"https:\/\/aukinkochile.com\/web\/wp-json\/wp\/v2\/product_cat?post=595486"},{"taxonomy":"product_tag","embeddable":true,"href":"https:\/\/aukinkochile.com\/web\/wp-json\/wp\/v2\/product_tag?post=595486"}],"curies":[{"name":"wp","href":"https:\/\/api.w.org\/{rel}","templated":true}]}}