{"id":595471,"date":"2022-09-01T21:58:12","date_gmt":"2022-09-01T21:58:12","guid":{"rendered":"https:\/\/aukinkochile.com\/web\/producto\/manualidades-diseno-stencil-maleta-12-lapices-album\/"},"modified":"2025-04-14T17:37:18","modified_gmt":"2025-04-14T17:37:18","slug":"manualidades-diseno-stencil-maleta-12-lapices-album","status":"publish","type":"product","link":"https:\/\/aukinkochile.com\/web\/producto\/manualidades-diseno-stencil-maleta-12-lapices-album\/","title":{"rendered":"Dise\u00f1o Stencil Granja 19 pz"},"content":{"rendered":"<p>Maleta pl\u00e1stica resistente con 4 plantillas de pl\u00e1stico irrompible con los bordes redondeados con dise\u00f1os de la granja. Stencil que aseguran una gran precisi\u00f3n en el dibujo. Los conjuntos de dise\u00f1os de las plantillas desarrollan habilidades creativas y art\u00edsticas y son excelentes para introducir a los ni\u00f1os a dibujar. Mas 12 l\u00e1pices de colores y \u00e1lbum para dibujar.<\/p>\n<p><p><strong>Material : <\/strong> Pl\u00e1stico<\/p>\n<p><strong>C\u00f3digo Aukinko : <\/strong> 07-52645<\/p>\n<p><strong>C\u00f3digo Convenio Marco : <\/strong> <\/p>\n","protected":false},"excerpt":{"rendered":"<p>Maleta pl\u00e1stica resistente con 4 plantillas de pl\u00e1stico irrompible con los bordes redondeados con dise\u00f1os de la granja. Stencil que aseguran una gran precisi\u00f3n en el dibujo. Los conjuntos de dise\u00f1os de las plantillas desarrollan habilidades creativas y art\u00edsticas y son excelentes para introducir a los ni\u00f1os a dibujar. Mas 12 l\u00e1pices de colores y [&hellip;]<\/p>\n","protected":false},"featured_media":626464,"comment_status":"open","ping_status":"closed","template":"","meta":{"_et_pb_use_builder":"","_et_pb_old_content":"","_et_gb_content_width":""},"product_brand":[],"product_cat":[21,20],"product_tag":[],"class_list":{"0":"post-595471","1":"product","2":"type-product","3":"status-publish","4":"has-post-thumbnail","6":"product_cat-arte-y-manipulacion","7":"product_cat-motricidad-fina","8":"pa_edad-4-a-5-anos","9":"pa_edad-5-a-6-anos","10":"pa_edad-6-a-8-anos","11":"pa_edad-8-a-10-anos","12":"pa_marca-quercetti","13":"pa_medidas-35-x-27","14":"pa_medidas-5-x-5-cm","16":"first","17":"instock","18":"shipping-taxable","19":"purchasable","20":"product-type-simple"},"aioseo_notices":[],"_links":{"self":[{"href":"https:\/\/aukinkochile.com\/web\/wp-json\/wp\/v2\/product\/595471","targetHints":{"allow":["GET"]}}],"collection":[{"href":"https:\/\/aukinkochile.com\/web\/wp-json\/wp\/v2\/product"}],"about":[{"href":"https:\/\/aukinkochile.com\/web\/wp-json\/wp\/v2\/types\/product"}],"replies":[{"embeddable":true,"href":"https:\/\/aukinkochile.com\/web\/wp-json\/wp\/v2\/comments?post=595471"}],"wp:featuredmedia":[{"embeddable":true,"href":"https:\/\/aukinkochile.com\/web\/wp-json\/wp\/v2\/media\/626464"}],"wp:attachment":[{"href":"https:\/\/aukinkochile.com\/web\/wp-json\/wp\/v2\/media?parent=595471"}],"wp:term":[{"taxonomy":"product_brand","embeddable":true,"href":"https:\/\/aukinkochile.com\/web\/wp-json\/wp\/v2\/product_brand?post=595471"},{"taxonomy":"product_cat","embeddable":true,"href":"https:\/\/aukinkochile.com\/web\/wp-json\/wp\/v2\/product_cat?post=595471"},{"taxonomy":"product_tag","embeddable":true,"href":"https:\/\/aukinkochile.com\/web\/wp-json\/wp\/v2\/product_tag?post=595471"}],"curies":[{"name":"wp","href":"https:\/\/api.w.org\/{rel}","templated":true}]}}