{"id":595455,"date":"2022-09-01T21:58:03","date_gmt":"2022-09-01T21:58:03","guid":{"rendered":"https:\/\/aukinkochile.com\/web\/producto\/mosaico-280-pz\/"},"modified":"2025-04-14T17:36:10","modified_gmt":"2025-04-14T17:36:10","slug":"mosaico-280-pz","status":"publish","type":"product","link":"https:\/\/aukinkochile.com\/web\/producto\/mosaico-280-pz\/","title":{"rendered":"Mosaico Portable 280 pz"},"content":{"rendered":"<p>Mosaico port\u00e1til con 280 piezas de clavijas de tres tama\u00f1os, 1, 1.5 y 2 cm. Se pueden inventar diversos mosaicos o incluso se pueden copiar los ejemplos de la gu\u00eda. Todas las piezas se guardan, ya que la tableta de encaje (28 x 20 cm) tiene tambi\u00e9n la funci\u00f3n de tapa. El mango ayuda al transporte y a colgar el mosaico en la pared con el fin de decorar. De gran colorido (rojo, amarillo, naranjo, verde y azul) y excelente calidad.<\/p>\n<p><p><strong>Material : <\/strong> Pl\u00e1stico<\/p>\n<p><strong>C\u00f3digo Aukinko : <\/strong> 07-50950<\/p>\n<p><strong>C\u00f3digo Convenio Marco : <\/strong> <\/p>\n","protected":false},"excerpt":{"rendered":"<p>Mosaico port\u00e1til con 280 piezas de clavijas de tres tama\u00f1os, 1, 1.5 y 2 cm. Se pueden inventar diversos mosaicos o incluso se pueden copiar los ejemplos de la gu\u00eda. Todas las piezas se guardan, ya que la tableta de encaje (28 x 20 cm) tiene tambi\u00e9n la funci\u00f3n de tapa. El mango ayuda al [&hellip;]<\/p>\n","protected":false},"featured_media":626432,"comment_status":"open","ping_status":"closed","template":"","meta":{"_et_pb_use_builder":"","_et_pb_old_content":"","_et_gb_content_width":""},"product_brand":[],"product_cat":[91,21,19,20],"product_tag":[],"class_list":{"0":"post-595455","1":"product","2":"type-product","3":"status-publish","4":"has-post-thumbnail","6":"product_cat-accesorios-sala","7":"product_cat-arte-y-manipulacion","8":"product_cat-construccion","9":"product_cat-motricidad-fina","10":"pa_edad-4-a-5-anos","11":"pa_edad-5-a-6-anos","12":"pa_edad-6-a-8-anos","13":"pa_marca-quercetti","14":"pa_medidas-4460","15":"pa_medidas-5-x-23-x-5-cm","17":"first","18":"instock","19":"shipping-taxable","20":"purchasable","21":"product-type-simple"},"aioseo_notices":[],"_links":{"self":[{"href":"https:\/\/aukinkochile.com\/web\/wp-json\/wp\/v2\/product\/595455","targetHints":{"allow":["GET"]}}],"collection":[{"href":"https:\/\/aukinkochile.com\/web\/wp-json\/wp\/v2\/product"}],"about":[{"href":"https:\/\/aukinkochile.com\/web\/wp-json\/wp\/v2\/types\/product"}],"replies":[{"embeddable":true,"href":"https:\/\/aukinkochile.com\/web\/wp-json\/wp\/v2\/comments?post=595455"}],"wp:featuredmedia":[{"embeddable":true,"href":"https:\/\/aukinkochile.com\/web\/wp-json\/wp\/v2\/media\/626432"}],"wp:attachment":[{"href":"https:\/\/aukinkochile.com\/web\/wp-json\/wp\/v2\/media?parent=595455"}],"wp:term":[{"taxonomy":"product_brand","embeddable":true,"href":"https:\/\/aukinkochile.com\/web\/wp-json\/wp\/v2\/product_brand?post=595455"},{"taxonomy":"product_cat","embeddable":true,"href":"https:\/\/aukinkochile.com\/web\/wp-json\/wp\/v2\/product_cat?post=595455"},{"taxonomy":"product_tag","embeddable":true,"href":"https:\/\/aukinkochile.com\/web\/wp-json\/wp\/v2\/product_tag?post=595455"}],"curies":[{"name":"wp","href":"https:\/\/api.w.org\/{rel}","templated":true}]}}