{"id":595454,"date":"2022-09-01T21:58:02","date_gmt":"2022-09-01T21:58:02","guid":{"rendered":"https:\/\/aukinkochile.com\/web\/producto\/mosaico-150-pz\/"},"modified":"2025-04-14T17:36:05","modified_gmt":"2025-04-14T17:36:05","slug":"mosaico-150-pz","status":"publish","type":"product","link":"https:\/\/aukinkochile.com\/web\/producto\/mosaico-150-pz\/","title":{"rendered":"Mosaico Tab 150 pz"},"content":{"rendered":"<p>Mosaico port\u00e1til. Se pueden inventar diversos mosaicos o incluso se pueden copiar los ejemplos de la gu\u00eda. Todas las piezas se guardan, ya que la tableta de encaje tiene tambi\u00e9n la funci\u00f3n de tapa. El mango ayuda al transporte y a colgar el mosaico en la pared con el fin de decorar. De gran colorido y excelente calidad.<\/p>\n<p><p><strong>Material : <\/strong> Pl\u00e1stico<\/p>\n<p><strong>C\u00f3digo Aukinko : <\/strong> 07-50922<\/p>\n<p><strong>C\u00f3digo Convenio Marco : <\/strong> <\/p>\n","protected":false},"excerpt":{"rendered":"<p>Mosaico port\u00e1til. Se pueden inventar diversos mosaicos o incluso se pueden copiar los ejemplos de la gu\u00eda. Todas las piezas se guardan, ya que la tableta de encaje tiene tambi\u00e9n la funci\u00f3n de tapa. El mango ayuda al transporte y a colgar el mosaico en la pared con el fin de decorar. De gran colorido [&hellip;]<\/p>\n","protected":false},"featured_media":626431,"comment_status":"open","ping_status":"closed","template":"","meta":{"_et_pb_use_builder":"","_et_pb_old_content":"","_et_gb_content_width":""},"product_brand":[],"product_cat":[21,19,20],"product_tag":[],"class_list":{"0":"post-595454","1":"product","2":"type-product","3":"status-publish","4":"has-post-thumbnail","6":"product_cat-arte-y-manipulacion","7":"product_cat-construccion","8":"product_cat-motricidad-fina","9":"pa_edad-4-a-5-anos","10":"pa_edad-5-a-6-anos","11":"pa_edad-6-a-8-anos","12":"pa_marca-quercetti","13":"pa_medidas-4460","14":"pa_medidas-5-x-23-x-5-cm","16":"first","17":"instock","18":"shipping-taxable","19":"purchasable","20":"product-type-simple"},"aioseo_notices":[],"_links":{"self":[{"href":"https:\/\/aukinkochile.com\/web\/wp-json\/wp\/v2\/product\/595454","targetHints":{"allow":["GET"]}}],"collection":[{"href":"https:\/\/aukinkochile.com\/web\/wp-json\/wp\/v2\/product"}],"about":[{"href":"https:\/\/aukinkochile.com\/web\/wp-json\/wp\/v2\/types\/product"}],"replies":[{"embeddable":true,"href":"https:\/\/aukinkochile.com\/web\/wp-json\/wp\/v2\/comments?post=595454"}],"wp:featuredmedia":[{"embeddable":true,"href":"https:\/\/aukinkochile.com\/web\/wp-json\/wp\/v2\/media\/626431"}],"wp:attachment":[{"href":"https:\/\/aukinkochile.com\/web\/wp-json\/wp\/v2\/media?parent=595454"}],"wp:term":[{"taxonomy":"product_brand","embeddable":true,"href":"https:\/\/aukinkochile.com\/web\/wp-json\/wp\/v2\/product_brand?post=595454"},{"taxonomy":"product_cat","embeddable":true,"href":"https:\/\/aukinkochile.com\/web\/wp-json\/wp\/v2\/product_cat?post=595454"},{"taxonomy":"product_tag","embeddable":true,"href":"https:\/\/aukinkochile.com\/web\/wp-json\/wp\/v2\/product_tag?post=595454"}],"curies":[{"name":"wp","href":"https:\/\/api.w.org\/{rel}","templated":true}]}}