{"id":595453,"date":"2022-09-01T21:58:01","date_gmt":"2022-09-01T21:58:01","guid":{"rendered":"https:\/\/aukinkochile.com\/web\/producto\/mosaico-modular\/"},"modified":"2025-04-14T17:35:58","modified_gmt":"2025-04-14T17:35:58","slug":"mosaico-modular","status":"publish","type":"product","link":"https:\/\/aukinkochile.com\/web\/producto\/mosaico-modular\/","title":{"rendered":"Mosaico Modular 300 pz"},"content":{"rendered":"<p>Este mosaico modular har\u00e1 que la creaci\u00f3n de mosaicos grandes y hermosos sea muy divertida. Comience por unir los tableros de clavijas, ya sea vertical u horizontalmente, y aseg\u00farelos con los conectores rojos. Luego elija los colores que m\u00e1s le gusten y comience a componer una imagen inventando sus propios dise\u00f1os o siguiendo una de las fotos del modelo del folleto que viene con el juego. Insertar clavijas en el tablero para formar mosaicos es una actividad divertida, creativa y educativa que fomenta la expresi\u00f3n art\u00edstica, afina las habilidades manuales y desarrolla la coordinaci\u00f3n mano-ojo.<\/p>\n<p><p><strong>Material : <\/strong> Pl\u00e1stico<\/p>\n<p><strong>C\u00f3digo Aukinko : <\/strong> 07-50851<\/p>\n<p><strong>C\u00f3digo Convenio Marco : <\/strong> <\/p>\n","protected":false},"excerpt":{"rendered":"<p>Este mosaico modular har\u00e1 que la creaci\u00f3n de mosaicos grandes y hermosos sea muy divertida. Comience por unir los tableros de clavijas, ya sea vertical u horizontalmente, y aseg\u00farelos con los conectores rojos. Luego elija los colores que m\u00e1s le gusten y comience a componer una imagen inventando sus propios dise\u00f1os o siguiendo una de [&hellip;]<\/p>\n","protected":false},"featured_media":626426,"comment_status":"open","ping_status":"closed","template":"","meta":{"_et_pb_use_builder":"","_et_pb_old_content":"","_et_gb_content_width":""},"product_brand":[],"product_cat":[21,19,20],"product_tag":[],"class_list":{"0":"post-595453","1":"product","2":"type-product","3":"status-publish","4":"has-post-thumbnail","6":"product_cat-arte-y-manipulacion","7":"product_cat-construccion","8":"product_cat-motricidad-fina","9":"pa_edad-4-a-5-anos","10":"pa_edad-5-a-6-anos","11":"pa_edad-6-a-8-anos","12":"pa_edad-8-a-10-anos","13":"pa_marca-quercetti","14":"pa_medidas-23-x-31-x-6-cm","16":"first","17":"instock","18":"shipping-taxable","19":"purchasable","20":"product-type-simple"},"aioseo_notices":[],"_links":{"self":[{"href":"https:\/\/aukinkochile.com\/web\/wp-json\/wp\/v2\/product\/595453","targetHints":{"allow":["GET"]}}],"collection":[{"href":"https:\/\/aukinkochile.com\/web\/wp-json\/wp\/v2\/product"}],"about":[{"href":"https:\/\/aukinkochile.com\/web\/wp-json\/wp\/v2\/types\/product"}],"replies":[{"embeddable":true,"href":"https:\/\/aukinkochile.com\/web\/wp-json\/wp\/v2\/comments?post=595453"}],"wp:featuredmedia":[{"embeddable":true,"href":"https:\/\/aukinkochile.com\/web\/wp-json\/wp\/v2\/media\/626426"}],"wp:attachment":[{"href":"https:\/\/aukinkochile.com\/web\/wp-json\/wp\/v2\/media?parent=595453"}],"wp:term":[{"taxonomy":"product_brand","embeddable":true,"href":"https:\/\/aukinkochile.com\/web\/wp-json\/wp\/v2\/product_brand?post=595453"},{"taxonomy":"product_cat","embeddable":true,"href":"https:\/\/aukinkochile.com\/web\/wp-json\/wp\/v2\/product_cat?post=595453"},{"taxonomy":"product_tag","embeddable":true,"href":"https:\/\/aukinkochile.com\/web\/wp-json\/wp\/v2\/product_tag?post=595453"}],"curies":[{"name":"wp","href":"https:\/\/api.w.org\/{rel}","templated":true}]}}