{"id":595452,"date":"2022-09-01T21:58:01","date_gmt":"2022-09-01T21:58:01","guid":{"rendered":"https:\/\/aukinkochile.com\/web\/producto\/construccion-playform\/"},"modified":"2025-04-14T17:35:49","modified_gmt":"2025-04-14T17:35:49","slug":"construccion-playform","status":"publish","type":"product","link":"https:\/\/aukinkochile.com\/web\/producto\/construccion-playform\/","title":{"rendered":"Construcci\u00f3n Paliforme 60 pz"},"content":{"rendered":"<p>Nueva versi\u00f3n del cl\u00e1sico juego, 60 cartas pl\u00e1sticas transparentes en especiales colores, las cartas tienen un dise\u00f1o que se pueden encajar con facilidad. Contiene 20 cartas peque\u00f1as y 40 cartas grandes <\/p>\n<p><p><strong>Material : <\/strong> Pl\u00e1stico<\/p>\n<p><strong>C\u00f3digo Aukinko : <\/strong> 07-50340<\/p>\n<p><strong>C\u00f3digo Convenio Marco : <\/strong> <\/p>\n","protected":false},"excerpt":{"rendered":"<p>Nueva versi\u00f3n del cl\u00e1sico juego, 60 cartas pl\u00e1sticas transparentes en especiales colores, las cartas tienen un dise\u00f1o que se pueden encajar con facilidad. Contiene 20 cartas peque\u00f1as y 40 cartas grandes Material : Pl\u00e1stico C\u00f3digo Aukinko : 07-50340 C\u00f3digo Convenio Marco :<\/p>\n","protected":false},"featured_media":626422,"comment_status":"open","ping_status":"closed","template":"","meta":{"_et_pb_use_builder":"","_et_pb_old_content":"","_et_gb_content_width":""},"product_brand":[],"product_cat":[91,19,20],"product_tag":[],"class_list":{"0":"post-595452","1":"product","2":"type-product","3":"status-publish","4":"has-post-thumbnail","6":"product_cat-accesorios-sala","7":"product_cat-construccion","8":"product_cat-motricidad-fina","9":"pa_edad-10-anos","10":"pa_edad-5-a-6-anos","11":"pa_edad-6-a-8-anos","12":"pa_edad-8-a-10-anos","13":"pa_marca-quercetti","14":"pa_medidas-24-x-24-x-4-cm-caja","16":"first","17":"instock","18":"shipping-taxable","19":"purchasable","20":"product-type-simple"},"aioseo_notices":[],"_links":{"self":[{"href":"https:\/\/aukinkochile.com\/web\/wp-json\/wp\/v2\/product\/595452","targetHints":{"allow":["GET"]}}],"collection":[{"href":"https:\/\/aukinkochile.com\/web\/wp-json\/wp\/v2\/product"}],"about":[{"href":"https:\/\/aukinkochile.com\/web\/wp-json\/wp\/v2\/types\/product"}],"replies":[{"embeddable":true,"href":"https:\/\/aukinkochile.com\/web\/wp-json\/wp\/v2\/comments?post=595452"}],"wp:featuredmedia":[{"embeddable":true,"href":"https:\/\/aukinkochile.com\/web\/wp-json\/wp\/v2\/media\/626422"}],"wp:attachment":[{"href":"https:\/\/aukinkochile.com\/web\/wp-json\/wp\/v2\/media?parent=595452"}],"wp:term":[{"taxonomy":"product_brand","embeddable":true,"href":"https:\/\/aukinkochile.com\/web\/wp-json\/wp\/v2\/product_brand?post=595452"},{"taxonomy":"product_cat","embeddable":true,"href":"https:\/\/aukinkochile.com\/web\/wp-json\/wp\/v2\/product_cat?post=595452"},{"taxonomy":"product_tag","embeddable":true,"href":"https:\/\/aukinkochile.com\/web\/wp-json\/wp\/v2\/product_tag?post=595452"}],"curies":[{"name":"wp","href":"https:\/\/api.w.org\/{rel}","templated":true}]}}