{"id":595450,"date":"2022-09-01T21:58:00","date_gmt":"2022-09-01T21:58:00","guid":{"rendered":"https:\/\/aukinkochile.com\/web\/producto\/encaje-plastico-formas-plastico-daisy-16-pz\/"},"modified":"2025-04-14T17:35:47","modified_gmt":"2025-04-14T17:35:47","slug":"encaje-plastico-formas-plastico-daisy-16-pz","status":"publish","type":"product","link":"https:\/\/aukinkochile.com\/web\/producto\/encaje-plastico-formas-plastico-daisy-16-pz\/","title":{"rendered":"Encaje Pl\u00e1stico Formas Daisy 16 pz"},"content":{"rendered":"<p>Base de margarita (34 cm di\u00e1metro x 14 cm) con tapa y con siete agujeros de diferentes tama\u00f1os y colores brillantes, cada uno correspondiente a los 14 bloques (6 x 4 cm di\u00e1metro) que su peque\u00f1o aprender\u00e1 a reconocer. Cada forma ( estrella, cuadrado, flor, triangulo, tr\u00e9bol, circulo y cruz) se coordina con un color diferente. Fortalece coordinaci\u00f3n ojo mano, as\u00ed como habilidades motoras. Pl\u00e1stico resistente y de brillantes colores.<\/p>\n<p><p><strong>Material : <\/strong> Pl\u00e1stico<\/p>\n<p><strong>C\u00f3digo Aukinko : <\/strong> 07-50242<\/p>\n<p><strong>C\u00f3digo Convenio Marco : <\/strong> <\/p>\n","protected":false},"excerpt":{"rendered":"<p>Base de margarita (34 cm di\u00e1metro x 14 cm) con tapa y con siete agujeros de diferentes tama\u00f1os y colores brillantes, cada uno correspondiente a los 14 bloques (6 x 4 cm di\u00e1metro) que su peque\u00f1o aprender\u00e1 a reconocer. Cada forma ( estrella, cuadrado, flor, triangulo, tr\u00e9bol, circulo y cruz) se coordina con un color [&hellip;]<\/p>\n","protected":false},"featured_media":631289,"comment_status":"open","ping_status":"closed","template":"","meta":{"_et_pb_use_builder":"","_et_pb_old_content":"","_et_gb_content_width":""},"product_brand":[],"product_cat":[91,19,20],"product_tag":[],"class_list":{"0":"post-595450","1":"product","2":"type-product","3":"status-publish","4":"has-post-thumbnail","6":"product_cat-accesorios-sala","7":"product_cat-construccion","8":"product_cat-motricidad-fina","9":"pa_edad-1-a-2-anos","10":"pa_edad-2-a-3-anos","11":"pa_marca-quercetti","12":"pa_medidas-34-x-31-x-12-cm-caja","14":"first","15":"instock","16":"shipping-taxable","17":"purchasable","18":"product-type-simple"},"aioseo_notices":[],"_links":{"self":[{"href":"https:\/\/aukinkochile.com\/web\/wp-json\/wp\/v2\/product\/595450","targetHints":{"allow":["GET"]}}],"collection":[{"href":"https:\/\/aukinkochile.com\/web\/wp-json\/wp\/v2\/product"}],"about":[{"href":"https:\/\/aukinkochile.com\/web\/wp-json\/wp\/v2\/types\/product"}],"replies":[{"embeddable":true,"href":"https:\/\/aukinkochile.com\/web\/wp-json\/wp\/v2\/comments?post=595450"}],"wp:featuredmedia":[{"embeddable":true,"href":"https:\/\/aukinkochile.com\/web\/wp-json\/wp\/v2\/media\/631289"}],"wp:attachment":[{"href":"https:\/\/aukinkochile.com\/web\/wp-json\/wp\/v2\/media?parent=595450"}],"wp:term":[{"taxonomy":"product_brand","embeddable":true,"href":"https:\/\/aukinkochile.com\/web\/wp-json\/wp\/v2\/product_brand?post=595450"},{"taxonomy":"product_cat","embeddable":true,"href":"https:\/\/aukinkochile.com\/web\/wp-json\/wp\/v2\/product_cat?post=595450"},{"taxonomy":"product_tag","embeddable":true,"href":"https:\/\/aukinkochile.com\/web\/wp-json\/wp\/v2\/product_tag?post=595450"}],"curies":[{"name":"wp","href":"https:\/\/api.w.org\/{rel}","templated":true}]}}