{"id":595441,"date":"2022-09-01T21:57:54","date_gmt":"2022-09-01T21:57:54","guid":{"rendered":"https:\/\/aukinkochile.com\/web\/producto\/circuito-bolitas-skyrail-league-166-pz\/"},"modified":"2025-04-14T17:38:48","modified_gmt":"2025-04-14T17:38:48","slug":"circuito-bolitas-skyrail-league-166-pz","status":"publish","type":"product","link":"https:\/\/aukinkochile.com\/web\/producto\/circuito-bolitas-skyrail-league-166-pz\/","title":{"rendered":"Circuito Bolitas Skyrail League 166 pz"},"content":{"rendered":"<p>\u00a1Desaf\u00eda a tus amigos en incre\u00edbles carreras ol\u00edmpicas con skyrail league!\u00a0Dos pistas paralelas con arranque simult\u00e1neo de las canicas.\u00a0Construye bucles, saltos, curvas y l\u00edneas rectas para pistas siempre diferentes y emocionantes carreras&#8230; \u00a1Que comience el desaf\u00edo! Jugando con la l\u00ednea skyrail, puedes experimentar con algunas reglas b\u00e1sicas de la f\u00edsica, como la gravedad, la velocidad, y fuerza centr\u00edfuga.<\/p>\n<p><p><strong>Material : <\/strong> Pl\u00e1stico<\/p>\n<p><strong>C\u00f3digo Aukinko : <\/strong> 07-56605<\/p>\n<p><strong>C\u00f3digo Convenio Marco : <\/strong> <\/p>\n","protected":false},"excerpt":{"rendered":"<p>\u00a1Desaf\u00eda a tus amigos en incre\u00edbles carreras ol\u00edmpicas con skyrail league!\u00a0Dos pistas paralelas con arranque simult\u00e1neo de las canicas.\u00a0Construye bucles, saltos, curvas y l\u00edneas rectas para pistas siempre diferentes y emocionantes carreras&#8230; \u00a1Que comience el desaf\u00edo! Jugando con la l\u00ednea skyrail, puedes experimentar con algunas reglas b\u00e1sicas de la f\u00edsica, como la gravedad, la velocidad, [&hellip;]<\/p>\n","protected":false},"featured_media":626523,"comment_status":"open","ping_status":"closed","template":"","meta":{"_et_pb_use_builder":"","_et_pb_old_content":"","_et_gb_content_width":""},"product_brand":[],"product_cat":[19,20],"product_tag":[],"class_list":{"0":"post-595441","1":"product","2":"type-product","3":"status-publish","4":"has-post-thumbnail","6":"product_cat-construccion","7":"product_cat-motricidad-fina","8":"pa_edad-10-anos","9":"pa_edad-6-a-8-anos","10":"pa_edad-8-a-10-anos","11":"pa_marca-quercetti","12":"pa_medidas-40-x-34-x-9","13":"pa_medidas-5-cm","15":"first","16":"instock","17":"shipping-taxable","18":"purchasable","19":"product-type-simple"},"aioseo_notices":[],"_links":{"self":[{"href":"https:\/\/aukinkochile.com\/web\/wp-json\/wp\/v2\/product\/595441","targetHints":{"allow":["GET"]}}],"collection":[{"href":"https:\/\/aukinkochile.com\/web\/wp-json\/wp\/v2\/product"}],"about":[{"href":"https:\/\/aukinkochile.com\/web\/wp-json\/wp\/v2\/types\/product"}],"replies":[{"embeddable":true,"href":"https:\/\/aukinkochile.com\/web\/wp-json\/wp\/v2\/comments?post=595441"}],"wp:featuredmedia":[{"embeddable":true,"href":"https:\/\/aukinkochile.com\/web\/wp-json\/wp\/v2\/media\/626523"}],"wp:attachment":[{"href":"https:\/\/aukinkochile.com\/web\/wp-json\/wp\/v2\/media?parent=595441"}],"wp:term":[{"taxonomy":"product_brand","embeddable":true,"href":"https:\/\/aukinkochile.com\/web\/wp-json\/wp\/v2\/product_brand?post=595441"},{"taxonomy":"product_cat","embeddable":true,"href":"https:\/\/aukinkochile.com\/web\/wp-json\/wp\/v2\/product_cat?post=595441"},{"taxonomy":"product_tag","embeddable":true,"href":"https:\/\/aukinkochile.com\/web\/wp-json\/wp\/v2\/product_tag?post=595441"}],"curies":[{"name":"wp","href":"https:\/\/api.w.org\/{rel}","templated":true}]}}