{"id":595427,"date":"2022-09-01T21:57:47","date_gmt":"2022-09-01T21:57:47","guid":{"rendered":"https:\/\/aukinkochile.com\/web\/producto\/enlazar-abc-123\/"},"modified":"2025-04-14T17:37:23","modified_gmt":"2025-04-14T17:37:23","slug":"enlazar-abc-123","status":"publish","type":"product","link":"https:\/\/aukinkochile.com\/web\/producto\/enlazar-abc-123\/","title":{"rendered":"Enlazar ABC + 123"},"content":{"rendered":"<p>El t\u00e9rmino &#8216;alfabetizaci\u00f3n temprana&#8217; cubre todas las actividades que ayudan a los ni\u00f1os a desarrollar habilidades de escritura, como garabatos, reconocimiento de formas y colores, y coordinaci\u00f3n de manos y ojos.\u00a0Estas actividades ayudan a desarrollar la motricidad y el discernimiento visual, llev\u00e1ndolos a la dif\u00edcil tarea de escribir.\u00a0Para eso est\u00e1 lacing abc+123.\u00a0al conectar letras y n\u00fameros para crear cadenas y collares, los ni\u00f1os practican la motricidad fina mientras juegan.\u00a0Esto es importante en t\u00e9rminos de desarrollo cognitivo y manual, y al mismo tiempo les ayuda a memorizar las formas de letras y n\u00fameros.<\/p>\n<p><p><strong>Material : <\/strong> Pl\u00e1stico<\/p>\n<p><strong>C\u00f3digo Aukinko : <\/strong> 07-52808<\/p>\n<p><strong>C\u00f3digo Convenio Marco : <\/strong> <\/p>\n","protected":false},"excerpt":{"rendered":"<p>El t\u00e9rmino &#8216;alfabetizaci\u00f3n temprana&#8217; cubre todas las actividades que ayudan a los ni\u00f1os a desarrollar habilidades de escritura, como garabatos, reconocimiento de formas y colores, y coordinaci\u00f3n de manos y ojos.\u00a0Estas actividades ayudan a desarrollar la motricidad y el discernimiento visual, llev\u00e1ndolos a la dif\u00edcil tarea de escribir.\u00a0Para eso est\u00e1 lacing abc+123.\u00a0al conectar letras y [&hellip;]<\/p>\n","protected":false},"featured_media":626466,"comment_status":"open","ping_status":"closed","template":"","meta":{"_et_pb_use_builder":"","_et_pb_old_content":"","_et_gb_content_width":""},"product_brand":[],"product_cat":[151,20],"product_tag":[],"class_list":{"0":"post-595427","1":"product","2":"type-product","3":"status-publish","4":"has-post-thumbnail","6":"product_cat-lenguaje","7":"product_cat-motricidad-fina","8":"pa_edad-3-a-4-anos","9":"pa_edad-4-a-5-anos","10":"pa_edad-5-a-6-anos","11":"pa_edad-6-a-8-anos","12":"pa_marca-quercetti","13":"pa_medidas-36-x-27","14":"pa_medidas-5-x-6-cm","16":"first","17":"instock","18":"shipping-taxable","19":"purchasable","20":"product-type-simple"},"aioseo_notices":[],"_links":{"self":[{"href":"https:\/\/aukinkochile.com\/web\/wp-json\/wp\/v2\/product\/595427","targetHints":{"allow":["GET"]}}],"collection":[{"href":"https:\/\/aukinkochile.com\/web\/wp-json\/wp\/v2\/product"}],"about":[{"href":"https:\/\/aukinkochile.com\/web\/wp-json\/wp\/v2\/types\/product"}],"replies":[{"embeddable":true,"href":"https:\/\/aukinkochile.com\/web\/wp-json\/wp\/v2\/comments?post=595427"}],"wp:featuredmedia":[{"embeddable":true,"href":"https:\/\/aukinkochile.com\/web\/wp-json\/wp\/v2\/media\/626466"}],"wp:attachment":[{"href":"https:\/\/aukinkochile.com\/web\/wp-json\/wp\/v2\/media?parent=595427"}],"wp:term":[{"taxonomy":"product_brand","embeddable":true,"href":"https:\/\/aukinkochile.com\/web\/wp-json\/wp\/v2\/product_brand?post=595427"},{"taxonomy":"product_cat","embeddable":true,"href":"https:\/\/aukinkochile.com\/web\/wp-json\/wp\/v2\/product_cat?post=595427"},{"taxonomy":"product_tag","embeddable":true,"href":"https:\/\/aukinkochile.com\/web\/wp-json\/wp\/v2\/product_tag?post=595427"}],"curies":[{"name":"wp","href":"https:\/\/api.w.org\/{rel}","templated":true}]}}