{"id":595421,"date":"2022-09-01T21:57:45","date_gmt":"2022-09-01T21:57:45","guid":{"rendered":"https:\/\/aukinkochile.com\/web\/producto\/mosaico-y-letras-magneticas-combi\/"},"modified":"2025-04-14T17:36:32","modified_gmt":"2025-04-14T17:36:32","slug":"mosaico-y-letras-magneticas-combi","status":"publish","type":"product","link":"https:\/\/aukinkochile.com\/web\/producto\/mosaico-y-letras-magneticas-combi\/","title":{"rendered":"Mosaico y Letras Magn\u00e9ticas Combi"},"content":{"rendered":"<p>Dos de los \u00abcl\u00e1sicos\u00bb m\u00e1s vendidos de Quercetti en un malet\u00edn multifuncional. Un lado es un tablero de clavijas para crear dise\u00f1os divertidos y coloridos, mientras que el otro lado es una pizarra blanca donde los ni\u00f1os pueden practicar escribiendo sus primeras palabras usando las letras magn\u00e9ticas proporcionadas o cualquier marcador de borrado en seco. Con su dise\u00f1o suave, Combi no tiene bordes afilados y puede ser manejado con seguridad y facilidad por ni\u00f1os de tres a\u00f1os en adelante. La tabla se puede bajar o subir y dar la vuelta sin ninguna dificultad, y almacena c\u00f3modamente todos los componentes despu\u00e9s de su uso, mientras que su gran asa distintiva hace que sea f\u00e1cil de llevar a cualquier parte.<\/p>\n<p><p><strong>Material : <\/strong> Pl\u00e1stico<\/p>\n<p><strong>C\u00f3digo Aukinko : <\/strong> 07-51820<\/p>\n<p><strong>C\u00f3digo Convenio Marco : <\/strong> <\/p>\n","protected":false},"excerpt":{"rendered":"<p>Dos de los \u00abcl\u00e1sicos\u00bb m\u00e1s vendidos de Quercetti en un malet\u00edn multifuncional. Un lado es un tablero de clavijas para crear dise\u00f1os divertidos y coloridos, mientras que el otro lado es una pizarra blanca donde los ni\u00f1os pueden practicar escribiendo sus primeras palabras usando las letras magn\u00e9ticas proporcionadas o cualquier marcador de borrado en seco. [&hellip;]<\/p>\n","protected":false},"featured_media":626443,"comment_status":"open","ping_status":"closed","template":"","meta":{"_et_pb_use_builder":"","_et_pb_old_content":"","_et_gb_content_width":""},"product_brand":[],"product_cat":[19,20],"product_tag":[],"class_list":{"0":"post-595421","1":"product","2":"type-product","3":"status-publish","4":"has-post-thumbnail","6":"product_cat-construccion","7":"product_cat-motricidad-fina","8":"pa_edad-4-a-5-anos","9":"pa_edad-5-a-6-anos","10":"pa_edad-6-a-8-anos","11":"pa_marca-quercetti","12":"pa_medidas-42-x-35","13":"pa_medidas-5-x-7-cm","15":"first","16":"instock","17":"shipping-taxable","18":"purchasable","19":"product-type-simple"},"aioseo_notices":[],"_links":{"self":[{"href":"https:\/\/aukinkochile.com\/web\/wp-json\/wp\/v2\/product\/595421","targetHints":{"allow":["GET"]}}],"collection":[{"href":"https:\/\/aukinkochile.com\/web\/wp-json\/wp\/v2\/product"}],"about":[{"href":"https:\/\/aukinkochile.com\/web\/wp-json\/wp\/v2\/types\/product"}],"replies":[{"embeddable":true,"href":"https:\/\/aukinkochile.com\/web\/wp-json\/wp\/v2\/comments?post=595421"}],"wp:featuredmedia":[{"embeddable":true,"href":"https:\/\/aukinkochile.com\/web\/wp-json\/wp\/v2\/media\/626443"}],"wp:attachment":[{"href":"https:\/\/aukinkochile.com\/web\/wp-json\/wp\/v2\/media?parent=595421"}],"wp:term":[{"taxonomy":"product_brand","embeddable":true,"href":"https:\/\/aukinkochile.com\/web\/wp-json\/wp\/v2\/product_brand?post=595421"},{"taxonomy":"product_cat","embeddable":true,"href":"https:\/\/aukinkochile.com\/web\/wp-json\/wp\/v2\/product_cat?post=595421"},{"taxonomy":"product_tag","embeddable":true,"href":"https:\/\/aukinkochile.com\/web\/wp-json\/wp\/v2\/product_tag?post=595421"}],"curies":[{"name":"wp","href":"https:\/\/api.w.org\/{rel}","templated":true}]}}