{"id":595413,"date":"2022-09-01T21:57:42","date_gmt":"2022-09-01T21:57:42","guid":{"rendered":"https:\/\/aukinkochile.com\/web\/producto\/arca-de-noe-madera\/"},"modified":"2023-12-13T15:42:41","modified_gmt":"2023-12-13T15:42:41","slug":"arca-de-noe-madera","status":"publish","type":"product","link":"https:\/\/aukinkochile.com\/web\/producto\/arca-de-noe-madera\/","title":{"rendered":"Arca De No\u00e9 Madera"},"content":{"rendered":"<p>Hermoso juego del Arca de No\u00e9 de madera. Esta arca est\u00e1 llena de parejas de animales de muchas especies diferentes. Los ni\u00f1os y ni\u00f1as se divertir\u00e1n colocando los animales en la rampa y buscando la pareja de su misma especie. Excelente juguete de madera para estimular las habilidades manuales. Luego de meter todos los animales al arca podr\u00e1n sacar la parte superior y recuperarlos para volver a empezar. Incluye 24 piezas. Fabricado en material de primera calidad, con el m\u00e1ximo cuidado en cada peque\u00f1o detalle.<\/p>\n<p><p><strong>Material : <\/strong> MADERA<\/p>\n<p><strong>C\u00f3digo Aukinko : <\/strong> 11-788015<\/p>\n<p><strong>C\u00f3digo Convenio Marco : <\/strong> <\/p>\n","protected":false},"excerpt":{"rendered":"<p>Hermoso juego del Arca de No\u00e9 de madera. Esta arca est\u00e1 llena de parejas de animales de muchas especies diferentes. Los ni\u00f1os y ni\u00f1as se divertir\u00e1n colocando los animales en la rampa y buscando la pareja de su misma especie. Excelente juguete de madera para estimular las habilidades manuales. Luego de meter todos los animales [&hellip;]<\/p>\n","protected":false},"featured_media":626348,"comment_status":"open","ping_status":"closed","template":"","meta":{"_et_pb_use_builder":"","_et_pb_old_content":"","_et_gb_content_width":""},"product_brand":[],"product_cat":[17],"product_tag":[],"class_list":{"0":"post-595413","1":"product","2":"type-product","3":"status-publish","4":"has-post-thumbnail","6":"product_cat-juegos-de-rol","7":"pa_edad-2-a-3-anos","8":"pa_edad-3-a-4-anos","9":"pa_edad-4-a-5-anos","10":"pa_marca-trudi","11":"pa_medidas-24-x-24-x-17-cm","13":"first","14":"instock","15":"shipping-taxable","16":"purchasable","17":"product-type-simple"},"aioseo_notices":[],"_links":{"self":[{"href":"https:\/\/aukinkochile.com\/web\/wp-json\/wp\/v2\/product\/595413","targetHints":{"allow":["GET"]}}],"collection":[{"href":"https:\/\/aukinkochile.com\/web\/wp-json\/wp\/v2\/product"}],"about":[{"href":"https:\/\/aukinkochile.com\/web\/wp-json\/wp\/v2\/types\/product"}],"replies":[{"embeddable":true,"href":"https:\/\/aukinkochile.com\/web\/wp-json\/wp\/v2\/comments?post=595413"}],"wp:featuredmedia":[{"embeddable":true,"href":"https:\/\/aukinkochile.com\/web\/wp-json\/wp\/v2\/media\/626348"}],"wp:attachment":[{"href":"https:\/\/aukinkochile.com\/web\/wp-json\/wp\/v2\/media?parent=595413"}],"wp:term":[{"taxonomy":"product_brand","embeddable":true,"href":"https:\/\/aukinkochile.com\/web\/wp-json\/wp\/v2\/product_brand?post=595413"},{"taxonomy":"product_cat","embeddable":true,"href":"https:\/\/aukinkochile.com\/web\/wp-json\/wp\/v2\/product_cat?post=595413"},{"taxonomy":"product_tag","embeddable":true,"href":"https:\/\/aukinkochile.com\/web\/wp-json\/wp\/v2\/product_tag?post=595413"}],"curies":[{"name":"wp","href":"https:\/\/api.w.org\/{rel}","templated":true}]}}