{"id":595282,"date":"2022-09-01T21:56:37","date_gmt":"2022-09-01T21:56:37","guid":{"rendered":"https:\/\/aukinkochile.com\/web\/producto\/ruedas-moticidad-tres-tamanos-set-5\/"},"modified":"2023-10-20T19:16:29","modified_gmt":"2023-10-20T19:16:29","slug":"ruedas-moticidad-tres-tamanos-set-5","status":"publish","type":"product","link":"https:\/\/aukinkochile.com\/web\/producto\/ruedas-moticidad-tres-tamanos-set-5\/","title":{"rendered":"Ruedas Motricidad tres Tama\u00f1os set 5"},"content":{"rendered":"<p>Set de motricidad para estimular el desarrollo muscular de los m\u00e1s peque\u00f1os de una forma divertida y segura. Incluye 5 ruedas (2 piezas de 40 cm de di\u00e1metro &#8211; 2 piezas de 60 cm de di\u00e1metro &#8211; 1 pieza de 76 cm de di\u00e1metro) con las cuales crear diferentes caminos con variadas posibilidades de construcci\u00f3n. Fabricado en material solido, pl\u00e1stico semi r\u00edgido. Cada rueda se encaja f\u00e1cilmente en el interior de las otras. De material suave y resistente. Colores surtidos.<\/p>\n<p><p><strong>Material : <\/strong> PLASTICO<\/p>\n<p><strong>C\u00f3digo Aukinko : <\/strong> 17-340003<\/p>\n<p><strong>C\u00f3digo Convenio Marco : <\/strong> <\/p>\n","protected":false},"excerpt":{"rendered":"<p>Set de motricidad para estimular el desarrollo muscular de los m\u00e1s peque\u00f1os de una forma divertida y segura. Incluye 5 ruedas (2 piezas de 40 cm de di\u00e1metro &#8211; 2 piezas de 60 cm de di\u00e1metro &#8211; 1 pieza de 76 cm de di\u00e1metro) con las cuales crear diferentes caminos con variadas posibilidades de construcci\u00f3n. [&hellip;]<\/p>\n","protected":false},"featured_media":624651,"comment_status":"open","ping_status":"closed","template":"","meta":{"_et_pb_use_builder":"","_et_pb_old_content":"","_et_gb_content_width":""},"product_brand":[],"product_cat":[1005,91,18],"product_tag":[],"class_list":{"0":"post-595282","1":"product","2":"type-product","3":"status-publish","4":"has-post-thumbnail","6":"product_cat-accesorios-patio","7":"product_cat-accesorios-sala","8":"product_cat-motricidad-gruesa","9":"pa_edad-10-anos","10":"pa_edad-2-a-3-anos","11":"pa_edad-3-a-4-anos","12":"pa_edad-4-a-5-anos","13":"pa_edad-5-a-6-anos","14":"pa_edad-6-a-8-anos","15":"pa_edad-8-a-10-anos","16":"pa_marca-lap","17":"pa_medidas-4543","18":"pa_medidas-4638","19":"pa_medidas-76-cm","21":"first","22":"instock","23":"shipping-taxable","24":"purchasable","25":"product-type-simple"},"aioseo_notices":[],"_links":{"self":[{"href":"https:\/\/aukinkochile.com\/web\/wp-json\/wp\/v2\/product\/595282","targetHints":{"allow":["GET"]}}],"collection":[{"href":"https:\/\/aukinkochile.com\/web\/wp-json\/wp\/v2\/product"}],"about":[{"href":"https:\/\/aukinkochile.com\/web\/wp-json\/wp\/v2\/types\/product"}],"replies":[{"embeddable":true,"href":"https:\/\/aukinkochile.com\/web\/wp-json\/wp\/v2\/comments?post=595282"}],"wp:featuredmedia":[{"embeddable":true,"href":"https:\/\/aukinkochile.com\/web\/wp-json\/wp\/v2\/media\/624651"}],"wp:attachment":[{"href":"https:\/\/aukinkochile.com\/web\/wp-json\/wp\/v2\/media?parent=595282"}],"wp:term":[{"taxonomy":"product_brand","embeddable":true,"href":"https:\/\/aukinkochile.com\/web\/wp-json\/wp\/v2\/product_brand?post=595282"},{"taxonomy":"product_cat","embeddable":true,"href":"https:\/\/aukinkochile.com\/web\/wp-json\/wp\/v2\/product_cat?post=595282"},{"taxonomy":"product_tag","embeddable":true,"href":"https:\/\/aukinkochile.com\/web\/wp-json\/wp\/v2\/product_tag?post=595282"}],"curies":[{"name":"wp","href":"https:\/\/api.w.org\/{rel}","templated":true}]}}