{"id":595257,"date":"2022-09-01T13:38:49","date_gmt":"2022-09-01T13:38:49","guid":{"rendered":"https:\/\/aukinkochile.com\/web\/producto\/clasificar-bandeja-flor-c-tapa\/"},"modified":"2024-12-05T16:15:59","modified_gmt":"2024-12-05T16:15:59","slug":"clasificar-bandeja-flor-c-tapa","status":"publish","type":"product","link":"https:\/\/aukinkochile.com\/web\/producto\/clasificar-bandeja-flor-c-tapa\/","title":{"rendered":"Clasificar Bandeja Flor c\/ tapa"},"content":{"rendered":"<p>Bandeja blanca de flor con tapa con 9 pocillos diferentes para clasificar. De excelente calidad. Precio por la bandeja pl\u00e1stica vac\u00eda con tapa. Los objetos de clasificaci\u00f3n de la foto se venden por separado.<\/p>\n<p><p><strong>Material : <\/strong> Pl\u00e1stico<\/p>\n<p><strong>C\u00f3digo Aukinko : <\/strong> 14-915130<\/p>\n<p><strong>C\u00f3digo Convenio Marco : <\/strong> x<\/p>\n","protected":false},"excerpt":{"rendered":"<p>Bandeja blanca de flor con tapa con 9 pocillos diferentes para clasificar. De excelente calidad. Precio por la bandeja pl\u00e1stica vac\u00eda con tapa. Los objetos de clasificaci\u00f3n de la foto se venden por separado. Material : Pl\u00e1stico C\u00f3digo Aukinko : 14-915130 C\u00f3digo Convenio Marco : x<\/p>\n","protected":false},"featured_media":627875,"comment_status":"open","ping_status":"closed","template":"","meta":{"_et_pb_use_builder":"","_et_pb_old_content":"","_et_gb_content_width":""},"product_brand":[],"product_cat":[91,150],"product_tag":[],"class_list":{"0":"post-595257","1":"product","2":"type-product","3":"status-publish","4":"has-post-thumbnail","6":"product_cat-accesorios-sala","7":"product_cat-asociacion-y-logica","8":"pa_edad-3-a-4-anos","9":"pa_edad-4-a-5-anos","10":"pa_edad-5-a-6-anos","11":"pa_edad-6-a-8-anos","12":"pa_marca-edx","13":"pa_medidas-37-cm-diametro","15":"first","16":"instock","17":"shipping-taxable","18":"purchasable","19":"product-type-simple"},"aioseo_notices":[],"_links":{"self":[{"href":"https:\/\/aukinkochile.com\/web\/wp-json\/wp\/v2\/product\/595257","targetHints":{"allow":["GET"]}}],"collection":[{"href":"https:\/\/aukinkochile.com\/web\/wp-json\/wp\/v2\/product"}],"about":[{"href":"https:\/\/aukinkochile.com\/web\/wp-json\/wp\/v2\/types\/product"}],"replies":[{"embeddable":true,"href":"https:\/\/aukinkochile.com\/web\/wp-json\/wp\/v2\/comments?post=595257"}],"wp:featuredmedia":[{"embeddable":true,"href":"https:\/\/aukinkochile.com\/web\/wp-json\/wp\/v2\/media\/627875"}],"wp:attachment":[{"href":"https:\/\/aukinkochile.com\/web\/wp-json\/wp\/v2\/media?parent=595257"}],"wp:term":[{"taxonomy":"product_brand","embeddable":true,"href":"https:\/\/aukinkochile.com\/web\/wp-json\/wp\/v2\/product_brand?post=595257"},{"taxonomy":"product_cat","embeddable":true,"href":"https:\/\/aukinkochile.com\/web\/wp-json\/wp\/v2\/product_cat?post=595257"},{"taxonomy":"product_tag","embeddable":true,"href":"https:\/\/aukinkochile.com\/web\/wp-json\/wp\/v2\/product_tag?post=595257"}],"curies":[{"name":"wp","href":"https:\/\/api.w.org\/{rel}","templated":true}]}}