{"id":595248,"date":"2022-09-01T13:38:45","date_gmt":"2022-09-01T13:38:45","guid":{"rendered":"https:\/\/aukinkochile.com\/web\/producto\/instrumento-tambor-notas-hand-drum-c-u\/"},"modified":"2025-11-26T21:59:03","modified_gmt":"2025-11-26T21:59:03","slug":"instrumento-tambor-notas-hand-drum-c-u","status":"publish","type":"product","link":"https:\/\/aukinkochile.com\/web\/producto\/instrumento-tambor-notas-hand-drum-c-u\/","title":{"rendered":"Instrumento Tambor Notas Hand Drum c\/u"},"content":{"rendered":"<p>Hermoso tambor de mano con un s\u00faper sonido para hacer la m\u00e1s linda m\u00fasica y desarrollar el sentido del ritmo. Este tambor est\u00e1 dise\u00f1ado tambi\u00e9n para crear efectos adicionales de sonidos al pasar el palo raspando la base donde se ven dibujos. Con todos los productos de esta hermosa marca, te invitamos a introducir a los ni\u00f1os en el m\u00e1gico mundo de la m\u00fasica y el ritmo a trav\u00e9s de una hermosa gama de juguetes musicales, dise\u00f1ados y desarrollados especialmente para los m\u00e1s peque\u00f1os. Todos los productos Halilit cumplen con los m\u00e1s altos est\u00e1ndares de seguridad, y no hay mejor manera de fomentar el desarrollo de un ni\u00f1o que a trav\u00e9s de aut\u00e9nticos instrumentos musicales. Estos fant\u00e1sticos juguetes ofrecen infinitas oportunidades para desarrollar las habilidades de sus hijos. Colores surtidos. Precio por unidad.<\/p>\n<p><p><strong>Material : <\/strong> Pl\u00e1stico<\/p>\n<p><strong>C\u00f3digo Aukinko : <\/strong> 12-670600<\/p>\n<p><strong>C\u00f3digo Convenio Marco : <\/strong> x<\/p>\n","protected":false},"excerpt":{"rendered":"<p>Hermoso tambor de mano con un s\u00faper sonido para hacer la m\u00e1s linda m\u00fasica y desarrollar el sentido del ritmo. Este tambor est\u00e1 dise\u00f1ado tambi\u00e9n para crear efectos adicionales de sonidos al pasar el palo raspando la base donde se ven dibujos. Con todos los productos de esta hermosa marca, te invitamos a introducir a [&hellip;]<\/p>\n","protected":false},"featured_media":627462,"comment_status":"open","ping_status":"closed","template":"","meta":{"_et_pb_use_builder":"","_et_pb_old_content":"","_et_gb_content_width":""},"product_brand":[],"product_cat":[91,7385,392],"product_tag":[],"class_list":{"0":"post-595248","1":"product","2":"type-product","3":"status-publish","4":"has-post-thumbnail","6":"product_cat-accesorios-sala","7":"product_cat-estimulacion-cognitiva-y-motora-para-adultos-mayores","8":"product_cat-musica","9":"pa_edad-2-a-3-anos","10":"pa_edad-3-a-4-anos","11":"pa_edad-4-a-5-anos","12":"pa_edad-5-a-6-anos","13":"pa_edad-6-a-8-anos","14":"pa_marca-halilit","15":"pa_medidas-4400","16":"pa_medidas-5-x-3-x-25-cm","18":"first","19":"instock","20":"shipping-taxable","21":"purchasable","22":"product-type-simple"},"aioseo_notices":[],"_links":{"self":[{"href":"https:\/\/aukinkochile.com\/web\/wp-json\/wp\/v2\/product\/595248","targetHints":{"allow":["GET"]}}],"collection":[{"href":"https:\/\/aukinkochile.com\/web\/wp-json\/wp\/v2\/product"}],"about":[{"href":"https:\/\/aukinkochile.com\/web\/wp-json\/wp\/v2\/types\/product"}],"replies":[{"embeddable":true,"href":"https:\/\/aukinkochile.com\/web\/wp-json\/wp\/v2\/comments?post=595248"}],"wp:featuredmedia":[{"embeddable":true,"href":"https:\/\/aukinkochile.com\/web\/wp-json\/wp\/v2\/media\/627462"}],"wp:attachment":[{"href":"https:\/\/aukinkochile.com\/web\/wp-json\/wp\/v2\/media?parent=595248"}],"wp:term":[{"taxonomy":"product_brand","embeddable":true,"href":"https:\/\/aukinkochile.com\/web\/wp-json\/wp\/v2\/product_brand?post=595248"},{"taxonomy":"product_cat","embeddable":true,"href":"https:\/\/aukinkochile.com\/web\/wp-json\/wp\/v2\/product_cat?post=595248"},{"taxonomy":"product_tag","embeddable":true,"href":"https:\/\/aukinkochile.com\/web\/wp-json\/wp\/v2\/product_tag?post=595248"}],"curies":[{"name":"wp","href":"https:\/\/api.w.org\/{rel}","templated":true}]}}