{"id":595245,"date":"2022-09-01T13:38:43","date_gmt":"2022-09-01T13:38:43","guid":{"rendered":"https:\/\/aukinkochile.com\/web\/producto\/sonajero-animales-savana-set-4\/"},"modified":"2025-11-26T21:59:03","modified_gmt":"2025-11-26T21:59:03","slug":"sonajero-animales-savana-set-4","status":"publish","type":"product","link":"https:\/\/aukinkochile.com\/web\/producto\/sonajero-animales-savana-set-4\/","title":{"rendered":"Sonajero Animales Savana 4 pz"},"content":{"rendered":"<p>Prep\u00e1rate para explorar los paisajes m\u00e1gicos y los ritmos encantadores de la sabana con 4 nuevos amigos animales. Junto con los simp\u00e1ticos animales: le\u00f3n, rinoceronte, jirafa y elefante, encontrar\u00e1s un sinf\u00edn de aventuras y diversi\u00f3n en esta actividad musical centrada en la vida salvaje que te encantar\u00e1. Cada animal con un sonido \u00fanico, dise\u00f1ado especialmente para inspirar a todos los j\u00f3venes amantes de los animales. De material suave y resistente.<\/p>\n<p><p><strong>Material : <\/strong> Goma<\/p>\n<p><strong>C\u00f3digo Aukinko : <\/strong> 12-664100<\/p>\n<p><strong>C\u00f3digo Convenio Marco : <\/strong> x<\/p>\n","protected":false},"excerpt":{"rendered":"<p>Prep\u00e1rate para explorar los paisajes m\u00e1gicos y los ritmos encantadores de la sabana con 4 nuevos amigos animales. Junto con los simp\u00e1ticos animales: le\u00f3n, rinoceronte, jirafa y elefante, encontrar\u00e1s un sinf\u00edn de aventuras y diversi\u00f3n en esta actividad musical centrada en la vida salvaje que te encantar\u00e1. Cada animal con un sonido \u00fanico, dise\u00f1ado especialmente [&hellip;]<\/p>\n","protected":false},"featured_media":595244,"comment_status":"open","ping_status":"closed","template":"","meta":{"_et_pb_use_builder":"","_et_pb_old_content":"","_et_gb_content_width":""},"product_brand":[],"product_cat":[91,392,23],"product_tag":[],"class_list":{"0":"post-595245","1":"product","2":"type-product","3":"status-publish","4":"has-post-thumbnail","6":"product_cat-accesorios-sala","7":"product_cat-musica","8":"product_cat-primeros-anos","9":"pa_edad-0-a-1-ano","10":"pa_edad-1-a-2-anos","11":"pa_edad-2-a-3-anos","12":"pa_edad-3-a-4-anos","13":"pa_marca-halilit","14":"pa_medidas-21-x-5-x-30-cm","16":"first","17":"instock","18":"shipping-taxable","19":"purchasable","20":"product-type-simple"},"aioseo_notices":[],"_links":{"self":[{"href":"https:\/\/aukinkochile.com\/web\/wp-json\/wp\/v2\/product\/595245","targetHints":{"allow":["GET"]}}],"collection":[{"href":"https:\/\/aukinkochile.com\/web\/wp-json\/wp\/v2\/product"}],"about":[{"href":"https:\/\/aukinkochile.com\/web\/wp-json\/wp\/v2\/types\/product"}],"replies":[{"embeddable":true,"href":"https:\/\/aukinkochile.com\/web\/wp-json\/wp\/v2\/comments?post=595245"}],"wp:featuredmedia":[{"embeddable":true,"href":"https:\/\/aukinkochile.com\/web\/wp-json\/wp\/v2\/media\/595244"}],"wp:attachment":[{"href":"https:\/\/aukinkochile.com\/web\/wp-json\/wp\/v2\/media?parent=595245"}],"wp:term":[{"taxonomy":"product_brand","embeddable":true,"href":"https:\/\/aukinkochile.com\/web\/wp-json\/wp\/v2\/product_brand?post=595245"},{"taxonomy":"product_cat","embeddable":true,"href":"https:\/\/aukinkochile.com\/web\/wp-json\/wp\/v2\/product_cat?post=595245"},{"taxonomy":"product_tag","embeddable":true,"href":"https:\/\/aukinkochile.com\/web\/wp-json\/wp\/v2\/product_tag?post=595245"}],"curies":[{"name":"wp","href":"https:\/\/api.w.org\/{rel}","templated":true}]}}