{"id":595239,"date":"2022-09-01T13:38:41","date_gmt":"2022-09-01T13:38:41","guid":{"rendered":"https:\/\/aukinkochile.com\/web\/producto\/instrumento-tambor-hi-lo-shaker-c-u\/"},"modified":"2025-11-26T21:59:03","modified_gmt":"2025-11-26T21:59:03","slug":"instrumento-tambor-hi-lo-shaker-c-u","status":"publish","type":"product","link":"https:\/\/aukinkochile.com\/web\/producto\/instrumento-tambor-hi-lo-shaker-c-u\/","title":{"rendered":"Instrumento Tambor Hi Lo Shaker c\/u"},"content":{"rendered":"<p>Una mezcla interminable de efectos de sonidos incre\u00edbles. Puedes variar el sonido producido simplemente moviendo los dedos sobre la cabeza de la coctelera. El dise\u00f1o moderno permite un f\u00e1cil agarre con una sola mano. De material suave y resistente, con sonido de alta calidad y colores vivos. Colores surtidos. Precio por unidad.<\/p>\n<p><p><strong>Material : <\/strong> Pl\u00e1stico<\/p>\n<p><strong>C\u00f3digo Aukinko : <\/strong> 12-651100<\/p>\n<p><strong>C\u00f3digo Convenio Marco : <\/strong> x<\/p>\n","protected":false},"excerpt":{"rendered":"<p>Una mezcla interminable de efectos de sonidos incre\u00edbles. Puedes variar el sonido producido simplemente moviendo los dedos sobre la cabeza de la coctelera. El dise\u00f1o moderno permite un f\u00e1cil agarre con una sola mano. De material suave y resistente, con sonido de alta calidad y colores vivos. Colores surtidos. Precio por unidad. Material : Pl\u00e1stico [&hellip;]<\/p>\n","protected":false},"featured_media":595238,"comment_status":"open","ping_status":"closed","template":"","meta":{"_et_pb_use_builder":"","_et_pb_old_content":"","_et_gb_content_width":""},"product_brand":[],"product_cat":[91,392],"product_tag":[],"class_list":{"0":"post-595239","1":"product","2":"type-product","3":"status-publish","4":"has-post-thumbnail","6":"product_cat-accesorios-sala","7":"product_cat-musica","8":"pa_edad-10-anos","9":"pa_edad-6-a-8-anos","10":"pa_edad-8-a-10-anos","11":"pa_marca-halilit","12":"pa_medidas-10-x-8-x-4-cm","14":"first","15":"instock","16":"shipping-taxable","17":"purchasable","18":"product-type-simple"},"aioseo_notices":[],"_links":{"self":[{"href":"https:\/\/aukinkochile.com\/web\/wp-json\/wp\/v2\/product\/595239","targetHints":{"allow":["GET"]}}],"collection":[{"href":"https:\/\/aukinkochile.com\/web\/wp-json\/wp\/v2\/product"}],"about":[{"href":"https:\/\/aukinkochile.com\/web\/wp-json\/wp\/v2\/types\/product"}],"replies":[{"embeddable":true,"href":"https:\/\/aukinkochile.com\/web\/wp-json\/wp\/v2\/comments?post=595239"}],"wp:featuredmedia":[{"embeddable":true,"href":"https:\/\/aukinkochile.com\/web\/wp-json\/wp\/v2\/media\/595238"}],"wp:attachment":[{"href":"https:\/\/aukinkochile.com\/web\/wp-json\/wp\/v2\/media?parent=595239"}],"wp:term":[{"taxonomy":"product_brand","embeddable":true,"href":"https:\/\/aukinkochile.com\/web\/wp-json\/wp\/v2\/product_brand?post=595239"},{"taxonomy":"product_cat","embeddable":true,"href":"https:\/\/aukinkochile.com\/web\/wp-json\/wp\/v2\/product_cat?post=595239"},{"taxonomy":"product_tag","embeddable":true,"href":"https:\/\/aukinkochile.com\/web\/wp-json\/wp\/v2\/product_tag?post=595239"}],"curies":[{"name":"wp","href":"https:\/\/api.w.org\/{rel}","templated":true}]}}