{"id":595229,"date":"2022-09-01T13:38:37","date_gmt":"2022-09-01T13:38:37","guid":{"rendered":"https:\/\/aukinkochile.com\/web\/producto\/sonajero-elefante\/"},"modified":"2025-11-26T21:59:02","modified_gmt":"2025-11-26T21:59:02","slug":"sonajero-elefante","status":"publish","type":"product","link":"https:\/\/aukinkochile.com\/web\/producto\/sonajero-elefante\/","title":{"rendered":"Sonajero Elefante"},"content":{"rendered":"<p>Empaca tu ba\u00fal y dir\u00edgete a la sabana con tu nuevo amigo elefante, donde encontrar\u00e1s un sinf\u00edn de diversi\u00f3n, m\u00fasica y aventuras. con sonido hermoso y textura suave este es un juguete que estimula el gusto por la m\u00fasica desde la edad m\u00e1s temprana. Los instrumentos son ideales para acercar a los ni\u00f1os y ni\u00f1as a la m\u00fasica y as\u00ed desarrollar sus sensibilidad y creatividad. Fabricado en pl\u00e1stico, de material suave y resistente y colores vivos.<\/p>\n<p><p><strong>Material : <\/strong> Goma<\/p>\n<p><strong>C\u00f3digo Aukinko : <\/strong> 12-641300<\/p>\n<p><strong>C\u00f3digo Convenio Marco : <\/strong> x<\/p>\n","protected":false},"excerpt":{"rendered":"<p>Empaca tu ba\u00fal y dir\u00edgete a la sabana con tu nuevo amigo elefante, donde encontrar\u00e1s un sinf\u00edn de diversi\u00f3n, m\u00fasica y aventuras. con sonido hermoso y textura suave este es un juguete que estimula el gusto por la m\u00fasica desde la edad m\u00e1s temprana. Los instrumentos son ideales para acercar a los ni\u00f1os y ni\u00f1as [&hellip;]<\/p>\n","protected":false},"featured_media":595228,"comment_status":"open","ping_status":"closed","template":"","meta":{"_et_pb_use_builder":"","_et_pb_old_content":"","_et_gb_content_width":""},"product_brand":[],"product_cat":[91,392,23],"product_tag":[],"class_list":{"0":"post-595229","1":"product","2":"type-product","3":"status-publish","4":"has-post-thumbnail","6":"product_cat-accesorios-sala","7":"product_cat-musica","8":"product_cat-primeros-anos","9":"pa_edad-0-a-1-ano","10":"pa_edad-1-a-2-anos","11":"pa_edad-2-a-3-anos","12":"pa_edad-3-a-4-anos","13":"pa_marca-halilit","14":"pa_medidas-4320","15":"pa_medidas-3-x-18-cm","16":"pa_medidas-5-x-4","18":"first","19":"instock","20":"shipping-taxable","21":"purchasable","22":"product-type-simple"},"aioseo_notices":[],"_links":{"self":[{"href":"https:\/\/aukinkochile.com\/web\/wp-json\/wp\/v2\/product\/595229","targetHints":{"allow":["GET"]}}],"collection":[{"href":"https:\/\/aukinkochile.com\/web\/wp-json\/wp\/v2\/product"}],"about":[{"href":"https:\/\/aukinkochile.com\/web\/wp-json\/wp\/v2\/types\/product"}],"replies":[{"embeddable":true,"href":"https:\/\/aukinkochile.com\/web\/wp-json\/wp\/v2\/comments?post=595229"}],"wp:featuredmedia":[{"embeddable":true,"href":"https:\/\/aukinkochile.com\/web\/wp-json\/wp\/v2\/media\/595228"}],"wp:attachment":[{"href":"https:\/\/aukinkochile.com\/web\/wp-json\/wp\/v2\/media?parent=595229"}],"wp:term":[{"taxonomy":"product_brand","embeddable":true,"href":"https:\/\/aukinkochile.com\/web\/wp-json\/wp\/v2\/product_brand?post=595229"},{"taxonomy":"product_cat","embeddable":true,"href":"https:\/\/aukinkochile.com\/web\/wp-json\/wp\/v2\/product_cat?post=595229"},{"taxonomy":"product_tag","embeddable":true,"href":"https:\/\/aukinkochile.com\/web\/wp-json\/wp\/v2\/product_tag?post=595229"}],"curies":[{"name":"wp","href":"https:\/\/api.w.org\/{rel}","templated":true}]}}