{"id":593707,"date":"2022-08-16T16:44:28","date_gmt":"2022-08-16T16:44:28","guid":{"rendered":"https:\/\/aukinkochile.com\/web\/producto\/juego-de-mesa-fiesta-mexicana\/"},"modified":"2023-10-20T19:16:34","modified_gmt":"2023-10-20T19:16:34","slug":"juego-de-mesa-fiesta-mexicana","status":"publish","type":"product","link":"https:\/\/aukinkochile.com\/web\/producto\/juego-de-mesa-fiesta-mexicana\/","title":{"rendered":"Juego de Mesa Fiesta Mexicana"},"content":{"rendered":"<p>\u00a1La fiesta Mexicana esta por empezar! Quien servir\u00e1 el mejor plato para sus invitados?. Por turnos los jugadores competir\u00e1n por las fichas. Lo especial de este juego es que los n\u00fameros en los tableros de los jugadores determinan los lugares donde puedes colocar las fichas de la comida. Si no puedes colocar ninguna ficha puedes rotar el tablero 90 grados que le dar\u00e1 una nueva posici\u00f3n inicial con nuevos n\u00fameros para nuevas ofertas. \u00bfQuien podr\u00e1 llenar su tablero con tantas fichas de comida de gran potencia como sea posible? Para jugar entre 2 a 4 jugadores, recomendado entre 8 a 99 a\u00f1os de edad, duraci\u00f3n aproximada 30 minutos.<\/p>\n<p><p><strong>Material : <\/strong> CARTON Y PLASTICO<\/p>\n<p><strong>C\u00f3digo Aukinko : <\/strong> 18-1881434<\/p>\n<p><strong>C\u00f3digo Convenio Marco : <\/strong> <\/p>\n","protected":false},"excerpt":{"rendered":"<p>\u00a1La fiesta Mexicana esta por empezar! Quien servir\u00e1 el mejor plato para sus invitados?. Por turnos los jugadores competir\u00e1n por las fichas. Lo especial de este juego es que los n\u00fameros en los tableros de los jugadores determinan los lugares donde puedes colocar las fichas de la comida. Si no puedes colocar ninguna ficha puedes [&hellip;]<\/p>\n","protected":false},"featured_media":624699,"comment_status":"open","ping_status":"closed","template":"","meta":{"_et_pb_use_builder":"","_et_pb_old_content":"","_et_gb_content_width":""},"product_brand":[],"product_cat":[150,149],"product_tag":[],"class_list":{"0":"post-593707","1":"product","2":"type-product","3":"status-publish","4":"has-post-thumbnail","6":"product_cat-asociacion-y-logica","7":"product_cat-juegos-de-mesa","8":"pa_edad-10-anos","9":"pa_edad-8-a-10-anos","10":"pa_marca-huch","11":"pa_medidas-5-cm","12":"pa_medidas-5-x-29","13":"pa_medidas-7-x-29","15":"first","16":"instock","17":"shipping-taxable","18":"purchasable","19":"product-type-simple"},"aioseo_notices":[],"_links":{"self":[{"href":"https:\/\/aukinkochile.com\/web\/wp-json\/wp\/v2\/product\/593707","targetHints":{"allow":["GET"]}}],"collection":[{"href":"https:\/\/aukinkochile.com\/web\/wp-json\/wp\/v2\/product"}],"about":[{"href":"https:\/\/aukinkochile.com\/web\/wp-json\/wp\/v2\/types\/product"}],"replies":[{"embeddable":true,"href":"https:\/\/aukinkochile.com\/web\/wp-json\/wp\/v2\/comments?post=593707"}],"wp:featuredmedia":[{"embeddable":true,"href":"https:\/\/aukinkochile.com\/web\/wp-json\/wp\/v2\/media\/624699"}],"wp:attachment":[{"href":"https:\/\/aukinkochile.com\/web\/wp-json\/wp\/v2\/media?parent=593707"}],"wp:term":[{"taxonomy":"product_brand","embeddable":true,"href":"https:\/\/aukinkochile.com\/web\/wp-json\/wp\/v2\/product_brand?post=593707"},{"taxonomy":"product_cat","embeddable":true,"href":"https:\/\/aukinkochile.com\/web\/wp-json\/wp\/v2\/product_cat?post=593707"},{"taxonomy":"product_tag","embeddable":true,"href":"https:\/\/aukinkochile.com\/web\/wp-json\/wp\/v2\/product_tag?post=593707"}],"curies":[{"name":"wp","href":"https:\/\/api.w.org\/{rel}","templated":true}]}}