{"id":593705,"date":"2022-08-16T16:44:28","date_gmt":"2022-08-16T16:44:28","guid":{"rendered":"https:\/\/aukinkochile.com\/web\/producto\/juego-de-mesa-witchstone\/"},"modified":"2023-10-20T19:16:34","modified_gmt":"2023-10-20T19:16:34","slug":"juego-de-mesa-witchstone","status":"publish","type":"product","link":"https:\/\/aukinkochile.com\/web\/producto\/juego-de-mesa-witchstone\/","title":{"rendered":"Juego de Mesa Witchstone"},"content":{"rendered":"<p>Divertido juego de mesa f\u00e1cil de jugar. El juego de estrategia Witchstone te lleva atr\u00e1s en el tiempo.\u00a0Extiende el tablero de juego y sum\u00e9rgete en el mundo m\u00e1gico de magos y brujas. Como representantes acreditados de su gremio, se re\u00fanen alrededor de una antigua piedra sagrada cuyo significado y poder m\u00e1gico solo conocen los iniciados.\u00a0Todos se mudan a una de las cuatro torres alrededor del Hexenstein, desde donde se llega al trabajo.\u00a0Desarrolla tus f\u00f3rmulas m\u00e1gicas con la ayuda de tu caldero y crea una red de energ\u00eda m\u00e1gica alrededor de la piedra.\u00a0Env\u00eda a tus brujas, saca los cristales m\u00e1gicos del caldero, usa el pentagrama y la varita, y vigila las profec\u00edas para asegurar la victoria.\u00a0Pero no todas las opciones est\u00e1n disponibles para usted en todo momento.\u00a0Solo aquellos que aprovechan h\u00e1bilmente sus oportunidades tienen la oportunidad de acumular la mayor cantidad de puntos de victoria en 11 rondas y as\u00ed ganar el juego. Juego de los conocidos autores Reiner Knizia y Martino Chiaccheira. Recomendado a partir de 12 a 99 a\u00f1os. Para jugar de 2 a 4 jugadores, duraci\u00f3n aproximada de 90 minutos.<\/p>\n<p><p><strong>Material : <\/strong> CARTON GRUESO<\/p>\n<p><strong>C\u00f3digo Aukinko : <\/strong> 18-1881397<\/p>\n<p><strong>C\u00f3digo Convenio Marco : <\/strong> <\/p>\n","protected":false},"excerpt":{"rendered":"<p>Divertido juego de mesa f\u00e1cil de jugar. El juego de estrategia Witchstone te lleva atr\u00e1s en el tiempo.\u00a0Extiende el tablero de juego y sum\u00e9rgete en el mundo m\u00e1gico de magos y brujas. Como representantes acreditados de su gremio, se re\u00fanen alrededor de una antigua piedra sagrada cuyo significado y poder m\u00e1gico solo conocen los iniciados.\u00a0Todos [&hellip;]<\/p>\n","protected":false},"featured_media":624698,"comment_status":"open","ping_status":"closed","template":"","meta":{"_et_pb_use_builder":"","_et_pb_old_content":"","_et_gb_content_width":""},"product_brand":[],"product_cat":[149],"product_tag":[],"class_list":{"0":"post-593705","1":"product","2":"type-product","3":"status-publish","4":"has-post-thumbnail","6":"product_cat-juegos-de-mesa","7":"pa_edad-10-anos","8":"pa_marca-huch","9":"pa_medidas-0-cm","10":"pa_medidas-29-x-29-x-7","12":"first","13":"instock","14":"shipping-taxable","15":"purchasable","16":"product-type-simple"},"aioseo_notices":[],"_links":{"self":[{"href":"https:\/\/aukinkochile.com\/web\/wp-json\/wp\/v2\/product\/593705","targetHints":{"allow":["GET"]}}],"collection":[{"href":"https:\/\/aukinkochile.com\/web\/wp-json\/wp\/v2\/product"}],"about":[{"href":"https:\/\/aukinkochile.com\/web\/wp-json\/wp\/v2\/types\/product"}],"replies":[{"embeddable":true,"href":"https:\/\/aukinkochile.com\/web\/wp-json\/wp\/v2\/comments?post=593705"}],"wp:featuredmedia":[{"embeddable":true,"href":"https:\/\/aukinkochile.com\/web\/wp-json\/wp\/v2\/media\/624698"}],"wp:attachment":[{"href":"https:\/\/aukinkochile.com\/web\/wp-json\/wp\/v2\/media?parent=593705"}],"wp:term":[{"taxonomy":"product_brand","embeddable":true,"href":"https:\/\/aukinkochile.com\/web\/wp-json\/wp\/v2\/product_brand?post=593705"},{"taxonomy":"product_cat","embeddable":true,"href":"https:\/\/aukinkochile.com\/web\/wp-json\/wp\/v2\/product_cat?post=593705"},{"taxonomy":"product_tag","embeddable":true,"href":"https:\/\/aukinkochile.com\/web\/wp-json\/wp\/v2\/product_tag?post=593705"}],"curies":[{"name":"wp","href":"https:\/\/api.w.org\/{rel}","templated":true}]}}