{"id":593687,"date":"2022-08-16T16:44:18","date_gmt":"2022-08-16T16:44:18","guid":{"rendered":"https:\/\/aukinkochile.com\/web\/producto\/juego-de-mesa-coralia\/"},"modified":"2023-10-20T19:16:33","modified_gmt":"2023-10-20T19:16:33","slug":"juego-de-mesa-coralia","status":"publish","type":"product","link":"https:\/\/aukinkochile.com\/web\/producto\/juego-de-mesa-coralia\/","title":{"rendered":"Juego de Mesa Coralia"},"content":{"rendered":"<p>Los coloridos arrecifes que rodean la antigua isla pirata de Coralia ofrecen un para\u00edso para cient\u00edficos de todo el mundo que exploran el mundo submarino con sus robots buceadores y trabajan en la conservaci\u00f3n de los arrecifes de coral.\u00a0Env\u00edan veh\u00edculos operados a distancia para encontrar especies espec\u00edficas de animales.\u00a0Al mismo tiempo, sin embargo, tambi\u00e9n mantienen los ojos abiertos para ver si se puede rastrear uno u otro tesoro pirata hundido.\u00a0Algunas perlas tambi\u00e9n son bienvenidas para terminar no solo siendo un investigador respetado, sino tambi\u00e9n rico&#8230; Este juego de colocaci\u00f3n de dados se trata de conseguir la mayor cantidad de puntos con un poco de suerte y las decisiones correctas, una aventura para \u00a1toda la familia! recomendado a partir de 10 hasta 99 a\u00f1os. Para jugar de 2 a 4 jugadores, duraci\u00f3n aproximada de 35 minutos.<\/p>\n<p><p><strong>Material : <\/strong> CARTON GRUESO<\/p>\n<p><strong>C\u00f3digo Aukinko : <\/strong> 18-1880475<\/p>\n<p><strong>C\u00f3digo Convenio Marco : <\/strong> <\/p>\n","protected":false},"excerpt":{"rendered":"<p>Los coloridos arrecifes que rodean la antigua isla pirata de Coralia ofrecen un para\u00edso para cient\u00edficos de todo el mundo que exploran el mundo submarino con sus robots buceadores y trabajan en la conservaci\u00f3n de los arrecifes de coral.\u00a0Env\u00edan veh\u00edculos operados a distancia para encontrar especies espec\u00edficas de animales.\u00a0Al mismo tiempo, sin embargo, tambi\u00e9n mantienen [&hellip;]<\/p>\n","protected":false},"featured_media":624694,"comment_status":"open","ping_status":"closed","template":"","meta":{"_et_pb_use_builder":"","_et_pb_old_content":"","_et_gb_content_width":""},"product_brand":[],"product_cat":[149],"product_tag":[],"class_list":{"0":"post-593687","1":"product","2":"type-product","3":"status-publish","4":"has-post-thumbnail","6":"product_cat-juegos-de-mesa","7":"pa_edad-10-anos","8":"pa_marca-huch","9":"pa_medidas-0-cm","10":"pa_medidas-4569","11":"pa_medidas-5-x-29","12":"pa_medidas-5-x-7","14":"first","15":"instock","16":"shipping-taxable","17":"purchasable","18":"product-type-simple"},"aioseo_notices":[],"_links":{"self":[{"href":"https:\/\/aukinkochile.com\/web\/wp-json\/wp\/v2\/product\/593687","targetHints":{"allow":["GET"]}}],"collection":[{"href":"https:\/\/aukinkochile.com\/web\/wp-json\/wp\/v2\/product"}],"about":[{"href":"https:\/\/aukinkochile.com\/web\/wp-json\/wp\/v2\/types\/product"}],"replies":[{"embeddable":true,"href":"https:\/\/aukinkochile.com\/web\/wp-json\/wp\/v2\/comments?post=593687"}],"wp:featuredmedia":[{"embeddable":true,"href":"https:\/\/aukinkochile.com\/web\/wp-json\/wp\/v2\/media\/624694"}],"wp:attachment":[{"href":"https:\/\/aukinkochile.com\/web\/wp-json\/wp\/v2\/media?parent=593687"}],"wp:term":[{"taxonomy":"product_brand","embeddable":true,"href":"https:\/\/aukinkochile.com\/web\/wp-json\/wp\/v2\/product_brand?post=593687"},{"taxonomy":"product_cat","embeddable":true,"href":"https:\/\/aukinkochile.com\/web\/wp-json\/wp\/v2\/product_cat?post=593687"},{"taxonomy":"product_tag","embeddable":true,"href":"https:\/\/aukinkochile.com\/web\/wp-json\/wp\/v2\/product_tag?post=593687"}],"curies":[{"name":"wp","href":"https:\/\/api.w.org\/{rel}","templated":true}]}}