{"id":593683,"date":"2022-08-16T16:44:14","date_gmt":"2022-08-16T16:44:14","guid":{"rendered":"https:\/\/aukinkochile.com\/web\/producto\/juego-de-mesa-la-pequena-bruja-2\/"},"modified":"2023-10-20T19:16:33","modified_gmt":"2023-10-20T19:16:33","slug":"juego-de-mesa-la-pequena-bruja-2","status":"publish","type":"product","link":"https:\/\/aukinkochile.com\/web\/producto\/juego-de-mesa-la-pequena-bruja-2\/","title":{"rendered":"Juego de Mesa La Peque\u00f1a Bruja"},"content":{"rendered":"<p>Los ni\u00f1os acompa\u00f1an a la peque\u00f1a bruja y la ayudan a hacer buenas obras.\u00a0Al comienzo del juego, las fichas con buenas acciones se distribuyen por la habitaci\u00f3n.\u00a0A medida que avanza el juego, los ni\u00f1os tienen que encontrar las diferentes buenas obras con la brujita voladora, recogerlas con la escoba magn\u00e9tica y llev\u00e1rselas a los dem\u00e1s ni\u00f1os. Divertido juego cooperativo con mecanismo magn\u00e9tico, recomendado a partir de 5 a\u00f1os, para jugar de 2 a 4 jugadores, duraci\u00f3n aproximada 15 minutos.<\/p>\n<p><p><strong>Material : <\/strong> CARTON GRUESO<\/p>\n<p><strong>C\u00f3digo Aukinko : <\/strong> 18-1880390<\/p>\n<p><strong>C\u00f3digo Convenio Marco : <\/strong> <\/p>\n","protected":false},"excerpt":{"rendered":"<p>Los ni\u00f1os acompa\u00f1an a la peque\u00f1a bruja y la ayudan a hacer buenas obras.\u00a0Al comienzo del juego, las fichas con buenas acciones se distribuyen por la habitaci\u00f3n.\u00a0A medida que avanza el juego, los ni\u00f1os tienen que encontrar las diferentes buenas obras con la brujita voladora, recogerlas con la escoba magn\u00e9tica y llev\u00e1rselas a los dem\u00e1s [&hellip;]<\/p>\n","protected":false},"featured_media":624691,"comment_status":"open","ping_status":"closed","template":"","meta":{"_et_pb_use_builder":"","_et_pb_old_content":"","_et_gb_content_width":""},"product_brand":[],"product_cat":[149],"product_tag":[],"class_list":{"0":"post-593683","1":"product","2":"type-product","3":"status-publish","4":"has-post-thumbnail","6":"product_cat-juegos-de-mesa","7":"pa_edad-5-a-6-anos","8":"pa_edad-6-a-8-anos","9":"pa_edad-8-a-10-anos","10":"pa_marca-huch","11":"pa_medidas-20-x-20-x-4","12":"pa_medidas-5-cm","14":"first","15":"instock","16":"shipping-taxable","17":"purchasable","18":"product-type-simple"},"aioseo_notices":[],"_links":{"self":[{"href":"https:\/\/aukinkochile.com\/web\/wp-json\/wp\/v2\/product\/593683","targetHints":{"allow":["GET"]}}],"collection":[{"href":"https:\/\/aukinkochile.com\/web\/wp-json\/wp\/v2\/product"}],"about":[{"href":"https:\/\/aukinkochile.com\/web\/wp-json\/wp\/v2\/types\/product"}],"replies":[{"embeddable":true,"href":"https:\/\/aukinkochile.com\/web\/wp-json\/wp\/v2\/comments?post=593683"}],"wp:featuredmedia":[{"embeddable":true,"href":"https:\/\/aukinkochile.com\/web\/wp-json\/wp\/v2\/media\/624691"}],"wp:attachment":[{"href":"https:\/\/aukinkochile.com\/web\/wp-json\/wp\/v2\/media?parent=593683"}],"wp:term":[{"taxonomy":"product_brand","embeddable":true,"href":"https:\/\/aukinkochile.com\/web\/wp-json\/wp\/v2\/product_brand?post=593683"},{"taxonomy":"product_cat","embeddable":true,"href":"https:\/\/aukinkochile.com\/web\/wp-json\/wp\/v2\/product_cat?post=593683"},{"taxonomy":"product_tag","embeddable":true,"href":"https:\/\/aukinkochile.com\/web\/wp-json\/wp\/v2\/product_tag?post=593683"}],"curies":[{"name":"wp","href":"https:\/\/api.w.org\/{rel}","templated":true}]}}