{"id":593672,"date":"2022-08-16T16:44:07","date_gmt":"2022-08-16T16:44:07","guid":{"rendered":"https:\/\/aukinkochile.com\/web\/producto\/juego-de-mesa-aetherya\/"},"modified":"2023-10-20T19:16:31","modified_gmt":"2023-10-20T19:16:31","slug":"juego-de-mesa-aetherya","status":"publish","type":"product","link":"https:\/\/aukinkochile.com\/web\/producto\/juego-de-mesa-aetherya\/","title":{"rendered":"Juego de Mesa Aetherya"},"content":{"rendered":"<p>En Aetherya, te esperan tierras salvajes inexploradas y un reino en constante cambio. Aqu\u00ed viven humanos, elfos, enanos, duendes y dragones, pero no siempre se llevan bien. \u00bfHar\u00e1s historia o tu reino perecer\u00e1 en el conflicto? Depende de ti dar forma a la tierra de acuerdo con sus ideas y acomodar a todos los habitantes de Aetherya pac\u00edficamente. Pero aseg\u00farate de que tus reinos vecinos no se desarrollen m\u00e1s r\u00e1pido que t\u00fa. Divertido juego de estrategia para jugar de 1 a 4 jugadores. Recomendado a partir de 10 a\u00f1os. Duraci\u00f3n aproximada 20 minutos.<\/p>\n<p><p><strong>Material : <\/strong> CARTON GRUESO<\/p>\n<p><strong>C\u00f3digo Aukinko : <\/strong> 18-1308003<\/p>\n<p><strong>C\u00f3digo Convenio Marco : <\/strong> <\/p>\n","protected":false},"excerpt":{"rendered":"<p>En Aetherya, te esperan tierras salvajes inexploradas y un reino en constante cambio. Aqu\u00ed viven humanos, elfos, enanos, duendes y dragones, pero no siempre se llevan bien. \u00bfHar\u00e1s historia o tu reino perecer\u00e1 en el conflicto? Depende de ti dar forma a la tierra de acuerdo con sus ideas y acomodar a todos los habitantes [&hellip;]<\/p>\n","protected":false},"featured_media":624673,"comment_status":"open","ping_status":"closed","template":"","meta":{"_et_pb_use_builder":"","_et_pb_old_content":"","_et_gb_content_width":""},"product_brand":[],"product_cat":[149],"product_tag":[],"class_list":{"0":"post-593672","1":"product","2":"type-product","3":"status-publish","4":"has-post-thumbnail","6":"product_cat-juegos-de-mesa","7":"pa_edad-10-anos","8":"pa_marca-huch","9":"pa_medidas-0-cm","10":"pa_medidas-4362","11":"pa_medidas-3-x-25","12":"pa_medidas-3-x-5","14":"first","15":"instock","16":"shipping-taxable","17":"purchasable","18":"product-type-simple"},"aioseo_notices":[],"_links":{"self":[{"href":"https:\/\/aukinkochile.com\/web\/wp-json\/wp\/v2\/product\/593672","targetHints":{"allow":["GET"]}}],"collection":[{"href":"https:\/\/aukinkochile.com\/web\/wp-json\/wp\/v2\/product"}],"about":[{"href":"https:\/\/aukinkochile.com\/web\/wp-json\/wp\/v2\/types\/product"}],"replies":[{"embeddable":true,"href":"https:\/\/aukinkochile.com\/web\/wp-json\/wp\/v2\/comments?post=593672"}],"wp:featuredmedia":[{"embeddable":true,"href":"https:\/\/aukinkochile.com\/web\/wp-json\/wp\/v2\/media\/624673"}],"wp:attachment":[{"href":"https:\/\/aukinkochile.com\/web\/wp-json\/wp\/v2\/media?parent=593672"}],"wp:term":[{"taxonomy":"product_brand","embeddable":true,"href":"https:\/\/aukinkochile.com\/web\/wp-json\/wp\/v2\/product_brand?post=593672"},{"taxonomy":"product_cat","embeddable":true,"href":"https:\/\/aukinkochile.com\/web\/wp-json\/wp\/v2\/product_cat?post=593672"},{"taxonomy":"product_tag","embeddable":true,"href":"https:\/\/aukinkochile.com\/web\/wp-json\/wp\/v2\/product_tag?post=593672"}],"curies":[{"name":"wp","href":"https:\/\/api.w.org\/{rel}","templated":true}]}}