{"id":593668,"date":"2022-08-16T16:44:04","date_gmt":"2022-08-16T16:44:04","guid":{"rendered":"https:\/\/aukinkochile.com\/web\/producto\/juego-de-mesa-quacks-co\/"},"modified":"2024-08-06T19:41:40","modified_gmt":"2024-08-06T19:41:40","slug":"juego-de-mesa-quacks-co","status":"publish","type":"product","link":"https:\/\/aukinkochile.com\/web\/producto\/juego-de-mesa-quacks-co\/","title":{"rendered":"Juego de Mesa Quacks &#038; Co."},"content":{"rendered":"<p>Divertido juego de mesa para pasar horas de diversi\u00f3n. Cada a\u00f1o, el d\u00eda anterior al famoso mercado de Quedlinburg, los ni\u00f1os del pueblo celebran tradicionalmente una gran carrera. Encuentra la combinaci\u00f3n correcta de alimentos para ser lo m\u00e1s r\u00e1pido posible. En el camino, podr\u00e1s recolectar rub\u00edes con los que puedes comprar comida nueva, tal vez incluso mejor. \u00bfQui\u00e9n puede usar una buena combinaci\u00f3n de t\u00e1cticas y suerte para hacer avanzar a su animal r\u00e1pidamente, terminar primero y finalmente ganar el caldero de oro? Recomendado a partir de 6 a\u00f1os, para jugar de 2 a 4 jugadores.<\/p>\n<p><p><strong>Material : <\/strong> Cart\u00f3n Grueso<\/p>\n<p><strong>C\u00f3digo Aukinko : <\/strong> 13-288409<\/p>\n<p><strong>C\u00f3digo Convenio Marco : <\/strong> x<\/p>\n","protected":false},"excerpt":{"rendered":"<p>Divertido juego de mesa para pasar horas de diversi\u00f3n. Cada a\u00f1o, el d\u00eda anterior al famoso mercado de Quedlinburg, los ni\u00f1os del pueblo celebran tradicionalmente una gran carrera. Encuentra la combinaci\u00f3n correcta de alimentos para ser lo m\u00e1s r\u00e1pido posible. En el camino, podr\u00e1s recolectar rub\u00edes con los que puedes comprar comida nueva, tal vez [&hellip;]<\/p>\n","protected":false},"featured_media":627361,"comment_status":"open","ping_status":"closed","template":"","meta":{"_et_pb_use_builder":"","_et_pb_old_content":"","_et_gb_content_width":""},"product_brand":[],"product_cat":[149],"product_tag":[],"class_list":{"0":"post-593668","1":"product","2":"type-product","3":"status-publish","4":"has-post-thumbnail","6":"product_cat-juegos-de-mesa","7":"pa_edad-10-anos","8":"pa_edad-6-a-8-anos","9":"pa_edad-8-a-10-anos","10":"pa_marca-schmidt","11":"pa_medidas-4569","12":"pa_medidas-3-cm","13":"pa_medidas-5-x-29","14":"pa_medidas-5-x-7","16":"first","17":"instock","18":"shipping-taxable","19":"purchasable","20":"product-type-simple"},"aioseo_notices":[],"_links":{"self":[{"href":"https:\/\/aukinkochile.com\/web\/wp-json\/wp\/v2\/product\/593668","targetHints":{"allow":["GET"]}}],"collection":[{"href":"https:\/\/aukinkochile.com\/web\/wp-json\/wp\/v2\/product"}],"about":[{"href":"https:\/\/aukinkochile.com\/web\/wp-json\/wp\/v2\/types\/product"}],"replies":[{"embeddable":true,"href":"https:\/\/aukinkochile.com\/web\/wp-json\/wp\/v2\/comments?post=593668"}],"wp:featuredmedia":[{"embeddable":true,"href":"https:\/\/aukinkochile.com\/web\/wp-json\/wp\/v2\/media\/627361"}],"wp:attachment":[{"href":"https:\/\/aukinkochile.com\/web\/wp-json\/wp\/v2\/media?parent=593668"}],"wp:term":[{"taxonomy":"product_brand","embeddable":true,"href":"https:\/\/aukinkochile.com\/web\/wp-json\/wp\/v2\/product_brand?post=593668"},{"taxonomy":"product_cat","embeddable":true,"href":"https:\/\/aukinkochile.com\/web\/wp-json\/wp\/v2\/product_cat?post=593668"},{"taxonomy":"product_tag","embeddable":true,"href":"https:\/\/aukinkochile.com\/web\/wp-json\/wp\/v2\/product_tag?post=593668"}],"curies":[{"name":"wp","href":"https:\/\/api.w.org\/{rel}","templated":true}]}}