{"id":593664,"date":"2022-08-16T16:44:01","date_gmt":"2022-08-16T16:44:01","guid":{"rendered":"https:\/\/aukinkochile.com\/web\/producto\/juego-de-mesa-kannste-knicken\/"},"modified":"2024-08-06T19:41:38","modified_gmt":"2024-08-06T19:41:38","slug":"juego-de-mesa-kannste-knicken","status":"publish","type":"product","link":"https:\/\/aukinkochile.com\/web\/producto\/juego-de-mesa-kannste-knicken\/","title":{"rendered":"Juego de Mesa Roll Em Fold Em"},"content":{"rendered":"<p>Divertido juego de mesa para pasar horas de diversi\u00f3n. Se puede doblar, pero solo cuando todos los emoticones en una esquina est\u00e9n marcados.\u00a0Los jugadores tienen que decidir cada vez si solo doblan la esquina peque\u00f1a o la esquina grande, que est\u00e1 conectada a una bonificaci\u00f3n permanente. Todos juegan al mismo tiempo en este nuevo juego y eligen el n\u00famero de pasos.\u00a0Quien sea el primero en doblar las cuatro esquinas y conectar los s\u00edmbolos de destino que aparecen en ellos, gana.\u00a0Cuatro niveles diferentes con distintos grados de dificultad garantizan una diversi\u00f3n variada. Recomendado a partir de 8 a\u00f1os, para jugar de 1 a 4 jugadores.<\/p>\n<p><p><strong>Material : <\/strong> Cart\u00f3n Grueso<\/p>\n<p><strong>C\u00f3digo Aukinko : <\/strong> 13-288348<\/p>\n<p><strong>C\u00f3digo Convenio Marco : <\/strong> x<\/p>\n","protected":false},"excerpt":{"rendered":"<p>Divertido juego de mesa para pasar horas de diversi\u00f3n. Se puede doblar, pero solo cuando todos los emoticones en una esquina est\u00e9n marcados.\u00a0Los jugadores tienen que decidir cada vez si solo doblan la esquina peque\u00f1a o la esquina grande, que est\u00e1 conectada a una bonificaci\u00f3n permanente. Todos juegan al mismo tiempo en este nuevo juego [&hellip;]<\/p>\n","protected":false},"featured_media":627359,"comment_status":"open","ping_status":"closed","template":"","meta":{"_et_pb_use_builder":"","_et_pb_old_content":"","_et_gb_content_width":""},"product_brand":[],"product_cat":[149],"product_tag":[],"class_list":{"0":"post-593664","1":"product","2":"type-product","3":"status-publish","4":"has-post-thumbnail","6":"product_cat-juegos-de-mesa","7":"pa_edad-10-anos","8":"pa_edad-8-a-10-anos","9":"pa_marca-schmidt","10":"pa_medidas-13-x-18-x-4-cm","12":"first","13":"instock","14":"shipping-taxable","15":"purchasable","16":"product-type-simple"},"aioseo_notices":[],"_links":{"self":[{"href":"https:\/\/aukinkochile.com\/web\/wp-json\/wp\/v2\/product\/593664","targetHints":{"allow":["GET"]}}],"collection":[{"href":"https:\/\/aukinkochile.com\/web\/wp-json\/wp\/v2\/product"}],"about":[{"href":"https:\/\/aukinkochile.com\/web\/wp-json\/wp\/v2\/types\/product"}],"replies":[{"embeddable":true,"href":"https:\/\/aukinkochile.com\/web\/wp-json\/wp\/v2\/comments?post=593664"}],"wp:featuredmedia":[{"embeddable":true,"href":"https:\/\/aukinkochile.com\/web\/wp-json\/wp\/v2\/media\/627359"}],"wp:attachment":[{"href":"https:\/\/aukinkochile.com\/web\/wp-json\/wp\/v2\/media?parent=593664"}],"wp:term":[{"taxonomy":"product_brand","embeddable":true,"href":"https:\/\/aukinkochile.com\/web\/wp-json\/wp\/v2\/product_brand?post=593664"},{"taxonomy":"product_cat","embeddable":true,"href":"https:\/\/aukinkochile.com\/web\/wp-json\/wp\/v2\/product_cat?post=593664"},{"taxonomy":"product_tag","embeddable":true,"href":"https:\/\/aukinkochile.com\/web\/wp-json\/wp\/v2\/product_tag?post=593664"}],"curies":[{"name":"wp","href":"https:\/\/api.w.org\/{rel}","templated":true}]}}