{"id":593645,"date":"2022-08-16T16:43:40","date_gmt":"2022-08-16T16:43:40","guid":{"rendered":"https:\/\/aukinkochile.com\/web\/producto\/puzle-1-000-pz-selva-de-loros\/"},"modified":"2024-08-06T19:41:23","modified_gmt":"2024-08-06T19:41:23","slug":"puzle-1-000-pz-selva-de-loros","status":"publish","type":"product","link":"https:\/\/aukinkochile.com\/web\/producto\/puzle-1-000-pz-selva-de-loros\/","title":{"rendered":"Puzle 1.000 pz Selva de Loros"},"content":{"rendered":"<p>Puzles de 1.000 piezas con hermosas ilustraciones. De material suave y resistente. Dimensiones puzle armado 69,3 x 49,3 cm.<\/p>\n<p><p><strong>Material : <\/strong> Cart\u00f3n Grueso<\/p>\n<p><strong>C\u00f3digo Aukinko : <\/strong> 13-259948<\/p>\n<p><strong>C\u00f3digo Convenio Marco : <\/strong> x<\/p>\n","protected":false},"excerpt":{"rendered":"<p>Puzles de 1.000 piezas con hermosas ilustraciones. De material suave y resistente. Dimensiones puzle armado 69,3 x 49,3 cm. Material : Cart\u00f3n Grueso C\u00f3digo Aukinko : 13-259948 C\u00f3digo Convenio Marco : x<\/p>\n","protected":false},"featured_media":627343,"comment_status":"open","ping_status":"closed","template":"","meta":{"_et_pb_use_builder":"","_et_pb_old_content":"","_et_gb_content_width":""},"product_brand":[],"product_cat":[22],"product_tag":[],"class_list":{"0":"post-593645","1":"product","2":"type-product","3":"status-publish","4":"has-post-thumbnail","6":"product_cat-puzzles","7":"pa_edad-10-anos","8":"pa_marca-schmidt","9":"pa_medidas-2-x-5","10":"pa_medidas-3-x-27","11":"pa_medidas-4364","12":"pa_medidas-7-cm","14":"first","15":"instock","16":"shipping-taxable","17":"purchasable","18":"product-type-simple"},"aioseo_notices":[],"_links":{"self":[{"href":"https:\/\/aukinkochile.com\/web\/wp-json\/wp\/v2\/product\/593645","targetHints":{"allow":["GET"]}}],"collection":[{"href":"https:\/\/aukinkochile.com\/web\/wp-json\/wp\/v2\/product"}],"about":[{"href":"https:\/\/aukinkochile.com\/web\/wp-json\/wp\/v2\/types\/product"}],"replies":[{"embeddable":true,"href":"https:\/\/aukinkochile.com\/web\/wp-json\/wp\/v2\/comments?post=593645"}],"wp:featuredmedia":[{"embeddable":true,"href":"https:\/\/aukinkochile.com\/web\/wp-json\/wp\/v2\/media\/627343"}],"wp:attachment":[{"href":"https:\/\/aukinkochile.com\/web\/wp-json\/wp\/v2\/media?parent=593645"}],"wp:term":[{"taxonomy":"product_brand","embeddable":true,"href":"https:\/\/aukinkochile.com\/web\/wp-json\/wp\/v2\/product_brand?post=593645"},{"taxonomy":"product_cat","embeddable":true,"href":"https:\/\/aukinkochile.com\/web\/wp-json\/wp\/v2\/product_cat?post=593645"},{"taxonomy":"product_tag","embeddable":true,"href":"https:\/\/aukinkochile.com\/web\/wp-json\/wp\/v2\/product_tag?post=593645"}],"curies":[{"name":"wp","href":"https:\/\/api.w.org\/{rel}","templated":true}]}}