{"id":593568,"date":"2022-08-16T16:42:39","date_gmt":"2022-08-16T16:42:39","guid":{"rendered":"https:\/\/aukinkochile.com\/web\/producto\/puzle-1-000-pz-lobo-en-luna-llena\/"},"modified":"2024-08-06T19:40:47","modified_gmt":"2024-08-06T19:40:47","slug":"puzle-1-000-pz-lobo-en-luna-llena","status":"publish","type":"product","link":"https:\/\/aukinkochile.com\/web\/producto\/puzle-1-000-pz-lobo-en-luna-llena\/","title":{"rendered":"Puzle 1.000 pz Lobo en Luna Llena"},"content":{"rendered":"<p>Hermoso puzle de 1000 piezas con una maravillosa y colorida ilustraci\u00f3n de lobos bajo la luna llena. Dimensiones del puzle: 49,3 x 69,3 cm.<\/p>\n<p><p><strong>Material : <\/strong> Cart\u00f3n Grueso<\/p>\n<p><strong>C\u00f3digo Aukinko : <\/strong> 13-258233<\/p>\n<p><strong>C\u00f3digo Convenio Marco : <\/strong> x<\/p>\n","protected":false},"excerpt":{"rendered":"<p>Hermoso puzle de 1000 piezas con una maravillosa y colorida ilustraci\u00f3n de lobos bajo la luna llena. Dimensiones del puzle: 49,3 x 69,3 cm. Material : Cart\u00f3n Grueso C\u00f3digo Aukinko : 13-258233 C\u00f3digo Convenio Marco : x<\/p>\n","protected":false},"featured_media":627298,"comment_status":"open","ping_status":"closed","template":"","meta":{"_et_pb_use_builder":"","_et_pb_old_content":"","_et_gb_content_width":""},"product_brand":[],"product_cat":[20,22],"product_tag":[],"class_list":{"0":"post-593568","1":"product","2":"type-product","3":"status-publish","4":"has-post-thumbnail","6":"product_cat-motricidad-fina","7":"product_cat-puzzles","8":"pa_edad-10-anos","9":"pa_marca-schmidt","10":"pa_medidas-2-x-5","11":"pa_medidas-3-x-27","12":"pa_medidas-4364","13":"pa_medidas-7-cm","15":"first","16":"instock","17":"shipping-taxable","18":"purchasable","19":"product-type-simple"},"aioseo_notices":[],"_links":{"self":[{"href":"https:\/\/aukinkochile.com\/web\/wp-json\/wp\/v2\/product\/593568","targetHints":{"allow":["GET"]}}],"collection":[{"href":"https:\/\/aukinkochile.com\/web\/wp-json\/wp\/v2\/product"}],"about":[{"href":"https:\/\/aukinkochile.com\/web\/wp-json\/wp\/v2\/types\/product"}],"replies":[{"embeddable":true,"href":"https:\/\/aukinkochile.com\/web\/wp-json\/wp\/v2\/comments?post=593568"}],"wp:featuredmedia":[{"embeddable":true,"href":"https:\/\/aukinkochile.com\/web\/wp-json\/wp\/v2\/media\/627298"}],"wp:attachment":[{"href":"https:\/\/aukinkochile.com\/web\/wp-json\/wp\/v2\/media?parent=593568"}],"wp:term":[{"taxonomy":"product_brand","embeddable":true,"href":"https:\/\/aukinkochile.com\/web\/wp-json\/wp\/v2\/product_brand?post=593568"},{"taxonomy":"product_cat","embeddable":true,"href":"https:\/\/aukinkochile.com\/web\/wp-json\/wp\/v2\/product_cat?post=593568"},{"taxonomy":"product_tag","embeddable":true,"href":"https:\/\/aukinkochile.com\/web\/wp-json\/wp\/v2\/product_tag?post=593568"}],"curies":[{"name":"wp","href":"https:\/\/api.w.org\/{rel}","templated":true}]}}