{"id":593547,"date":"2022-08-16T16:42:28","date_gmt":"2022-08-16T16:42:28","guid":{"rendered":"https:\/\/aukinkochile.com\/web\/producto\/puzle-2-x-60-2-x-100-pz-club-de-caballos-maleta-metal\/"},"modified":"2024-08-06T19:40:36","modified_gmt":"2024-08-06T19:40:36","slug":"puzle-2-x-60-2-x-100-pz-club-de-caballos-maleta-metal","status":"publish","type":"product","link":"https:\/\/aukinkochile.com\/web\/producto\/puzle-2-x-60-2-x-100-pz-club-de-caballos-maleta-metal\/","title":{"rendered":"Puzle 2 X 60, 2 X 100 pz Club de Caballos"},"content":{"rendered":"<p>Divertida maleta de metal con 4 divertidos puzles, 2 de 60 piezas y 2 de 100 piezas. con hermosas ilustraciones, de material suave y resistente. Para llevar a todas partes. Dimensiones puzles armados 36,1 x 24,4 cm.<\/p>\n<p><p><strong>Material : <\/strong> Cart\u00f3n Grueso y Metal<\/p>\n<p><strong>C\u00f3digo Aukinko : <\/strong> 13-256515<\/p>\n<p><strong>C\u00f3digo Convenio Marco : <\/strong> x<\/p>\n","protected":false},"excerpt":{"rendered":"<p>Divertida maleta de metal con 4 divertidos puzles, 2 de 60 piezas y 2 de 100 piezas. con hermosas ilustraciones, de material suave y resistente. Para llevar a todas partes. Dimensiones puzles armados 36,1 x 24,4 cm. Material : Cart\u00f3n Grueso y Metal C\u00f3digo Aukinko : 13-256515 C\u00f3digo Convenio Marco : x<\/p>\n","protected":false},"featured_media":627286,"comment_status":"open","ping_status":"closed","template":"","meta":{"_et_pb_use_builder":"","_et_pb_old_content":"","_et_gb_content_width":""},"product_brand":[],"product_cat":[22],"product_tag":[],"class_list":{"0":"post-593547","1":"product","2":"type-product","3":"status-publish","4":"has-post-thumbnail","6":"product_cat-puzzles","7":"pa_edad-10-anos","8":"pa_edad-5-a-6-anos","9":"pa_edad-6-a-8-anos","10":"pa_edad-8-a-10-anos","11":"pa_marca-schmidt","12":"pa_medidas-28-x-21-x-6","13":"pa_medidas-3-cm","15":"first","16":"instock","17":"shipping-taxable","18":"purchasable","19":"product-type-simple"},"aioseo_notices":[],"_links":{"self":[{"href":"https:\/\/aukinkochile.com\/web\/wp-json\/wp\/v2\/product\/593547","targetHints":{"allow":["GET"]}}],"collection":[{"href":"https:\/\/aukinkochile.com\/web\/wp-json\/wp\/v2\/product"}],"about":[{"href":"https:\/\/aukinkochile.com\/web\/wp-json\/wp\/v2\/types\/product"}],"replies":[{"embeddable":true,"href":"https:\/\/aukinkochile.com\/web\/wp-json\/wp\/v2\/comments?post=593547"}],"wp:featuredmedia":[{"embeddable":true,"href":"https:\/\/aukinkochile.com\/web\/wp-json\/wp\/v2\/media\/627286"}],"wp:attachment":[{"href":"https:\/\/aukinkochile.com\/web\/wp-json\/wp\/v2\/media?parent=593547"}],"wp:term":[{"taxonomy":"product_brand","embeddable":true,"href":"https:\/\/aukinkochile.com\/web\/wp-json\/wp\/v2\/product_brand?post=593547"},{"taxonomy":"product_cat","embeddable":true,"href":"https:\/\/aukinkochile.com\/web\/wp-json\/wp\/v2\/product_cat?post=593547"},{"taxonomy":"product_tag","embeddable":true,"href":"https:\/\/aukinkochile.com\/web\/wp-json\/wp\/v2\/product_tag?post=593547"}],"curies":[{"name":"wp","href":"https:\/\/api.w.org\/{rel}","templated":true}]}}