{"id":593520,"date":"2022-08-16T16:42:05","date_gmt":"2022-08-16T16:42:05","guid":{"rendered":"https:\/\/aukinkochile.com\/web\/producto\/puzle-40-pz-granja-mas-12-figuras\/"},"modified":"2024-08-06T19:39:22","modified_gmt":"2024-08-06T19:39:22","slug":"puzle-40-pz-granja-mas-12-figuras","status":"publish","type":"product","link":"https:\/\/aukinkochile.com\/web\/producto\/puzle-40-pz-granja-mas-12-figuras\/","title":{"rendered":"Puzle 40 pz Granja + 12 Figuras"},"content":{"rendered":"<p>Divertido puzle de 40 piezas con hermosas ilustraciones coloridas y alegres. De material firme y duradero. tama\u00f1o puzle armado 36,1 x 24,3 cm. Incluye un set de 12 animales de la granja.<\/p>\n<p><p><strong>Material : <\/strong> Cart\u00f3n Grueso<\/p>\n<p><strong>C\u00f3digo Aukinko : <\/strong> 13-256379<\/p>\n<p><strong>C\u00f3digo Convenio Marco : <\/strong> x<\/p>\n","protected":false},"excerpt":{"rendered":"<p>Divertido puzle de 40 piezas con hermosas ilustraciones coloridas y alegres. De material firme y duradero. tama\u00f1o puzle armado 36,1 x 24,3 cm. Incluye un set de 12 animales de la granja. Material : Cart\u00f3n Grueso C\u00f3digo Aukinko : 13-256379 C\u00f3digo Convenio Marco : x<\/p>\n","protected":false},"featured_media":627271,"comment_status":"open","ping_status":"closed","template":"","meta":{"_et_pb_use_builder":"","_et_pb_old_content":"","_et_gb_content_width":""},"product_brand":[],"product_cat":[20,22],"product_tag":[],"class_list":{"0":"post-593520","1":"product","2":"type-product","3":"status-publish","4":"has-post-thumbnail","6":"product_cat-motricidad-fina","7":"product_cat-puzzles","8":"pa_edad-4-a-5-anos","9":"pa_edad-5-a-6-anos","10":"pa_edad-6-a-8-anos","11":"pa_marca-schmidt","12":"pa_medidas-1-x-3","13":"pa_medidas-4394","14":"pa_medidas-5-x-19","15":"pa_medidas-6-cm","17":"first","18":"instock","19":"shipping-taxable","20":"purchasable","21":"product-type-simple"},"aioseo_notices":[],"_links":{"self":[{"href":"https:\/\/aukinkochile.com\/web\/wp-json\/wp\/v2\/product\/593520","targetHints":{"allow":["GET"]}}],"collection":[{"href":"https:\/\/aukinkochile.com\/web\/wp-json\/wp\/v2\/product"}],"about":[{"href":"https:\/\/aukinkochile.com\/web\/wp-json\/wp\/v2\/types\/product"}],"replies":[{"embeddable":true,"href":"https:\/\/aukinkochile.com\/web\/wp-json\/wp\/v2\/comments?post=593520"}],"wp:featuredmedia":[{"embeddable":true,"href":"https:\/\/aukinkochile.com\/web\/wp-json\/wp\/v2\/media\/627271"}],"wp:attachment":[{"href":"https:\/\/aukinkochile.com\/web\/wp-json\/wp\/v2\/media?parent=593520"}],"wp:term":[{"taxonomy":"product_brand","embeddable":true,"href":"https:\/\/aukinkochile.com\/web\/wp-json\/wp\/v2\/product_brand?post=593520"},{"taxonomy":"product_cat","embeddable":true,"href":"https:\/\/aukinkochile.com\/web\/wp-json\/wp\/v2\/product_cat?post=593520"},{"taxonomy":"product_tag","embeddable":true,"href":"https:\/\/aukinkochile.com\/web\/wp-json\/wp\/v2\/product_tag?post=593520"}],"curies":[{"name":"wp","href":"https:\/\/api.w.org\/{rel}","templated":true}]}}