{"id":593458,"date":"2022-08-16T16:41:30","date_gmt":"2022-08-16T16:41:30","guid":{"rendered":"https:\/\/aukinkochile.com\/web\/producto\/juego-de-mesa-backgammon-caja-metal\/"},"modified":"2024-08-06T19:38:39","modified_gmt":"2024-08-06T19:38:39","slug":"juego-de-mesa-backgammon-caja-metal","status":"publish","type":"product","link":"https:\/\/aukinkochile.com\/web\/producto\/juego-de-mesa-backgammon-caja-metal\/","title":{"rendered":"Juego de Mesa Backgammon"},"content":{"rendered":"<p>Un cl\u00e1sico juego de mesa para pasar horas de diversi\u00f3n. Backgammon es uno de los juegos de estrategia m\u00e1s antiguos del mundo.\u00a0Este cl\u00e1sico para dos jugadores viene en una pr\u00e1ctica caja met\u00e1lica para que puedas llevarte la diversi\u00f3n all\u00e1 donde vayas. Recomendado a partir de 8 a\u00f1os, para jugar de a 2 jugadores.<\/p>\n<p><p><strong>Material : <\/strong> Pl\u00e1stico, Cart\u00f3n y Metal<\/p>\n<p><strong>C\u00f3digo Aukinko : <\/strong> 13-251445<\/p>\n<p><strong>C\u00f3digo Convenio Marco : <\/strong> x<\/p>\n","protected":false},"excerpt":{"rendered":"<p>Un cl\u00e1sico juego de mesa para pasar horas de diversi\u00f3n. Backgammon es uno de los juegos de estrategia m\u00e1s antiguos del mundo.\u00a0Este cl\u00e1sico para dos jugadores viene en una pr\u00e1ctica caja met\u00e1lica para que puedas llevarte la diversi\u00f3n all\u00e1 donde vayas. Recomendado a partir de 8 a\u00f1os, para jugar de a 2 jugadores. Material : [&hellip;]<\/p>\n","protected":false},"featured_media":627212,"comment_status":"open","ping_status":"closed","template":"","meta":{"_et_pb_use_builder":"","_et_pb_old_content":"","_et_gb_content_width":""},"product_brand":[],"product_cat":[149],"product_tag":[],"class_list":{"0":"post-593458","1":"product","2":"type-product","3":"status-publish","4":"has-post-thumbnail","6":"product_cat-juegos-de-mesa","7":"pa_edad-10-anos","8":"pa_edad-8-a-10-anos","9":"pa_marca-schmidt","10":"pa_medidas-4478","11":"pa_medidas-4-x-11","12":"pa_medidas-4-x-3","13":"pa_medidas-9-cm","15":"first","16":"instock","17":"shipping-taxable","18":"purchasable","19":"product-type-simple"},"aioseo_notices":[],"_links":{"self":[{"href":"https:\/\/aukinkochile.com\/web\/wp-json\/wp\/v2\/product\/593458","targetHints":{"allow":["GET"]}}],"collection":[{"href":"https:\/\/aukinkochile.com\/web\/wp-json\/wp\/v2\/product"}],"about":[{"href":"https:\/\/aukinkochile.com\/web\/wp-json\/wp\/v2\/types\/product"}],"replies":[{"embeddable":true,"href":"https:\/\/aukinkochile.com\/web\/wp-json\/wp\/v2\/comments?post=593458"}],"wp:featuredmedia":[{"embeddable":true,"href":"https:\/\/aukinkochile.com\/web\/wp-json\/wp\/v2\/media\/627212"}],"wp:attachment":[{"href":"https:\/\/aukinkochile.com\/web\/wp-json\/wp\/v2\/media?parent=593458"}],"wp:term":[{"taxonomy":"product_brand","embeddable":true,"href":"https:\/\/aukinkochile.com\/web\/wp-json\/wp\/v2\/product_brand?post=593458"},{"taxonomy":"product_cat","embeddable":true,"href":"https:\/\/aukinkochile.com\/web\/wp-json\/wp\/v2\/product_cat?post=593458"},{"taxonomy":"product_tag","embeddable":true,"href":"https:\/\/aukinkochile.com\/web\/wp-json\/wp\/v2\/product_tag?post=593458"}],"curies":[{"name":"wp","href":"https:\/\/api.w.org\/{rel}","templated":true}]}}