{"id":593429,"date":"2022-08-16T16:41:15","date_gmt":"2022-08-16T16:41:15","guid":{"rendered":"https:\/\/aukinkochile.com\/web\/producto\/juego-de-mesa-echt-spitze\/"},"modified":"2024-08-06T19:38:34","modified_gmt":"2024-08-06T19:38:34","slug":"juego-de-mesa-echt-spitze","status":"publish","type":"product","link":"https:\/\/aukinkochile.com\/web\/producto\/juego-de-mesa-echt-spitze\/","title":{"rendered":"Juego de Mesa Echt Spitze"},"content":{"rendered":"<p>Divertido juego de ingenio para pasar horas de diversi\u00f3n. Desarrollado por los autores Klaus-J\u00fcrgen Wrede y Ralph Querfurt. Recomendado a partir de 8 a\u00f1os, para jugar de 1 a 4 jugadores.<\/p>\n<p><p><strong>Material : <\/strong> Cart\u00f3n Grueso<\/p>\n<p><strong>C\u00f3digo Aukinko : <\/strong> 13-249406<\/p>\n<p><strong>C\u00f3digo Convenio Marco : <\/strong> x<\/p>\n","protected":false},"excerpt":{"rendered":"<p>Divertido juego de ingenio para pasar horas de diversi\u00f3n. Desarrollado por los autores Klaus-J\u00fcrgen Wrede y Ralph Querfurt. Recomendado a partir de 8 a\u00f1os, para jugar de 1 a 4 jugadores. Material : Cart\u00f3n Grueso C\u00f3digo Aukinko : 13-249406 C\u00f3digo Convenio Marco : x<\/p>\n","protected":false},"featured_media":627201,"comment_status":"open","ping_status":"closed","template":"","meta":{"_et_pb_use_builder":"","_et_pb_old_content":"","_et_gb_content_width":""},"product_brand":[],"product_cat":[149],"product_tag":[],"class_list":{"0":"post-593429","1":"product","2":"type-product","3":"status-publish","4":"has-post-thumbnail","6":"product_cat-juegos-de-mesa","7":"pa_edad-10-anos","8":"pa_edad-8-a-10-anos","9":"pa_marca-schmidt","10":"pa_medidas-13-x-18-x-4-cm","12":"first","13":"instock","14":"shipping-taxable","15":"purchasable","16":"product-type-simple"},"aioseo_notices":[],"_links":{"self":[{"href":"https:\/\/aukinkochile.com\/web\/wp-json\/wp\/v2\/product\/593429","targetHints":{"allow":["GET"]}}],"collection":[{"href":"https:\/\/aukinkochile.com\/web\/wp-json\/wp\/v2\/product"}],"about":[{"href":"https:\/\/aukinkochile.com\/web\/wp-json\/wp\/v2\/types\/product"}],"replies":[{"embeddable":true,"href":"https:\/\/aukinkochile.com\/web\/wp-json\/wp\/v2\/comments?post=593429"}],"wp:featuredmedia":[{"embeddable":true,"href":"https:\/\/aukinkochile.com\/web\/wp-json\/wp\/v2\/media\/627201"}],"wp:attachment":[{"href":"https:\/\/aukinkochile.com\/web\/wp-json\/wp\/v2\/media?parent=593429"}],"wp:term":[{"taxonomy":"product_brand","embeddable":true,"href":"https:\/\/aukinkochile.com\/web\/wp-json\/wp\/v2\/product_brand?post=593429"},{"taxonomy":"product_cat","embeddable":true,"href":"https:\/\/aukinkochile.com\/web\/wp-json\/wp\/v2\/product_cat?post=593429"},{"taxonomy":"product_tag","embeddable":true,"href":"https:\/\/aukinkochile.com\/web\/wp-json\/wp\/v2\/product_tag?post=593429"}],"curies":[{"name":"wp","href":"https:\/\/api.w.org\/{rel}","templated":true}]}}