{"id":593427,"date":"2022-08-16T16:41:14","date_gmt":"2022-08-16T16:41:14","guid":{"rendered":"https:\/\/aukinkochile.com\/web\/producto\/juego-de-mesa-en-linea\/"},"modified":"2024-08-06T19:38:33","modified_gmt":"2024-08-06T19:38:33","slug":"juego-de-mesa-en-linea","status":"publish","type":"product","link":"https:\/\/aukinkochile.com\/web\/producto\/juego-de-mesa-en-linea\/","title":{"rendered":"Juego de Mesa En L\u00ednea"},"content":{"rendered":"<p>\u00bfQui\u00e9n ser\u00e1 el primero en conseguir cuatro fichas de su color seguidas?\u00a0Puedes atraer a tu oponente a una trampa.\u00a0Un juego sorprendentemente simple y emocionante. Recomendado a partir de 6 a\u00f1os, para jugar de a 2 jugadores.<\/p>\n<p><p><strong>Material : <\/strong> Cart\u00f3n Grueso<\/p>\n<p><strong>C\u00f3digo Aukinko : <\/strong> 13-249403<\/p>\n<p><strong>C\u00f3digo Convenio Marco : <\/strong> x<\/p>\n","protected":false},"excerpt":{"rendered":"<p>\u00bfQui\u00e9n ser\u00e1 el primero en conseguir cuatro fichas de su color seguidas?\u00a0Puedes atraer a tu oponente a una trampa.\u00a0Un juego sorprendentemente simple y emocionante. Recomendado a partir de 6 a\u00f1os, para jugar de a 2 jugadores. Material : Cart\u00f3n Grueso C\u00f3digo Aukinko : 13-249403 C\u00f3digo Convenio Marco : x<\/p>\n","protected":false},"featured_media":627200,"comment_status":"open","ping_status":"closed","template":"","meta":{"_et_pb_use_builder":"","_et_pb_old_content":"","_et_gb_content_width":""},"product_brand":[],"product_cat":[149],"product_tag":[],"class_list":{"0":"post-593427","1":"product","2":"type-product","3":"status-publish","4":"has-post-thumbnail","6":"product_cat-juegos-de-mesa","7":"pa_edad-10-anos","8":"pa_edad-6-a-8-anos","9":"pa_edad-8-a-10-anos","10":"pa_marca-schmidt","11":"pa_medidas-19-x-27","12":"pa_medidas-5-x-6","13":"pa_medidas-7-cm","15":"first","16":"instock","17":"shipping-taxable","18":"purchasable","19":"product-type-simple"},"aioseo_notices":[],"_links":{"self":[{"href":"https:\/\/aukinkochile.com\/web\/wp-json\/wp\/v2\/product\/593427","targetHints":{"allow":["GET"]}}],"collection":[{"href":"https:\/\/aukinkochile.com\/web\/wp-json\/wp\/v2\/product"}],"about":[{"href":"https:\/\/aukinkochile.com\/web\/wp-json\/wp\/v2\/types\/product"}],"replies":[{"embeddable":true,"href":"https:\/\/aukinkochile.com\/web\/wp-json\/wp\/v2\/comments?post=593427"}],"wp:featuredmedia":[{"embeddable":true,"href":"https:\/\/aukinkochile.com\/web\/wp-json\/wp\/v2\/media\/627200"}],"wp:attachment":[{"href":"https:\/\/aukinkochile.com\/web\/wp-json\/wp\/v2\/media?parent=593427"}],"wp:term":[{"taxonomy":"product_brand","embeddable":true,"href":"https:\/\/aukinkochile.com\/web\/wp-json\/wp\/v2\/product_brand?post=593427"},{"taxonomy":"product_cat","embeddable":true,"href":"https:\/\/aukinkochile.com\/web\/wp-json\/wp\/v2\/product_cat?post=593427"},{"taxonomy":"product_tag","embeddable":true,"href":"https:\/\/aukinkochile.com\/web\/wp-json\/wp\/v2\/product_tag?post=593427"}],"curies":[{"name":"wp","href":"https:\/\/api.w.org\/{rel}","templated":true}]}}