{"id":593423,"date":"2022-08-16T16:41:11","date_gmt":"2022-08-16T16:41:11","guid":{"rendered":"https:\/\/aukinkochile.com\/web\/producto\/juego-de-mesa-tabernas-en-valle-profundo-2\/"},"modified":"2024-08-06T19:38:27","modified_gmt":"2024-08-06T19:38:27","slug":"juego-de-mesa-tabernas-en-valle-profundo-2","status":"publish","type":"product","link":"https:\/\/aukinkochile.com\/web\/producto\/juego-de-mesa-tabernas-en-valle-profundo-2\/","title":{"rendered":"Juego de Mesa Tabernas en Valle Profundo, Alem\u00e1n."},"content":{"rendered":"<p>En este divertido juego el desaf\u00edo ser\u00e1 elegir h\u00e1bilmente los dados para llevar adelante la taberna de la forma m\u00e1s inteligente. El juego est\u00e1 estructurado con 5 m\u00f3dulos para que cada jugador pueda establecer el nivel de dificultad deseado por s\u00ed mismo. Para jugar de 2 a 4 jugadores. Edad recomendada a partir de 10 a\u00f1os.<\/p>\n<p><p><strong>Material : <\/strong> Cart\u00f3n y Pl\u00e1stico<\/p>\n<p><strong>C\u00f3digo Aukinko : <\/strong> 13-249351<\/p>\n<p><strong>C\u00f3digo Convenio Marco : <\/strong> x<\/p>\n","protected":false},"excerpt":{"rendered":"<p>En este divertido juego el desaf\u00edo ser\u00e1 elegir h\u00e1bilmente los dados para llevar adelante la taberna de la forma m\u00e1s inteligente. El juego est\u00e1 estructurado con 5 m\u00f3dulos para que cada jugador pueda establecer el nivel de dificultad deseado por s\u00ed mismo. Para jugar de 2 a 4 jugadores. Edad recomendada a partir de 10 [&hellip;]<\/p>\n","protected":false},"featured_media":627194,"comment_status":"open","ping_status":"closed","template":"","meta":{"_et_pb_use_builder":"","_et_pb_old_content":"","_et_gb_content_width":""},"product_brand":[],"product_cat":[149],"product_tag":[],"class_list":{"0":"post-593423","1":"product","2":"type-product","3":"status-publish","4":"has-post-thumbnail","6":"product_cat-juegos-de-mesa","7":"pa_edad-10-anos","8":"pa_edad-8-a-10-anos","9":"pa_marca-schmidt","10":"pa_medidas-4569","11":"pa_medidas-5-x-29","12":"pa_medidas-5-x-7-cm","14":"first","15":"instock","16":"shipping-taxable","17":"purchasable","18":"product-type-simple"},"aioseo_notices":[],"_links":{"self":[{"href":"https:\/\/aukinkochile.com\/web\/wp-json\/wp\/v2\/product\/593423","targetHints":{"allow":["GET"]}}],"collection":[{"href":"https:\/\/aukinkochile.com\/web\/wp-json\/wp\/v2\/product"}],"about":[{"href":"https:\/\/aukinkochile.com\/web\/wp-json\/wp\/v2\/types\/product"}],"replies":[{"embeddable":true,"href":"https:\/\/aukinkochile.com\/web\/wp-json\/wp\/v2\/comments?post=593423"}],"wp:featuredmedia":[{"embeddable":true,"href":"https:\/\/aukinkochile.com\/web\/wp-json\/wp\/v2\/media\/627194"}],"wp:attachment":[{"href":"https:\/\/aukinkochile.com\/web\/wp-json\/wp\/v2\/media?parent=593423"}],"wp:term":[{"taxonomy":"product_brand","embeddable":true,"href":"https:\/\/aukinkochile.com\/web\/wp-json\/wp\/v2\/product_brand?post=593423"},{"taxonomy":"product_cat","embeddable":true,"href":"https:\/\/aukinkochile.com\/web\/wp-json\/wp\/v2\/product_cat?post=593423"},{"taxonomy":"product_tag","embeddable":true,"href":"https:\/\/aukinkochile.com\/web\/wp-json\/wp\/v2\/product_tag?post=593423"}],"curies":[{"name":"wp","href":"https:\/\/api.w.org\/{rel}","templated":true}]}}