{"id":593421,"date":"2022-08-16T16:41:09","date_gmt":"2022-08-16T16:41:09","guid":{"rendered":"https:\/\/aukinkochile.com\/web\/producto\/juego-de-mesa-los-charlatanes-de-quedlinburg\/"},"modified":"2024-08-06T19:38:23","modified_gmt":"2024-08-06T19:38:23","slug":"juego-de-mesa-los-charlatanes-de-quedlinburg","status":"publish","type":"product","link":"https:\/\/aukinkochile.com\/web\/producto\/juego-de-mesa-los-charlatanes-de-quedlinburg\/","title":{"rendered":"Juego de Mesa Los Charlatanes de Quedlinburg"},"content":{"rendered":"<p>Divertido juego de estrategia en el que no podr\u00e1s distraerte ni un segundo. Para jugar de 2 a 4 jugadores, recomendado a partir de los 10 a\u00f1os de edad.<\/p>\n<p><p><strong>Material : <\/strong> Cart\u00f3n Grueso<\/p>\n<p><strong>C\u00f3digo Aukinko : <\/strong> 13-249341<\/p>\n<p><strong>C\u00f3digo Convenio Marco : <\/strong> x<\/p>\n","protected":false},"excerpt":{"rendered":"<p>Divertido juego de estrategia en el que no podr\u00e1s distraerte ni un segundo. Para jugar de 2 a 4 jugadores, recomendado a partir de los 10 a\u00f1os de edad. Material : Cart\u00f3n Grueso C\u00f3digo Aukinko : 13-249341 C\u00f3digo Convenio Marco : x<\/p>\n","protected":false},"featured_media":627190,"comment_status":"open","ping_status":"closed","template":"","meta":{"_et_pb_use_builder":"","_et_pb_old_content":"","_et_gb_content_width":""},"product_brand":[],"product_cat":[150,149],"product_tag":[],"class_list":{"0":"post-593421","1":"product","2":"type-product","3":"status-publish","4":"has-post-thumbnail","6":"product_cat-asociacion-y-logica","7":"product_cat-juegos-de-mesa","8":"pa_edad-10-anos","9":"pa_marca-schmidt","10":"pa_medidas-4569","11":"pa_medidas-3-cm","12":"pa_medidas-5-x-29","13":"pa_medidas-5-x-7","15":"first","16":"instock","17":"shipping-taxable","18":"purchasable","19":"product-type-simple"},"aioseo_notices":[],"_links":{"self":[{"href":"https:\/\/aukinkochile.com\/web\/wp-json\/wp\/v2\/product\/593421","targetHints":{"allow":["GET"]}}],"collection":[{"href":"https:\/\/aukinkochile.com\/web\/wp-json\/wp\/v2\/product"}],"about":[{"href":"https:\/\/aukinkochile.com\/web\/wp-json\/wp\/v2\/types\/product"}],"replies":[{"embeddable":true,"href":"https:\/\/aukinkochile.com\/web\/wp-json\/wp\/v2\/comments?post=593421"}],"wp:featuredmedia":[{"embeddable":true,"href":"https:\/\/aukinkochile.com\/web\/wp-json\/wp\/v2\/media\/627190"}],"wp:attachment":[{"href":"https:\/\/aukinkochile.com\/web\/wp-json\/wp\/v2\/media?parent=593421"}],"wp:term":[{"taxonomy":"product_brand","embeddable":true,"href":"https:\/\/aukinkochile.com\/web\/wp-json\/wp\/v2\/product_brand?post=593421"},{"taxonomy":"product_cat","embeddable":true,"href":"https:\/\/aukinkochile.com\/web\/wp-json\/wp\/v2\/product_cat?post=593421"},{"taxonomy":"product_tag","embeddable":true,"href":"https:\/\/aukinkochile.com\/web\/wp-json\/wp\/v2\/product_tag?post=593421"}],"curies":[{"name":"wp","href":"https:\/\/api.w.org\/{rel}","templated":true}]}}