{"id":593413,"date":"2022-08-16T16:41:05","date_gmt":"2022-08-16T16:41:05","guid":{"rendered":"https:\/\/aukinkochile.com\/web\/producto\/juego-de-mesa-domino\/"},"modified":"2024-08-06T19:38:19","modified_gmt":"2024-08-06T19:38:19","slug":"juego-de-mesa-domino","status":"publish","type":"product","link":"https:\/\/aukinkochile.com\/web\/producto\/juego-de-mesa-domino\/","title":{"rendered":"Juego de Mesa Domino"},"content":{"rendered":"<p>Un juego cl\u00e1sico con ra\u00edces chinas y origen mon\u00e1stico, proporcionar\u00e1 en esta variante de alta calidad con 55 domin\u00f3s de gran formato y 24 variantes de reglas del juego, el m\u00e1s alto placer de juego. Entretenido y divertido para aprender a contar jugando. Para jugar entre 1 a 11 jugadores.<\/p>\n<p><p><strong>Material : <\/strong> Pl\u00e1stico<\/p>\n<p><strong>C\u00f3digo Aukinko : <\/strong> 13-249207<\/p>\n<p><strong>C\u00f3digo Convenio Marco : <\/strong> x<\/p>\n","protected":false},"excerpt":{"rendered":"<p>Un juego cl\u00e1sico con ra\u00edces chinas y origen mon\u00e1stico, proporcionar\u00e1 en esta variante de alta calidad con 55 domin\u00f3s de gran formato y 24 variantes de reglas del juego, el m\u00e1s alto placer de juego. Entretenido y divertido para aprender a contar jugando. Para jugar entre 1 a 11 jugadores. Material : Pl\u00e1stico C\u00f3digo Aukinko [&hellip;]<\/p>\n","protected":false},"featured_media":627183,"comment_status":"open","ping_status":"closed","template":"","meta":{"_et_pb_use_builder":"","_et_pb_old_content":"","_et_gb_content_width":""},"product_brand":[],"product_cat":[149],"product_tag":[],"class_list":{"0":"post-593413","1":"product","2":"type-product","3":"status-publish","4":"has-post-thumbnail","6":"product_cat-juegos-de-mesa","7":"pa_edad-10-anos","8":"pa_edad-6-a-8-anos","9":"pa_edad-8-a-10-anos","10":"pa_marca-schmidt","11":"pa_medidas-5-x-6","12":"pa_medidas-7-cm","13":"pa_medidas-caja-19-x-27","15":"first","16":"instock","17":"shipping-taxable","18":"purchasable","19":"product-type-simple"},"aioseo_notices":[],"_links":{"self":[{"href":"https:\/\/aukinkochile.com\/web\/wp-json\/wp\/v2\/product\/593413","targetHints":{"allow":["GET"]}}],"collection":[{"href":"https:\/\/aukinkochile.com\/web\/wp-json\/wp\/v2\/product"}],"about":[{"href":"https:\/\/aukinkochile.com\/web\/wp-json\/wp\/v2\/types\/product"}],"replies":[{"embeddable":true,"href":"https:\/\/aukinkochile.com\/web\/wp-json\/wp\/v2\/comments?post=593413"}],"wp:featuredmedia":[{"embeddable":true,"href":"https:\/\/aukinkochile.com\/web\/wp-json\/wp\/v2\/media\/627183"}],"wp:attachment":[{"href":"https:\/\/aukinkochile.com\/web\/wp-json\/wp\/v2\/media?parent=593413"}],"wp:term":[{"taxonomy":"product_brand","embeddable":true,"href":"https:\/\/aukinkochile.com\/web\/wp-json\/wp\/v2\/product_brand?post=593413"},{"taxonomy":"product_cat","embeddable":true,"href":"https:\/\/aukinkochile.com\/web\/wp-json\/wp\/v2\/product_cat?post=593413"},{"taxonomy":"product_tag","embeddable":true,"href":"https:\/\/aukinkochile.com\/web\/wp-json\/wp\/v2\/product_tag?post=593413"}],"curies":[{"name":"wp","href":"https:\/\/api.w.org\/{rel}","templated":true}]}}