{"id":593411,"date":"2022-08-16T16:41:04","date_gmt":"2022-08-16T16:41:04","guid":{"rendered":"https:\/\/aukinkochile.com\/web\/producto\/juego-de-mesa-8-juegos-magneticos-de-viaje\/"},"modified":"2024-08-06T19:38:17","modified_gmt":"2024-08-06T19:38:17","slug":"juego-de-mesa-8-juegos-magneticos-de-viaje","status":"publish","type":"product","link":"https:\/\/aukinkochile.com\/web\/producto\/juego-de-mesa-8-juegos-magneticos-de-viaje\/","title":{"rendered":"Juego de Mesa 8 Juegos Magn\u00e9ticos de Viaje"},"content":{"rendered":"<p>Divertida colecci\u00f3n de juegos magn\u00e9ticos con tableros de juego intercambiables para llevar a todas partes. Incluye ocho divertidos juegos: molino, damas, ajedrez, Halma, juego de ganso, solitario, cinco en raya o el popular \u00abMensch \u00e4rgere Dich nicht\u00ae\u00bb. El tablero de juego plegable ofrece espacio para el material de juego y mantiene todo junto. Recomendados a partir de 6 a\u00f1os, para jugar de 1 a 4 jugadores.<\/p>\n<p><p><strong>Material : <\/strong> Cart\u00f3n Grueso<\/p>\n<p><strong>C\u00f3digo Aukinko : <\/strong> 13-249102<\/p>\n<p><strong>C\u00f3digo Convenio Marco : <\/strong> x<\/p>\n","protected":false},"excerpt":{"rendered":"<p>Divertida colecci\u00f3n de juegos magn\u00e9ticos con tableros de juego intercambiables para llevar a todas partes. Incluye ocho divertidos juegos: molino, damas, ajedrez, Halma, juego de ganso, solitario, cinco en raya o el popular \u00abMensch \u00e4rgere Dich nicht\u00ae\u00bb. El tablero de juego plegable ofrece espacio para el material de juego y mantiene todo junto. Recomendados a [&hellip;]<\/p>\n","protected":false},"featured_media":627181,"comment_status":"open","ping_status":"closed","template":"","meta":{"_et_pb_use_builder":"","_et_pb_old_content":"","_et_gb_content_width":""},"product_brand":[],"product_cat":[149],"product_tag":[],"class_list":{"0":"post-593411","1":"product","2":"type-product","3":"status-publish","4":"has-post-thumbnail","6":"product_cat-juegos-de-mesa","7":"pa_edad-10-anos","8":"pa_edad-6-a-8-anos","9":"pa_edad-8-a-10-anos","10":"pa_marca-schmidt","11":"pa_medidas-4478","12":"pa_medidas-5-x-18","13":"pa_medidas-5-x-7-cm","15":"first","16":"instock","17":"shipping-taxable","18":"purchasable","19":"product-type-simple"},"aioseo_notices":[],"_links":{"self":[{"href":"https:\/\/aukinkochile.com\/web\/wp-json\/wp\/v2\/product\/593411","targetHints":{"allow":["GET"]}}],"collection":[{"href":"https:\/\/aukinkochile.com\/web\/wp-json\/wp\/v2\/product"}],"about":[{"href":"https:\/\/aukinkochile.com\/web\/wp-json\/wp\/v2\/types\/product"}],"replies":[{"embeddable":true,"href":"https:\/\/aukinkochile.com\/web\/wp-json\/wp\/v2\/comments?post=593411"}],"wp:featuredmedia":[{"embeddable":true,"href":"https:\/\/aukinkochile.com\/web\/wp-json\/wp\/v2\/media\/627181"}],"wp:attachment":[{"href":"https:\/\/aukinkochile.com\/web\/wp-json\/wp\/v2\/media?parent=593411"}],"wp:term":[{"taxonomy":"product_brand","embeddable":true,"href":"https:\/\/aukinkochile.com\/web\/wp-json\/wp\/v2\/product_brand?post=593411"},{"taxonomy":"product_cat","embeddable":true,"href":"https:\/\/aukinkochile.com\/web\/wp-json\/wp\/v2\/product_cat?post=593411"},{"taxonomy":"product_tag","embeddable":true,"href":"https:\/\/aukinkochile.com\/web\/wp-json\/wp\/v2\/product_tag?post=593411"}],"curies":[{"name":"wp","href":"https:\/\/api.w.org\/{rel}","templated":true}]}}