{"id":593403,"date":"2022-08-16T16:40:58","date_gmt":"2022-08-16T16:40:58","guid":{"rendered":"https:\/\/aukinkochile.com\/web\/producto\/juego-de-mesa-dodelido-extreme\/"},"modified":"2024-08-06T19:38:09","modified_gmt":"2024-08-06T19:38:09","slug":"juego-de-mesa-dodelido-extreme","status":"publish","type":"product","link":"https:\/\/aukinkochile.com\/web\/producto\/juego-de-mesa-dodelido-extreme\/","title":{"rendered":"Juego de Mesa Dodelido Extreme"},"content":{"rendered":"<p>\u00a1Dodelido est\u00e1 de vuelta y m\u00e1s loco que nunca! \u00a1Adem\u00e1s del confundido &#8216;dodelido&#8217;, ahora tambi\u00e9n tienes que gritar &#8216;dodo&#8217; y &#8216;didelidi&#8217;! En esta nueva versi\u00f3n extrema, nuevamente, el jugador que reaccione m\u00e1s r\u00e1pido y pronuncie las palabras correctas ser\u00e1 el primero en deshacerse de todas sus cartas.<\/p>\n<p><p><strong>Material : <\/strong> Cart\u00f3n Grueso<\/p>\n<p><strong>C\u00f3digo Aukinko : <\/strong> 13-240889<\/p>\n<p><strong>C\u00f3digo Convenio Marco : <\/strong> x<\/p>\n","protected":false},"excerpt":{"rendered":"<p>\u00a1Dodelido est\u00e1 de vuelta y m\u00e1s loco que nunca! \u00a1Adem\u00e1s del confundido &#8216;dodelido&#8217;, ahora tambi\u00e9n tienes que gritar &#8216;dodo&#8217; y &#8216;didelidi&#8217;! En esta nueva versi\u00f3n extrema, nuevamente, el jugador que reaccione m\u00e1s r\u00e1pido y pronuncie las palabras correctas ser\u00e1 el primero en deshacerse de todas sus cartas. Material : Cart\u00f3n Grueso C\u00f3digo Aukinko : 13-240889 [&hellip;]<\/p>\n","protected":false},"featured_media":627173,"comment_status":"open","ping_status":"closed","template":"","meta":{"_et_pb_use_builder":"","_et_pb_old_content":"","_et_gb_content_width":""},"product_brand":[],"product_cat":[149],"product_tag":[],"class_list":{"0":"post-593403","1":"product","2":"type-product","3":"status-publish","4":"has-post-thumbnail","6":"product_cat-juegos-de-mesa","7":"pa_edad-10-anos","8":"pa_edad-8-a-10-anos","9":"pa_marca-schmidt","10":"pa_medidas-11-x-11-x-3","11":"pa_medidas-5-cm","13":"first","14":"instock","15":"shipping-taxable","16":"purchasable","17":"product-type-simple"},"aioseo_notices":[],"_links":{"self":[{"href":"https:\/\/aukinkochile.com\/web\/wp-json\/wp\/v2\/product\/593403","targetHints":{"allow":["GET"]}}],"collection":[{"href":"https:\/\/aukinkochile.com\/web\/wp-json\/wp\/v2\/product"}],"about":[{"href":"https:\/\/aukinkochile.com\/web\/wp-json\/wp\/v2\/types\/product"}],"replies":[{"embeddable":true,"href":"https:\/\/aukinkochile.com\/web\/wp-json\/wp\/v2\/comments?post=593403"}],"wp:featuredmedia":[{"embeddable":true,"href":"https:\/\/aukinkochile.com\/web\/wp-json\/wp\/v2\/media\/627173"}],"wp:attachment":[{"href":"https:\/\/aukinkochile.com\/web\/wp-json\/wp\/v2\/media?parent=593403"}],"wp:term":[{"taxonomy":"product_brand","embeddable":true,"href":"https:\/\/aukinkochile.com\/web\/wp-json\/wp\/v2\/product_brand?post=593403"},{"taxonomy":"product_cat","embeddable":true,"href":"https:\/\/aukinkochile.com\/web\/wp-json\/wp\/v2\/product_cat?post=593403"},{"taxonomy":"product_tag","embeddable":true,"href":"https:\/\/aukinkochile.com\/web\/wp-json\/wp\/v2\/product_tag?post=593403"}],"curies":[{"name":"wp","href":"https:\/\/api.w.org\/{rel}","templated":true}]}}