{"id":593401,"date":"2022-08-16T16:40:56","date_gmt":"2022-08-16T16:40:56","guid":{"rendered":"https:\/\/aukinkochile.com\/web\/producto\/juego-de-mesa-bosque-de-luces\/"},"modified":"2024-08-06T19:38:08","modified_gmt":"2024-08-06T19:38:08","slug":"juego-de-mesa-bosque-de-luces","status":"publish","type":"product","link":"https:\/\/aukinkochile.com\/web\/producto\/juego-de-mesa-bosque-de-luces\/","title":{"rendered":"Juego de Mesa Bosque de Luces"},"content":{"rendered":"<p>La oscuridad ha ca\u00eddo sobre el Bosque de las Luces porque el malvado Griswald ha robado el tesoro de los enanos, que es muy especial porque solo este tesoro puede traer luz al bosque. En su escape, Griswald escondi\u00f3 los tesoros en el bosque y los puso bajo un hechizo de niebla: solo cuando los tesoros se devuelvan en el orden correcto, el hechizo se romper\u00e1 y la luz regresar\u00e1. Ethelred el S\u00e9ptimo, rey de los enanos, te ha enviado a buscar los tesoros para llev\u00e1rselos al rey porque tus luces m\u00e1gicas hacen visibles los tesoros. El rey estar\u00e1 muy agradecido.<\/p>\n<p><p><strong>Material : <\/strong> Cart\u00f3n Grueso<\/p>\n<p><strong>C\u00f3digo Aukinko : <\/strong> 13-240888<\/p>\n<p><strong>C\u00f3digo Convenio Marco : <\/strong> x<\/p>\n","protected":false},"excerpt":{"rendered":"<p>La oscuridad ha ca\u00eddo sobre el Bosque de las Luces porque el malvado Griswald ha robado el tesoro de los enanos, que es muy especial porque solo este tesoro puede traer luz al bosque. En su escape, Griswald escondi\u00f3 los tesoros en el bosque y los puso bajo un hechizo de niebla: solo cuando los [&hellip;]<\/p>\n","protected":false},"featured_media":627172,"comment_status":"open","ping_status":"closed","template":"","meta":{"_et_pb_use_builder":"","_et_pb_old_content":"","_et_gb_content_width":""},"product_brand":[],"product_cat":[149],"product_tag":[],"class_list":{"0":"post-593401","1":"product","2":"type-product","3":"status-publish","4":"has-post-thumbnail","6":"product_cat-juegos-de-mesa","7":"pa_edad-5-a-6-anos","8":"pa_edad-6-a-8-anos","9":"pa_edad-8-a-10-anos","10":"pa_marca-schmidt","11":"pa_medidas-4569","12":"pa_medidas-5-x-29","13":"pa_medidas-5-x-7-cm","15":"first","16":"instock","17":"shipping-taxable","18":"purchasable","19":"product-type-simple"},"aioseo_notices":[],"_links":{"self":[{"href":"https:\/\/aukinkochile.com\/web\/wp-json\/wp\/v2\/product\/593401","targetHints":{"allow":["GET"]}}],"collection":[{"href":"https:\/\/aukinkochile.com\/web\/wp-json\/wp\/v2\/product"}],"about":[{"href":"https:\/\/aukinkochile.com\/web\/wp-json\/wp\/v2\/types\/product"}],"replies":[{"embeddable":true,"href":"https:\/\/aukinkochile.com\/web\/wp-json\/wp\/v2\/comments?post=593401"}],"wp:featuredmedia":[{"embeddable":true,"href":"https:\/\/aukinkochile.com\/web\/wp-json\/wp\/v2\/media\/627172"}],"wp:attachment":[{"href":"https:\/\/aukinkochile.com\/web\/wp-json\/wp\/v2\/media?parent=593401"}],"wp:term":[{"taxonomy":"product_brand","embeddable":true,"href":"https:\/\/aukinkochile.com\/web\/wp-json\/wp\/v2\/product_brand?post=593401"},{"taxonomy":"product_cat","embeddable":true,"href":"https:\/\/aukinkochile.com\/web\/wp-json\/wp\/v2\/product_cat?post=593401"},{"taxonomy":"product_tag","embeddable":true,"href":"https:\/\/aukinkochile.com\/web\/wp-json\/wp\/v2\/product_tag?post=593401"}],"curies":[{"name":"wp","href":"https:\/\/api.w.org\/{rel}","templated":true}]}}