{"id":593396,"date":"2022-08-16T16:40:51","date_gmt":"2022-08-16T16:40:51","guid":{"rendered":"https:\/\/aukinkochile.com\/web\/producto\/juego-de-mesa-capitan-kuller\/"},"modified":"2024-08-06T19:38:00","modified_gmt":"2024-08-06T19:38:00","slug":"juego-de-mesa-capitan-kuller","status":"publish","type":"product","link":"https:\/\/aukinkochile.com\/web\/producto\/juego-de-mesa-capitan-kuller\/","title":{"rendered":"Juego de Mesa Capit\u00e1n Kuller"},"content":{"rendered":"<p>Divertido juego de habilidad para pasar horas de diversi\u00f3n. La pandilla pirata ha hecho un gran bot\u00edn. Para repartir los tesoros, juegan al m\u00edtico juego de bolos pirata. En \u00abK\u00e4pt&#8217;n Kuller\u00bb, \u00bfqui\u00e9n se las arregla para dejar que la bola ruede de manera espec\u00edfica, acertar en los diamantes requeridos y finalmente hacerse con la mayor cantidad de monedas de oro? Recomendado a partir de 5 a\u00f1os, para jugar de 2 a 4 jugadores.<\/p>\n<p><p><strong>Material : <\/strong> Cart\u00f3n Grueso<\/p>\n<p><strong>C\u00f3digo Aukinko : <\/strong> 13-240611<\/p>\n<p><strong>C\u00f3digo Convenio Marco : <\/strong> x<\/p>\n","protected":false},"excerpt":{"rendered":"<p>Divertido juego de habilidad para pasar horas de diversi\u00f3n. La pandilla pirata ha hecho un gran bot\u00edn. Para repartir los tesoros, juegan al m\u00edtico juego de bolos pirata. En \u00abK\u00e4pt&#8217;n Kuller\u00bb, \u00bfqui\u00e9n se las arregla para dejar que la bola ruede de manera espec\u00edfica, acertar en los diamantes requeridos y finalmente hacerse con la mayor [&hellip;]<\/p>\n","protected":false},"featured_media":627162,"comment_status":"open","ping_status":"closed","template":"","meta":{"_et_pb_use_builder":"","_et_pb_old_content":"","_et_gb_content_width":""},"product_brand":[],"product_cat":[149],"product_tag":[],"class_list":{"0":"post-593396","1":"product","2":"type-product","3":"status-publish","4":"has-post-thumbnail","6":"product_cat-juegos-de-mesa","7":"pa_edad-10-anos","8":"pa_edad-5-a-6-anos","9":"pa_edad-6-a-8-anos","10":"pa_edad-8-a-10-anos","11":"pa_marca-schmidt","12":"pa_medidas-4569","13":"pa_medidas-5-x-29","14":"pa_medidas-5-x-7-cm","16":"first","17":"instock","18":"shipping-taxable","19":"purchasable","20":"product-type-simple"},"aioseo_notices":[],"_links":{"self":[{"href":"https:\/\/aukinkochile.com\/web\/wp-json\/wp\/v2\/product\/593396","targetHints":{"allow":["GET"]}}],"collection":[{"href":"https:\/\/aukinkochile.com\/web\/wp-json\/wp\/v2\/product"}],"about":[{"href":"https:\/\/aukinkochile.com\/web\/wp-json\/wp\/v2\/types\/product"}],"replies":[{"embeddable":true,"href":"https:\/\/aukinkochile.com\/web\/wp-json\/wp\/v2\/comments?post=593396"}],"wp:featuredmedia":[{"embeddable":true,"href":"https:\/\/aukinkochile.com\/web\/wp-json\/wp\/v2\/media\/627162"}],"wp:attachment":[{"href":"https:\/\/aukinkochile.com\/web\/wp-json\/wp\/v2\/media?parent=593396"}],"wp:term":[{"taxonomy":"product_brand","embeddable":true,"href":"https:\/\/aukinkochile.com\/web\/wp-json\/wp\/v2\/product_brand?post=593396"},{"taxonomy":"product_cat","embeddable":true,"href":"https:\/\/aukinkochile.com\/web\/wp-json\/wp\/v2\/product_cat?post=593396"},{"taxonomy":"product_tag","embeddable":true,"href":"https:\/\/aukinkochile.com\/web\/wp-json\/wp\/v2\/product_tag?post=593396"}],"curies":[{"name":"wp","href":"https:\/\/api.w.org\/{rel}","templated":true}]}}