{"id":593392,"date":"2022-08-16T16:40:50","date_gmt":"2022-08-16T16:40:50","guid":{"rendered":"https:\/\/aukinkochile.com\/web\/producto\/juego-de-mesa-mis-6-primeros-juegos-maleta-metal\/"},"modified":"2024-08-06T19:37:58","modified_gmt":"2024-08-06T19:37:58","slug":"juego-de-mesa-mis-6-primeros-juegos-maleta-metal","status":"publish","type":"product","link":"https:\/\/aukinkochile.com\/web\/producto\/juego-de-mesa-mis-6-primeros-juegos-maleta-metal\/","title":{"rendered":"Juego de Mesa Mis 6 Primeros Juegos"},"content":{"rendered":"<p>Esta hermosa maleta de metal contiene una divertida colecci\u00f3n de juegos con los que hasta los m\u00e1s peque\u00f1os se divertir\u00e1n mucho. Incluye 6 dados de colores diferentes y variados juegos de habilidad en una versi\u00f3n de color adecuada para ni\u00f1os. Es de material resistente, recomendado a partir de 3 a\u00f1os y puede ser jugado por 2 a 6 jugadores.<\/p>\n<p><p><strong>Material : <\/strong> Metal y Cart\u00f3n<\/p>\n<p><strong>C\u00f3digo Aukinko : <\/strong> 13-240591<\/p>\n<p><strong>C\u00f3digo Convenio Marco : <\/strong> x<\/p>\n","protected":false},"excerpt":{"rendered":"<p>Esta hermosa maleta de metal contiene una divertida colecci\u00f3n de juegos con los que hasta los m\u00e1s peque\u00f1os se divertir\u00e1n mucho. Incluye 6 dados de colores diferentes y variados juegos de habilidad en una versi\u00f3n de color adecuada para ni\u00f1os. Es de material resistente, recomendado a partir de 3 a\u00f1os y puede ser jugado por [&hellip;]<\/p>\n","protected":false},"featured_media":627160,"comment_status":"open","ping_status":"closed","template":"","meta":{"_et_pb_use_builder":"","_et_pb_old_content":"","_et_gb_content_width":""},"product_brand":[],"product_cat":[149],"product_tag":[],"class_list":{"0":"post-593392","1":"product","2":"type-product","3":"status-publish","4":"has-post-thumbnail","6":"product_cat-juegos-de-mesa","7":"pa_edad-10-anos","8":"pa_edad-3-a-4-anos","9":"pa_edad-4-a-5-anos","10":"pa_edad-5-a-6-anos","11":"pa_edad-6-a-8-anos","12":"pa_edad-8-a-10-anos","13":"pa_marca-schmidt","14":"pa_medidas-28-x-21-x-6","15":"pa_medidas-3-cm","17":"first","18":"instock","19":"shipping-taxable","20":"purchasable","21":"product-type-simple"},"aioseo_notices":[],"_links":{"self":[{"href":"https:\/\/aukinkochile.com\/web\/wp-json\/wp\/v2\/product\/593392","targetHints":{"allow":["GET"]}}],"collection":[{"href":"https:\/\/aukinkochile.com\/web\/wp-json\/wp\/v2\/product"}],"about":[{"href":"https:\/\/aukinkochile.com\/web\/wp-json\/wp\/v2\/types\/product"}],"replies":[{"embeddable":true,"href":"https:\/\/aukinkochile.com\/web\/wp-json\/wp\/v2\/comments?post=593392"}],"wp:featuredmedia":[{"embeddable":true,"href":"https:\/\/aukinkochile.com\/web\/wp-json\/wp\/v2\/media\/627160"}],"wp:attachment":[{"href":"https:\/\/aukinkochile.com\/web\/wp-json\/wp\/v2\/media?parent=593392"}],"wp:term":[{"taxonomy":"product_brand","embeddable":true,"href":"https:\/\/aukinkochile.com\/web\/wp-json\/wp\/v2\/product_brand?post=593392"},{"taxonomy":"product_cat","embeddable":true,"href":"https:\/\/aukinkochile.com\/web\/wp-json\/wp\/v2\/product_cat?post=593392"},{"taxonomy":"product_tag","embeddable":true,"href":"https:\/\/aukinkochile.com\/web\/wp-json\/wp\/v2\/product_tag?post=593392"}],"curies":[{"name":"wp","href":"https:\/\/api.w.org\/{rel}","templated":true}]}}